{"id":1236,"date":"2023-02-24T11:23:59","date_gmt":"2023-02-24T10:23:59","guid":{"rendered":"https:\/\/www.street-moto-piece.fr\/blog\/?page_id=1236"},"modified":"2023-03-13T15:54:23","modified_gmt":"2023-03-13T14:54:23","slug":"kawasaki","status":"publish","type":"page","link":"https:\/\/www.street-moto-piece.fr\/blog\/fiche-entretien-moto\/kawasaki\/","title":{"rendered":"Fiche d&#8217;entretien moto Kawasaki"},"content":{"rendered":"\t\t<div data-elementor-type=\"wp-page\" data-elementor-id=\"1236\" class=\"elementor elementor-1236\" data-elementor-post-type=\"page\">\n\t\t\t\t\t\t<section class=\"elementor-section elementor-top-section elementor-element elementor-element-520df0f elementor-section-boxed elementor-section-height-default elementor-section-height-default\" data-id=\"520df0f\" data-element_type=\"section\" data-e-type=\"section\">\n\t\t\t\t\t\t<div class=\"elementor-container elementor-column-gap-default\">\n\t\t\t\t\t<div class=\"elementor-column elementor-col-100 elementor-top-column elementor-element elementor-element-9d9365f\" data-id=\"9d9365f\" data-element_type=\"column\" data-e-type=\"column\">\n\t\t\t<div class=\"elementor-widget-wrap elementor-element-populated\">\n\t\t\t\t\t\t<div class=\"elementor-element elementor-element-20e02e9 elementor-headline--style-highlight elementor-widget elementor-widget-animated-headline\" data-id=\"20e02e9\" data-element_type=\"widget\" data-e-type=\"widget\" data-settings=\"{&quot;highlighted_text&quot;:&quot;Kawasaki&quot;,&quot;marker&quot;:&quot;underline_zigzag&quot;,&quot;headline_style&quot;:&quot;highlight&quot;,&quot;loop&quot;:&quot;yes&quot;,&quot;highlight_animation_duration&quot;:1200,&quot;highlight_iteration_delay&quot;:8000}\" data-widget_type=\"animated-headline.default\">\n\t\t\t\t<div class=\"elementor-widget-container\">\n\t\t\t\t\t\t\t<h1 class=\"elementor-headline\">\n\t\t\t\t\t<span class=\"elementor-headline-plain-text elementor-headline-text-wrapper\">Fiche d'entretien moto<\/span>\n\t\t\t\t<span class=\"elementor-headline-dynamic-wrapper elementor-headline-text-wrapper\">\n\t\t\t\t\t<span class=\"elementor-headline-dynamic-text elementor-headline-text-active\">Kawasaki<\/span>\n\t\t\t\t<\/span>\n\t\t\t\t<\/h1>\n\t\t\t\t\t\t<\/div>\n\t\t\t\t<\/div>\n\t\t\t\t\t<\/div>\n\t\t<\/div>\n\t\t\t\t\t<\/div>\n\t\t<\/section>\n\t\t\t\t<section class=\"elementor-section elementor-top-section elementor-element elementor-element-2a559d3 elementor-section-boxed elementor-section-height-default elementor-section-height-default\" data-id=\"2a559d3\" data-element_type=\"section\" data-e-type=\"section\">\n\t\t\t\t\t\t<div class=\"elementor-container elementor-column-gap-default\">\n\t\t\t\t\t<div class=\"elementor-column elementor-col-100 elementor-top-column elementor-element elementor-element-3744540\" data-id=\"3744540\" data-element_type=\"column\" data-e-type=\"column\">\n\t\t\t<div class=\"elementor-widget-wrap elementor-element-populated\">\n\t\t\t\t\t\t<div class=\"elementor-element elementor-element-490b6f1 elementor-widget elementor-widget-text-editor\" data-id=\"490b6f1\" data-element_type=\"widget\" data-e-type=\"widget\" data-widget_type=\"text-editor.default\">\n\t\t\t\t<div class=\"elementor-widget-container\">\n\t\t\t\t\t\t\t\t\t<p>A quelle fr\u00e9quence faudrait-il vidanger le moteur ou le circuit de refroidissement? Quelles pi\u00e8ces sont compatibles avec votre mod\u00e8le de moto Kawasaki? Autant de questions auxquelles notre guide d\u00e9di\u00e9 aux motos Kawasaki saura r\u00e9pondre. Des informations adapt\u00e9es \u00e0 la Kawasaki Z800 2014, la Kawasaki ER6 F 2006 et une vaste gamme de mod\u00e8les de cette c\u00e9l\u00e8bre marque japonaise.<\/p>\t\t\t\t\t\t\t\t<\/div>\n\t\t\t\t<\/div>\n\t\t\t\t<div class=\"elementor-element elementor-element-149c900 elementor-widget elementor-widget-heading\" data-id=\"149c900\" data-element_type=\"widget\" data-e-type=\"widget\" data-widget_type=\"heading.default\">\n\t\t\t\t<div class=\"elementor-widget-container\">\n\t\t\t\t\t<h2 class=\"elementor-heading-title elementor-size-default\">Moto Kawasaki :<\/h2>\t\t\t\t<\/div>\n\t\t\t\t<\/div>\n\t\t\t\t\t<\/div>\n\t\t<\/div>\n\t\t\t\t\t<\/div>\n\t\t<\/section>\n\t\t\t\t<section data-wts-url=\"https:\/\/www.street-moto-piece.fr\/blog\/fiche-entretien-moto\/kawasaki\/er6-f-n-2005-2012\/\" data-wts-link=\"yes\" data-wts-new-window=\"\" class=\"elementor-section elementor-top-section elementor-element elementor-element-3cbb02c elementor-section-content-middle ae-link-yes elementor-section-boxed elementor-section-height-default elementor-section-height-default\" data-id=\"3cbb02c\" data-element_type=\"section\" data-e-type=\"section\">\n\t\t\t\t\t\t<div class=\"elementor-container elementor-column-gap-default\">\n\t\t\t\t\t<div class=\"elementor-column elementor-col-100 elementor-top-column elementor-element elementor-element-f3049b0\" data-id=\"f3049b0\" data-element_type=\"column\" data-e-type=\"column\">\n\t\t\t<div class=\"elementor-widget-wrap elementor-element-populated\">\n\t\t\t\t\t\t<div class=\"elementor-element elementor-element-925431e elementor-widget elementor-widget-heading\" data-id=\"925431e\" data-element_type=\"widget\" data-e-type=\"widget\" data-widget_type=\"heading.default\">\n\t\t\t\t<div class=\"elementor-widget-container\">\n\t\t\t\t\t<h3 class=\"elementor-heading-title elementor-size-default\"><a href=\"https:\/\/www.street-moto-piece.fr\/blog\/fiche-entretien-moto\/kawasaki\/er6-f-n-2005-2012\/\"><font color=\"#324a6d\"><span style=\"font-size: 29px;text-transform: capitalize;white-space: normal\">Guide d'entretien Kawasaki ER6 F et N de 2005 \u00e0 2012<\/span><\/font><\/a><\/h3>\t\t\t\t<\/div>\n\t\t\t\t<\/div>\n\t\t\t\t\t<\/div>\n\t\t<\/div>\n\t\t\t\t\t<\/div>\n\t\t<\/section>\n\t\t\t\t<section data-wts-url=\"https:\/\/www.street-moto-piece.fr\/blog\/fiche-entretien-moto\/kawasaki\/er6-n-f-2012-2015\/\" data-wts-link=\"yes\" data-wts-new-window=\"\" class=\"elementor-section elementor-top-section elementor-element elementor-element-2a0f842 elementor-section-content-middle ae-link-yes elementor-section-boxed elementor-section-height-default elementor-section-height-default\" data-id=\"2a0f842\" data-element_type=\"section\" data-e-type=\"section\">\n\t\t\t\t\t\t<div class=\"elementor-container elementor-column-gap-default\">\n\t\t\t\t\t<div class=\"elementor-column elementor-col-100 elementor-top-column elementor-element elementor-element-70cc108\" data-id=\"70cc108\" data-element_type=\"column\" data-e-type=\"column\">\n\t\t\t<div class=\"elementor-widget-wrap elementor-element-populated\">\n\t\t\t\t\t\t<div class=\"elementor-element elementor-element-8f45e1a elementor-widget elementor-widget-heading\" data-id=\"8f45e1a\" data-element_type=\"widget\" data-e-type=\"widget\" data-widget_type=\"heading.default\">\n\t\t\t\t<div class=\"elementor-widget-container\">\n\t\t\t\t\t<h3 class=\"elementor-heading-title elementor-size-default\"><a href=\"https:\/\/www.street-moto-piece.fr\/blog\/fiche-entretien-moto\/kawasaki\/er6-n-f-2012-2015\/\"><font color=\"#324a6d\"><span style=\"font-size: 29px;text-transform: capitalize;white-space: normal\">Guide d'entretien Kawasaki ER6 N et F de 2012 \u00e0 2015<\/span><\/font><\/a><\/h3>\t\t\t\t<\/div>\n\t\t\t\t<\/div>\n\t\t\t\t\t<\/div>\n\t\t<\/div>\n\t\t\t\t\t<\/div>\n\t\t<\/section>\n\t\t\t\t<section data-wts-url=\"https:\/\/www.street-moto-piece.fr\/blog\/fiche-entretien-moto\/kawasaki\/z750-2004-2013\/\" data-wts-link=\"yes\" data-wts-new-window=\"\" class=\"elementor-section elementor-top-section elementor-element elementor-element-48d03ef elementor-section-content-middle ae-link-yes elementor-section-boxed elementor-section-height-default elementor-section-height-default\" data-id=\"48d03ef\" data-element_type=\"section\" data-e-type=\"section\">\n\t\t\t\t\t\t<div class=\"elementor-container elementor-column-gap-default\">\n\t\t\t\t\t<div class=\"elementor-column elementor-col-100 elementor-top-column elementor-element elementor-element-21e5f54\" data-id=\"21e5f54\" data-element_type=\"column\" data-e-type=\"column\">\n\t\t\t<div class=\"elementor-widget-wrap elementor-element-populated\">\n\t\t\t\t\t\t<div class=\"elementor-element elementor-element-d2d2c77 elementor-widget elementor-widget-heading\" data-id=\"d2d2c77\" data-element_type=\"widget\" data-e-type=\"widget\" data-widget_type=\"heading.default\">\n\t\t\t\t<div class=\"elementor-widget-container\">\n\t\t\t\t\t<h3 class=\"elementor-heading-title elementor-size-default\"><a href=\"https:\/\/www.street-moto-piece.fr\/blog\/fiche-entretien-moto\/kawasaki\/z750-2004-2013\/\"><font color=\"#324a6d\"><span style=\"font-size: 29px;text-transform: capitalize;white-space: normal\">Guide d'entretien Kawasaki Z750 de 2004 \u00e0 2013<\/span><\/font><\/a><\/h3>\t\t\t\t<\/div>\n\t\t\t\t<\/div>\n\t\t\t\t\t<\/div>\n\t\t<\/div>\n\t\t\t\t\t<\/div>\n\t\t<\/section>\n\t\t\t\t<section data-wts-url=\"https:\/\/www.street-moto-piece.fr\/blog\/fiche-entretien-moto\/kawasaki\/z800-2013-2015\/\" data-wts-link=\"yes\" data-wts-new-window=\"\" class=\"elementor-section elementor-top-section elementor-element elementor-element-776b4b9 elementor-section-content-middle ae-link-yes elementor-section-boxed elementor-section-height-default elementor-section-height-default\" data-id=\"776b4b9\" data-element_type=\"section\" data-e-type=\"section\">\n\t\t\t\t\t\t<div class=\"elementor-container elementor-column-gap-default\">\n\t\t\t\t\t<div class=\"elementor-column elementor-col-100 elementor-top-column elementor-element elementor-element-059f1dd\" data-id=\"059f1dd\" data-element_type=\"column\" data-e-type=\"column\">\n\t\t\t<div class=\"elementor-widget-wrap elementor-element-populated\">\n\t\t\t\t\t\t<div class=\"elementor-element elementor-element-a64ee3a elementor-widget elementor-widget-heading\" data-id=\"a64ee3a\" data-element_type=\"widget\" data-e-type=\"widget\" data-widget_type=\"heading.default\">\n\t\t\t\t<div class=\"elementor-widget-container\">\n\t\t\t\t\t<h3 class=\"elementor-heading-title elementor-size-default\"><a href=\"https:\/\/www.street-moto-piece.fr\/blog\/fiche-entretien-moto\/kawasaki\/z800-2013-2015\/\"><font color=\"#324a6d\"><span style=\"font-size: 29px;text-transform: capitalize;white-space: normal\">Guide d'entretien Kawasaki Z800 de 2013 \u00e0 2015<\/span><\/font><\/a><\/h3>\t\t\t\t<\/div>\n\t\t\t\t<\/div>\n\t\t\t\t\t<\/div>\n\t\t<\/div>\n\t\t\t\t\t<\/div>\n\t\t<\/section>\n\t\t\t\t<section class=\"elementor-section elementor-top-section elementor-element elementor-element-d8591d8 elementor-section-boxed elementor-section-height-default elementor-section-height-default\" data-id=\"d8591d8\" data-element_type=\"section\" data-e-type=\"section\">\n\t\t\t\t\t\t<div class=\"elementor-container elementor-column-gap-default\">\n\t\t\t\t\t<div class=\"elementor-column elementor-col-100 elementor-top-column elementor-element elementor-element-d0eb673\" data-id=\"d0eb673\" data-element_type=\"column\" data-e-type=\"column\">\n\t\t\t<div class=\"elementor-widget-wrap elementor-element-populated\">\n\t\t\t\t\t\t<div class=\"elementor-element elementor-element-df4aaba elementor-widget elementor-widget-heading\" data-id=\"df4aaba\" data-element_type=\"widget\" data-e-type=\"widget\" data-widget_type=\"heading.default\">\n\t\t\t\t<div class=\"elementor-widget-container\">\n\t\t\t\t\t<h2 class=\"elementor-heading-title elementor-size-default\">Cross et Enduro Kawasaki :<\/h2>\t\t\t\t<\/div>\n\t\t\t\t<\/div>\n\t\t\t\t\t<\/div>\n\t\t<\/div>\n\t\t\t\t\t<\/div>\n\t\t<\/section>\n\t\t\t\t<section data-wts-url=\"https:\/\/www.street-moto-piece.fr\/blog\/fiche-entretien-moto\/kawasaki\/kxf-250-2014-2016\/\" data-wts-link=\"yes\" data-wts-new-window=\"\" class=\"elementor-section elementor-top-section elementor-element elementor-element-1755ecc elementor-section-content-middle ae-link-yes elementor-section-boxed elementor-section-height-default elementor-section-height-default\" data-id=\"1755ecc\" data-element_type=\"section\" data-e-type=\"section\">\n\t\t\t\t\t\t<div class=\"elementor-container elementor-column-gap-default\">\n\t\t\t\t\t<div class=\"elementor-column elementor-col-100 elementor-top-column elementor-element elementor-element-498452a\" data-id=\"498452a\" data-element_type=\"column\" data-e-type=\"column\">\n\t\t\t<div class=\"elementor-widget-wrap elementor-element-populated\">\n\t\t\t\t\t\t<div class=\"elementor-element elementor-element-357fb2d elementor-widget elementor-widget-heading\" data-id=\"357fb2d\" data-element_type=\"widget\" data-e-type=\"widget\" data-widget_type=\"heading.default\">\n\t\t\t\t<div class=\"elementor-widget-container\">\n\t\t\t\t\t<h3 class=\"elementor-heading-title elementor-size-default\"><a href=\"https:\/\/www.street-moto-piece.fr\/blog\/fiche-entretien-moto\/kawasaki\/kxf-250-2014-2016\/\"><font color=\"#324a6d\"><span style=\"font-size: 29px;text-transform: capitalize;white-space: normal\">Guide d'entretien Kawasaki KXF 250 de 2014 \u00e0 2016<\/span><\/font><\/a><\/h3>\t\t\t\t<\/div>\n\t\t\t\t<\/div>\n\t\t\t\t\t<\/div>\n\t\t<\/div>\n\t\t\t\t\t<\/div>\n\t\t<\/section>\n\t\t\t\t<section data-wts-url=\"https:\/\/www.street-moto-piece.fr\/blog\/fiche-entretien-moto\/kawasaki\/kxf-450-2014-2015\/\" data-wts-link=\"yes\" data-wts-new-window=\"\" class=\"elementor-section elementor-top-section elementor-element elementor-element-647b6c4 elementor-section-content-middle ae-link-yes elementor-section-boxed elementor-section-height-default elementor-section-height-default\" data-id=\"647b6c4\" data-element_type=\"section\" data-e-type=\"section\">\n\t\t\t\t\t\t<div class=\"elementor-container elementor-column-gap-default\">\n\t\t\t\t\t<div class=\"elementor-column elementor-col-100 elementor-top-column elementor-element elementor-element-4fc378b\" data-id=\"4fc378b\" data-element_type=\"column\" data-e-type=\"column\">\n\t\t\t<div class=\"elementor-widget-wrap elementor-element-populated\">\n\t\t\t\t\t\t<div class=\"elementor-element elementor-element-16ecba7 elementor-widget elementor-widget-heading\" data-id=\"16ecba7\" data-element_type=\"widget\" data-e-type=\"widget\" data-widget_type=\"heading.default\">\n\t\t\t\t<div class=\"elementor-widget-container\">\n\t\t\t\t\t<h3 class=\"elementor-heading-title elementor-size-default\"><a href=\"https:\/\/www.street-moto-piece.fr\/blog\/fiche-entretien-moto\/kawasaki\/kxf-450-2014-2015\/\"><font color=\"#324a6d\"><span style=\"font-size: 29px;text-transform: capitalize;white-space: normal\">Guide d'entretien Kawasaki KXF 450 de 2014 \u00e0 2015<\/span><\/font><\/a><\/h3>\t\t\t\t<\/div>\n\t\t\t\t<\/div>\n\t\t\t\t\t<\/div>\n\t\t<\/div>\n\t\t\t\t\t<\/div>\n\t\t<\/section>\n\t\t\t\t<\/div>\n\t\t","protected":false},"excerpt":{"rendered":"<p>Fiche d&#8217;entretien moto Kawasaki A quelle fr\u00e9quence faudrait-il vidanger le moteur ou le circuit de refroidissement? Quelles pi\u00e8ces sont compatibles avec votre mod\u00e8le de moto Kawasaki? Autant de questions auxquelles notre guide d\u00e9di\u00e9 aux motos Kawasaki saura r\u00e9pondre. Des informations adapt\u00e9es \u00e0 la Kawasaki Z800 2014, la Kawasaki ER6 F 2006 et une vaste gamme [&hellip;]<\/p>\n","protected":false},"author":1,"featured_media":0,"parent":741,"menu_order":0,"comment_status":"closed","ping_status":"closed","template":"","meta":{"site-sidebar-layout":"no-sidebar","site-content-layout":"page-builder","ast-site-content-layout":"","site-content-style":"default","site-sidebar-style":"default","ast-global-header-display":"","ast-banner-title-visibility":"","ast-main-header-display":"","ast-hfb-above-header-display":"","ast-hfb-below-header-display":"","ast-hfb-mobile-header-display":"","site-post-title":"disabled","ast-breadcrumbs-content":"","ast-featured-img":"disabled","footer-sml-layout":"","theme-transparent-header-meta":"","adv-header-id-meta":"","stick-header-meta":"","header-above-stick-meta":"","header-main-stick-meta":"","header-below-stick-meta":"","astra-migrate-meta-layouts":"default","ast-page-background-enabled":"default","ast-page-background-meta":{"desktop":{"background-color":"var(--ast-global-color-4)","background-image":"","background-repeat":"repeat","background-position":"center center","background-size":"auto","background-attachment":"scroll","background-type":"","background-media":"","overlay-type":"","overlay-color":"","overlay-gradient":""},"tablet":{"background-color":"","background-image":"","background-repeat":"repeat","background-position":"center center","background-size":"auto","background-attachment":"scroll","background-type":"","background-media":"","overlay-type":"","overlay-color":"","overlay-gradient":""},"mobile":{"background-color":"","background-image":"","background-repeat":"repeat","background-position":"center center","background-size":"auto","background-attachment":"scroll","background-type":"","background-media":"","overlay-type":"","overlay-color":"","overlay-gradient":""}},"ast-content-background-meta":{"desktop":{"background-color":"var(--ast-global-color-5)","background-image":"","background-repeat":"repeat","background-position":"center center","background-size":"auto","background-attachment":"scroll","background-type":"","background-media":"","overlay-type":"","overlay-color":"","overlay-gradient":""},"tablet":{"background-color":"var(--ast-global-color-5)","background-image":"","background-repeat":"repeat","background-position":"center center","background-size":"auto","background-attachment":"scroll","background-type":"","background-media":"","overlay-type":"","overlay-color":"","overlay-gradient":""},"mobile":{"background-color":"var(--ast-global-color-5)","background-image":"","background-repeat":"repeat","background-position":"center center","background-size":"auto","background-attachment":"scroll","background-type":"","background-media":"","overlay-type":"","overlay-color":"","overlay-gradient":""}},"footnotes":""},"class_list":["post-1236","page","type-page","status-publish","hentry"],"aioseo_notices":[],"_links":{"self":[{"href":"https:\/\/www.street-moto-piece.fr\/blog\/wp-json\/wp\/v2\/pages\/1236","targetHints":{"allow":["GET"]}}],"collection":[{"href":"https:\/\/www.street-moto-piece.fr\/blog\/wp-json\/wp\/v2\/pages"}],"about":[{"href":"https:\/\/www.street-moto-piece.fr\/blog\/wp-json\/wp\/v2\/types\/page"}],"author":[{"embeddable":true,"href":"https:\/\/www.street-moto-piece.fr\/blog\/wp-json\/wp\/v2\/users\/1"}],"replies":[{"embeddable":true,"href":"https:\/\/www.street-moto-piece.fr\/blog\/wp-json\/wp\/v2\/comments?post=1236"}],"version-history":[{"count":25,"href":"https:\/\/www.street-moto-piece.fr\/blog\/wp-json\/wp\/v2\/pages\/1236\/revisions"}],"predecessor-version":[{"id":1666,"href":"https:\/\/www.street-moto-piece.fr\/blog\/wp-json\/wp\/v2\/pages\/1236\/revisions\/1666"}],"up":[{"embeddable":true,"href":"https:\/\/www.street-moto-piece.fr\/blog\/wp-json\/wp\/v2\/pages\/741"}],"wp:attachment":[{"href":"https:\/\/www.street-moto-piece.fr\/blog\/wp-json\/wp\/v2\/media?parent=1236"}],"curies":[{"name":"wp","href":"https:\/\/api.w.org\/{rel}","templated":true}]}}