{"id":1404,"date":"2023-02-27T10:52:16","date_gmt":"2023-02-27T09:52:16","guid":{"rendered":"https:\/\/www.street-moto-piece.fr\/blog\/?page_id=1404"},"modified":"2023-03-13T13:32:04","modified_gmt":"2023-03-13T12:32:04","slug":"kxf-450-2014-2015","status":"publish","type":"page","link":"https:\/\/www.street-moto-piece.fr\/blog\/fiche-entretien-moto\/kawasaki\/kxf-450-2014-2015\/","title":{"rendered":"Guide d&#8217;entretien kawasaki kxf 450 de 2014 \u00e0 2015"},"content":{"rendered":"\t\t<div data-elementor-type=\"wp-page\" data-elementor-id=\"1404\" class=\"elementor elementor-1404\" data-elementor-post-type=\"page\">\n\t\t\t\t\t\t<section class=\"elementor-section elementor-top-section elementor-element elementor-element-c4cda27 elementor-section-boxed elementor-section-height-default elementor-section-height-default\" data-id=\"c4cda27\" data-element_type=\"section\" data-e-type=\"section\">\n\t\t\t\t\t\t<div class=\"elementor-container elementor-column-gap-default\">\n\t\t\t\t\t<div class=\"elementor-column elementor-col-100 elementor-top-column elementor-element elementor-element-384d9bf\" data-id=\"384d9bf\" data-element_type=\"column\" data-e-type=\"column\">\n\t\t\t<div class=\"elementor-widget-wrap elementor-element-populated\">\n\t\t\t\t\t\t<div class=\"elementor-element elementor-element-99d1a7f elementor-widget elementor-widget-heading\" data-id=\"99d1a7f\" data-element_type=\"widget\" data-e-type=\"widget\" data-widget_type=\"heading.default\">\n\t\t\t\t<div class=\"elementor-widget-container\">\n\t\t\t\t\t<h1 class=\"elementor-heading-title elementor-size-default\">Guide d'entretien kawasaki kxf 450 de 2014 \u00e0 2015<\/h1>\t\t\t\t<\/div>\n\t\t\t\t<\/div>\n\t\t\t\t<div class=\"elementor-element elementor-element-7cf57ec elementor-widget elementor-widget-text-editor\" data-id=\"7cf57ec\" data-element_type=\"widget\" data-e-type=\"widget\" data-widget_type=\"text-editor.default\">\n\t\t\t\t<div class=\"elementor-widget-container\">\n\t\t\t\t\t\t\t\t\t<p>En cas de doute sur une pression de pneumatique ou la taille, un type de bougie et son \u00e9cartement d&#8217;\u00e9lectrode ou sur l&#8217;huile pr\u00e9conis\u00e9e ainsi que la quantit\u00e9 n\u00e9cessaire ! Retrouvez toutes les caract\u00e9ristiques pour l&#8217;entretien de votre moto Kawasaki KXF 450 :<\/p>\t\t\t\t\t\t\t\t<\/div>\n\t\t\t\t<\/div>\n\t\t\t\t\t<\/div>\n\t\t<\/div>\n\t\t\t\t\t<\/div>\n\t\t<\/section>\n\t\t\t\t<section class=\"elementor-section elementor-top-section elementor-element elementor-element-a261d9d elementor-section-boxed elementor-section-height-default elementor-section-height-default\" data-id=\"a261d9d\" data-element_type=\"section\" data-e-type=\"section\">\n\t\t\t\t\t\t<div class=\"elementor-container elementor-column-gap-default\">\n\t\t\t\t\t<div class=\"elementor-column elementor-col-100 elementor-top-column elementor-element elementor-element-27afcb5\" data-id=\"27afcb5\" data-element_type=\"column\" data-e-type=\"column\">\n\t\t\t<div class=\"elementor-widget-wrap elementor-element-populated\">\n\t\t\t\t\t\t<div class=\"elementor-element elementor-element-bfd48e0 elementor-widget elementor-widget-text-editor\" data-id=\"bfd48e0\" data-element_type=\"widget\" data-e-type=\"widget\" data-widget_type=\"text-editor.default\">\n\t\t\t\t<div class=\"elementor-widget-container\">\n\t\t\t\t\t\t\t\t\t<h2>Capacit\u00e9s fluides :<\/h2><div class=\"table-wrapper\"><table border=\"1\" width=\"427\"><tbody><tr><td>Huile moteur avec filtre a huile<\/td><td>\u00a01 Litre de\u00a0<strong><a href=\"https:\/\/www.street-moto-piece.fr\/huile-motul-moto\/2410-huile-moto-motul-300v-10w40-4-litres-factory-line-road-racing-filtre-a-huile-offert-3663466021728.html\">10W40<\/a><\/strong><\/td><\/tr><tr><td>P\u00e9riodicit\u00e9 vidange moteur<\/td><td>\u00a0\u00a0<\/td><\/tr><tr><td>Liquide de refroidissement<\/td><td>\u00a0<strong><a href=\"https:\/\/www.street-moto-piece.fr\/produit-d-entretien-moto-motul\/3667-motocool-factory-line-liquide-de-refroidissement-moto-motul-haute-performance-3663466034919.html\">1,1 Litres<\/a>\u00a0<\/strong><\/td><\/tr><tr><td>P\u00e9riodicit\u00e9 vidange circuit de refroidissement<\/td><td>\u00a0<\/td><\/tr><tr><td>Huile de fourche<\/td><td>\u00a0136 ml \/ SS-19\u00a0<\/td><\/tr><tr><td>Remplacement liquide de frein<\/td><td>\u00a0<\/td><\/tr><\/tbody><\/table><\/div><p>\u00a0<\/p><h2>Caract\u00e9ristiques et Mise au point moteur :<\/h2><div class=\"table-wrapper\"><table border=\"1\" width=\"426\"><tbody><tr><td>Jeu aux soupapes admission<\/td><td>\u00a0Entre 0,10 et 0,15 mm\u00a0<\/td><\/tr><tr><td>Jeu aux soupapes \u00e9chappement<\/td><td>\u00a0Entre 0,17 et 0,22 mm\u00a0<\/td><\/tr><tr><td>Al\u00e9sage \/ Course<\/td><td>\u00a096mm \/ 62,1 mm<\/td><\/tr><tr><td>Compression moteur<\/td><td>\u00a0Entre 4,2 et 7 bar<\/td><\/tr><tr><td>Indice d&#8217;octane minimum \/ Essence pr\u00e9conis\u00e9<\/td><td>\u00a095 \/ SP95 (Sans Plomb 95)<\/td><\/tr><tr><td>Cylindr\u00e9e \/ Nombre de cylindre<\/td><td>\u00a0449 cm3 \/ 1 cylindre\u00a0<\/td><\/tr><tr><td>R\u00e9gime moteur au ralenti<\/td><td>\u00a02000 tr\/min +-50<\/td><\/tr><\/tbody><\/table><\/div><p>\u00a0<\/p><h2>Syst\u00e8me d&#8217;allumage :<\/h2><div class=\"table-wrapper\"><table border=\"1\" width=\"429\"><tbody><tr><td>R\u00e9sistance bobine primaire<\/td><td>\u00a0Entre 0,28 et 0,38 Ohm<\/td><\/tr><tr><td>R\u00e9sistance bobine secondaire<\/td><td>\u00a0Entre 7650 et 10400 Ohm\u00a0<\/td><\/tr><tr><td>R\u00e9sistance capteur allumage<\/td><td>\u00a0<\/td><\/tr><tr><td>Bougie<\/td><td>\u00a0<strong><a href=\"https:\/\/www.street-moto-piece.fr\/bougie-ngk-moto\/756-bougie-ngk-cpr8eb9-3663466007081.html\">NGK\u00a0CPR8EB-9<\/a><\/strong><\/td><\/tr><tr><td>\u00c9cartement \u00e9lectrode bougie<\/td><td>\u00a0Entre 0,8 et 0,9 mm<\/td><\/tr><\/tbody><\/table><\/div><p>\u00a0<\/p><h2>Syst\u00e8me de charge :<\/h2><div class=\"table-wrapper\"><table border=\"1\" width=\"426\"><tbody><tr><td>Puissance de charge maximum<\/td><td>\u00a0<\/td><\/tr><tr><td>Tension de charge<\/td><td>\u00a0<\/td><\/tr><tr><td>Batterie<\/td><td>\u00a0<\/td><\/tr><\/tbody><\/table><\/div><p>\u00a0<\/p><h2>Carburateur :<\/h2><div class=\"table-wrapper\"><table border=\"1\" width=\"426\"><tbody><tr><td>Carburateur<\/td><td>\u00a0Keihin\u00a0<\/td><\/tr><tr><td>Gicleur principale<\/td><td>\u00a0<\/td><\/tr><tr><td>Gicleur de ralenti<\/td><td>\u00a0<\/td><\/tr><tr><td>Position de l&#8217;aiguille<\/td><td>\u00a0<\/td><\/tr><tr><td>Vis de richesse<\/td><td>\u00a0<\/td><\/tr><tr><td>Niveau de cuve<\/td><td>\u00a0<\/td><\/tr><\/tbody><\/table><\/div><p>\u00a0<\/p><h2>Transmission \/\u00a0<strong><a href=\"https:\/\/www.street-moto-piece.fr\/kit-chaine-moto-cross\/22630-kit-chaine-renforce-did-pbr-pour-kawasaki-kx450f-06-18-3663466230083.html\">Kit cha\u00eene<\/a><\/strong>\u00a0:<\/h2><div class=\"table-wrapper\"><table border=\"1\" width=\"428\"><tbody><tr><td>Pas de la chaine<\/td><td>\u00a0520\u00a0<\/td><\/tr><tr><td>D\u00e9multiplication<\/td><td>\u00a013&#215;50<\/td><\/tr><tr><td>Nombre de maillons<\/td><td>\u00a0114 maillons\u00a0<\/td><\/tr><tr><td>Jeu tension de chaine<\/td><td>\u00a0Entre 52 et 58 mm de battement de cha\u00eene\u00a0<\/td><\/tr><\/tbody><\/table><\/div><p>\u00a0<\/p><h2>Pneumatiques :<\/h2><div class=\"table-wrapper\"><table border=\"1\" width=\"432\"><tbody><tr><td>Pneu avant<\/td><td>80\/100-21 51M\u00a0<\/td><\/tr><tr><td>Pression pneu avant<\/td><td>\u00a01\u00a0bar (donn\u00e9 constructeur peu varier selon le mod\u00e8le de pneu)<\/td><\/tr><tr><td>Pneu arri\u00e8re<\/td><td>\u00a0120\/80-19 63M<\/td><\/tr><tr><td>Pression pneu arri\u00e8re<\/td><td>\u00a01\u00a0bar (donn\u00e9 constructeur peu varier selon le mod\u00e8le de pneu)<\/td><\/tr><\/tbody><\/table><\/div><p>\u00a0<\/p><h2>Couples de serrage :<\/h2><div class=\"table-wrapper\"><table border=\"1\" width=\"429\"><tbody><tr><td>Culasse<\/td><td><p>\u00a01ere passe 30 Nm<\/p><p>2e passe 59\u00a0Nm<\/p><p>3e passe M6=12\u00a0Nm<\/p><\/td><\/tr><tr><td>Couvre &#8211; Culasse<\/td><td>\u00a010\u00a0Nm<\/td><\/tr><tr><td>Palier arbre a cames<\/td><td>\u00a0<\/td><\/tr><tr><td>Pignon arbre a cames<\/td><td>\u00a012\u00a0Nm<\/td><\/tr><tr><td>Volant magn\u00e9tique<\/td><td>\u00a078 Nm<\/td><\/tr><tr><td>Moyeu d&#8217;embrayage<\/td><td>\u00a098 Nm Utiliser des \u00e9crous\/boulons neufs<\/td><\/tr><tr><td>Bougie<\/td><td>\u00a013 Nm<\/td><\/tr><tr><td>Sonde de temp\u00e9rature<\/td><td>\u00a012 Nm<\/td><\/tr><tr><td>Sonde Lambda<\/td><td>\u00a0<\/td><\/tr><tr><td>Pignon sorti de boite<\/td><td>\u00a0Avant 70\u00a0Nm \/ Arri\u00e8re 34\u00a0Nm<\/td><\/tr><tr><td>Couronne<\/td><td>\u00a0<\/td><\/tr><tr><td>Etrier avant<\/td><td>\u00a0Avant\u00a025 Nm<\/td><\/tr><tr><td>Etrier arri\u00e8re<\/td><td>\u00a0<\/td><\/tr><tr><td>Axe de roue avant<\/td><td>\u00a078\u00a0Nm<\/td><\/tr><tr><td>Axe de roue arri\u00e8re<\/td><td>\u00a0108 Nm Utiliser des \u00e9crous\/boulons neufs<\/td><\/tr><tr><td>Bride axe de roue avant<\/td><td>\u00a020 Nm<\/td><\/tr><\/tbody><\/table><\/div><p>\u00a0<\/p><p>Toutes les informations sont donn\u00e9es \u00e0 titre indicatif.<\/p>\t\t\t\t\t\t\t\t<\/div>\n\t\t\t\t<\/div>\n\t\t\t\t\t<\/div>\n\t\t<\/div>\n\t\t\t\t\t<\/div>\n\t\t<\/section>\n\t\t\t\t<\/div>\n\t\t","protected":false},"excerpt":{"rendered":"<p>Guide d&#8217;entretien kawasaki kxf 450 de 2014 \u00e0 2015 En cas de doute sur une pression de pneumatique ou la taille, un type de bougie et son \u00e9cartement d&#8217;\u00e9lectrode ou sur l&#8217;huile pr\u00e9conis\u00e9e ainsi que la quantit\u00e9 n\u00e9cessaire ! Retrouvez toutes les caract\u00e9ristiques pour l&#8217;entretien de votre moto Kawasaki KXF 450 : Capacit\u00e9s fluides : [&hellip;]<\/p>\n","protected":false},"author":1,"featured_media":0,"parent":1236,"menu_order":0,"comment_status":"closed","ping_status":"closed","template":"","meta":{"site-sidebar-layout":"no-sidebar","site-content-layout":"page-builder","ast-site-content-layout":"","site-content-style":"default","site-sidebar-style":"default","ast-global-header-display":"","ast-banner-title-visibility":"","ast-main-header-display":"","ast-hfb-above-header-display":"","ast-hfb-below-header-display":"","ast-hfb-mobile-header-display":"","site-post-title":"disabled","ast-breadcrumbs-content":"","ast-featured-img":"disabled","footer-sml-layout":"","theme-transparent-header-meta":"","adv-header-id-meta":"","stick-header-meta":"","header-above-stick-meta":"","header-main-stick-meta":"","header-below-stick-meta":"","astra-migrate-meta-layouts":"default","ast-page-background-enabled":"default","ast-page-background-meta":{"desktop":{"background-color":"var(--ast-global-color-4)","background-image":"","background-repeat":"repeat","background-position":"center center","background-size":"auto","background-attachment":"scroll","background-type":"","background-media":"","overlay-type":"","overlay-color":"","overlay-gradient":""},"tablet":{"background-color":"","background-image":"","background-repeat":"repeat","background-position":"center center","background-size":"auto","background-attachment":"scroll","background-type":"","background-media":"","overlay-type":"","overlay-color":"","overlay-gradient":""},"mobile":{"background-color":"","background-image":"","background-repeat":"repeat","background-position":"center center","background-size":"auto","background-attachment":"scroll","background-type":"","background-media":"","overlay-type":"","overlay-color":"","overlay-gradient":""}},"ast-content-background-meta":{"desktop":{"background-color":"var(--ast-global-color-5)","background-image":"","background-repeat":"repeat","background-position":"center center","background-size":"auto","background-attachment":"scroll","background-type":"","background-media":"","overlay-type":"","overlay-color":"","overlay-gradient":""},"tablet":{"background-color":"var(--ast-global-color-5)","background-image":"","background-repeat":"repeat","background-position":"center center","background-size":"auto","background-attachment":"scroll","background-type":"","background-media":"","overlay-type":"","overlay-color":"","overlay-gradient":""},"mobile":{"background-color":"var(--ast-global-color-5)","background-image":"","background-repeat":"repeat","background-position":"center center","background-size":"auto","background-attachment":"scroll","background-type":"","background-media":"","overlay-type":"","overlay-color":"","overlay-gradient":""}},"footnotes":""},"class_list":["post-1404","page","type-page","status-publish","hentry"],"aioseo_notices":[],"_links":{"self":[{"href":"https:\/\/www.street-moto-piece.fr\/blog\/wp-json\/wp\/v2\/pages\/1404","targetHints":{"allow":["GET"]}}],"collection":[{"href":"https:\/\/www.street-moto-piece.fr\/blog\/wp-json\/wp\/v2\/pages"}],"about":[{"href":"https:\/\/www.street-moto-piece.fr\/blog\/wp-json\/wp\/v2\/types\/page"}],"author":[{"embeddable":true,"href":"https:\/\/www.street-moto-piece.fr\/blog\/wp-json\/wp\/v2\/users\/1"}],"replies":[{"embeddable":true,"href":"https:\/\/www.street-moto-piece.fr\/blog\/wp-json\/wp\/v2\/comments?post=1404"}],"version-history":[{"count":4,"href":"https:\/\/www.street-moto-piece.fr\/blog\/wp-json\/wp\/v2\/pages\/1404\/revisions"}],"predecessor-version":[{"id":1408,"href":"https:\/\/www.street-moto-piece.fr\/blog\/wp-json\/wp\/v2\/pages\/1404\/revisions\/1408"}],"up":[{"embeddable":true,"href":"https:\/\/www.street-moto-piece.fr\/blog\/wp-json\/wp\/v2\/pages\/1236"}],"wp:attachment":[{"href":"https:\/\/www.street-moto-piece.fr\/blog\/wp-json\/wp\/v2\/media?parent=1404"}],"curies":[{"name":"wp","href":"https:\/\/api.w.org\/{rel}","templated":true}]}}