{"id":1417,"date":"2023-02-27T11:19:07","date_gmt":"2023-02-27T10:19:07","guid":{"rendered":"https:\/\/www.street-moto-piece.fr\/blog\/?page_id=1417"},"modified":"2023-03-13T13:32:50","modified_gmt":"2023-03-13T12:32:50","slug":"bandit-600-1995-1999","status":"publish","type":"page","link":"https:\/\/www.street-moto-piece.fr\/blog\/fiche-entretien-moto\/suzuki\/bandit-600-1995-1999\/","title":{"rendered":"Guide d&#8217;entretien suzuki 600 bandit de 1995 \u00e0 1999"},"content":{"rendered":"\t\t<div data-elementor-type=\"wp-page\" data-elementor-id=\"1417\" class=\"elementor elementor-1417\" data-elementor-post-type=\"page\">\n\t\t\t\t\t\t<section class=\"elementor-section elementor-top-section elementor-element elementor-element-c4cda27 elementor-section-boxed elementor-section-height-default elementor-section-height-default\" data-id=\"c4cda27\" data-element_type=\"section\" data-e-type=\"section\">\n\t\t\t\t\t\t<div class=\"elementor-container elementor-column-gap-default\">\n\t\t\t\t\t<div class=\"elementor-column elementor-col-100 elementor-top-column elementor-element elementor-element-384d9bf\" data-id=\"384d9bf\" data-element_type=\"column\" data-e-type=\"column\">\n\t\t\t<div class=\"elementor-widget-wrap elementor-element-populated\">\n\t\t\t\t\t\t<div class=\"elementor-element elementor-element-99d1a7f elementor-widget elementor-widget-heading\" data-id=\"99d1a7f\" data-element_type=\"widget\" data-e-type=\"widget\" data-widget_type=\"heading.default\">\n\t\t\t\t<div class=\"elementor-widget-container\">\n\t\t\t\t\t<h1 class=\"elementor-heading-title elementor-size-default\">Guide d'entretien Suzuki 600 bandit de 1995 \u00e0 1999<\/h1>\t\t\t\t<\/div>\n\t\t\t\t<\/div>\n\t\t\t\t<div class=\"elementor-element elementor-element-7cf57ec elementor-widget elementor-widget-text-editor\" data-id=\"7cf57ec\" data-element_type=\"widget\" data-e-type=\"widget\" data-widget_type=\"text-editor.default\">\n\t\t\t\t<div class=\"elementor-widget-container\">\n\t\t\t\t\t\t\t\t\t<p><strong>D\u00e9couvrez notre guide pour votre moto Suzuki 600 Bandit afin de faire l&#8217;entretien de votre moto vous-m\u00eame.<\/strong><\/p><p>En cas de doute sur une pression de pneumatique ou la taille, un type de bougie et son \u00e9cartement d&#8217;\u00e9lectrode ou sur l&#8217;huile pr\u00e9conis\u00e9e ainsi que la quantit\u00e9 n\u00e9cessaire ! Retrouvez toutes les caract\u00e9ristiques pour l&#8217;entretien de votre\u00a0<strong><a href=\"https:\/\/www.street-moto-piece.fr\/564-600-bandit-s-gsf-de-1995-a-1999-type-gn77b\">Suzuki 600 Bandit de 1995 \u00e0 1999<\/a><\/strong>.<\/p>\t\t\t\t\t\t\t\t<\/div>\n\t\t\t\t<\/div>\n\t\t\t\t\t<\/div>\n\t\t<\/div>\n\t\t\t\t\t<\/div>\n\t\t<\/section>\n\t\t\t\t<section class=\"elementor-section elementor-top-section elementor-element elementor-element-5c2e3ef elementor-section-boxed elementor-section-height-default elementor-section-height-default\" data-id=\"5c2e3ef\" data-element_type=\"section\" data-e-type=\"section\">\n\t\t\t\t\t\t<div class=\"elementor-container elementor-column-gap-default\">\n\t\t\t\t\t<div class=\"elementor-column elementor-col-100 elementor-top-column elementor-element elementor-element-c183f90\" data-id=\"c183f90\" data-element_type=\"column\" data-e-type=\"column\">\n\t\t\t<div class=\"elementor-widget-wrap elementor-element-populated\">\n\t\t\t\t\t\t<div class=\"elementor-element elementor-element-8adc138 elementor-widget elementor-widget-text-editor\" data-id=\"8adc138\" data-element_type=\"widget\" data-e-type=\"widget\" data-widget_type=\"text-editor.default\">\n\t\t\t\t<div class=\"elementor-widget-container\">\n\t\t\t\t\t\t\t\t\t<h2>Capacit\u00e9s fluides :<\/h2><div class=\"table-wrapper\"><table border=\"1\" width=\"484\"><tbody><tr><td>Huile moteur avec filtre a huile<\/td><td><strong><a href=\"https:\/\/www.street-moto-piece.fr\/huile-motul-moto\/10014-huile-moto-motul-5100-4t-10w40-4-litres-1-litre-offert-3663466095903.html\">3,5 Litres en 10W40<\/a><\/strong>\u00a0<\/td><\/tr><tr><td>P\u00e9riodicit\u00e9 vidange moteur<\/td><td>\u00a0Tous les 24 mois<\/td><\/tr><tr><td>Liquide de refroidissement<\/td><td>\u00a0<\/td><\/tr><tr><td>P\u00e9riodicit\u00e9 vidange circuit de refroidissement<\/td><td>\u00a0<\/td><\/tr><tr><td>Huile de fourche<\/td><td><strong>\u00a0<a href=\"https:\/\/www.street-moto-piece.fr\/huile-motul-moto\/2443-huile-motul-fork-oil-expert-medium-10w-1-litre-pour-fourche-moto-3663466022053.html\">521ml par tube en 10W<\/a><\/strong><\/td><\/tr><tr><td>Remplacement liquide de frein<\/td><td>\u00a0A remplacer tous les 24 mois<\/td><\/tr><\/tbody><\/table><\/div><p>\u00a0<\/p><h2>Caract\u00e9ristiques et Mise au point moteur :<\/h2><div class=\"table-wrapper\"><table border=\"1\" width=\"478\"><tbody><tr><td>Jeu aux soupapes admission<\/td><td>Entre 0,10 et 0,15\u00a0<\/td><\/tr><tr><td>Jeu aux soupapes \u00e9chappement<\/td><td>\u00a0Entre 0,18 et 0,23<\/td><\/tr><tr><td>Al\u00e9sage \/ Course<\/td><td>\u00a062,6 \/ 48,7<\/td><\/tr><tr><td>Compression moteur<\/td><td>\u00a0<\/td><\/tr><tr><td>Indice d&#8217;octane minimum \/ Essence pr\u00e9conis\u00e9<\/td><td>\u00a085-95 \/ SP95 (Sans Plomb 95)<\/td><\/tr><tr><td>Cylindr\u00e9e \/ Nombre de cylindre<\/td><td>\u00a0599cm&#8221; \/ 4 cylindre<\/td><\/tr><tr><td>R\u00e9gime moteur au ralenti<\/td><td>\u00a01200 tr\/min +-100<\/td><\/tr><\/tbody><\/table><\/div><p>\u00a0<\/p><h2>Syst\u00e8me d&#8217;allumage :<\/h2><div class=\"table-wrapper\"><table border=\"1\" width=\"476\"><tbody><tr><td>R\u00e9sistance bobine primaire<\/td><td>\u00a0Entre 2 et 4 Ohm<\/td><\/tr><tr><td>R\u00e9sistance bobine secondaire<\/td><td>\u00a0Entre 30 000 et 40 000 Ohm<\/td><\/tr><tr><td>R\u00e9sistance capteur allumage<\/td><td>\u00a0Entre 135 et 200 Ohm<\/td><\/tr><tr><td>Bougie<\/td><td>\u00a0<strong><a href=\"https:\/\/www.street-moto-piece.fr\/bougie-ngk-moto\/16-bougie-ngk-cr9ek-3663466000006.html\">NGK CR9EK<\/a><\/strong><\/td><\/tr><tr><td>\u00c9cartement \u00e9lectrode bougie<\/td><td>\u00a0Entre 0,6 et 0,7 mm<\/td><\/tr><\/tbody><\/table><\/div><p>\u00a0<\/p><h2>Syst\u00e8me de charge :<\/h2><div class=\"table-wrapper\"><table border=\"1\" width=\"471\"><tbody><tr><td>Puissance de charge maximum<\/td><td>27A \u00e0 5000 tr\/min<\/td><\/tr><tr><td>Tension de charge<\/td><td>\u00a0<\/td><\/tr><tr><td>Batterie<\/td><td>\u00a0<strong><a href=\"https:\/\/www.street-moto-piece.fr\/batterie-moto-yuasa\/1007-batterie-yuasa-ytx9-bs-3663466009399.html\">YTX9-BS<\/a><\/strong>\u00a0\/\u00a0<strong><a href=\"https:\/\/www.street-moto-piece.fr\/batterie-moto-tecnium\/2003-batterie-moto-tecnium-btx9-bs-ytx9-bs-3661738000280.html\">BTX9-BS<\/a><\/strong><\/td><\/tr><\/tbody><\/table><\/div><p>\u00a0<\/p><h2>Carburateur :<\/h2><div class=\"table-wrapper\"><table border=\"1\" width=\"468\"><tbody><tr><td>Carburateur<\/td><td>Keihin CVK 32<\/td><\/tr><tr><td>Gicleur principale<\/td><td>\u00a0100<\/td><\/tr><tr><td>Gicleur de ralenti<\/td><td>35\u00a0<\/td><\/tr><tr><td>Position de l&#8217;aiguille<\/td><td>\u00a0<\/td><\/tr><tr><td>Vis de richesse<\/td><td>\u00a0Desserr\u00e9 de 1,75 tours<\/td><\/tr><tr><td>Niveau de cuve<\/td><td>\u00a017 mm +-1<\/td><\/tr><\/tbody><\/table><\/div><p>\u00a0<\/p><h2>Transmission \/\u00a0<strong><a href=\"https:\/\/www.street-moto-piece.fr\/kit-chaine\/29-kit-chaine-moto-fe-pour-suzuki-gsr600-06-10-3663466000198.html\">Kit cha\u00eene<\/a><\/strong>\u00a0:<\/h2><div class=\"table-wrapper\"><table border=\"1\" width=\"468\"><tbody><tr><td>Pas de la chaine<\/td><td>\u00a0<\/td><\/tr><tr><td>D\u00e9multiplication<\/td><td>\u00a0<\/td><\/tr><tr><td>Nombre de maillons\u00a0 \u00a0 \u00a0 \u00a0 \u00a0 \u00a0 \u00a0 \u00a0 \u00a0 \u00a0\u00a0<\/td><td>110 maillons\u00a0<\/td><\/tr><tr><td>Jeu tension de chaine<\/td><td>\u00a0Entre 25 et 35 mm de battement de chaine<\/td><\/tr><\/tbody><\/table><\/div><p>\u00a0<\/p><h2>Pneumatiques :<\/h2><div class=\"table-wrapper\"><table border=\"1\" width=\"465\"><tbody><tr><td>Pneu avant<\/td><td>\u00a0110\/70-17 54H<\/td><\/tr><tr><td>Pression pneu\u00a0 avant\u00a0 \u00a0 \u00a0 \u00a0 \u00a0 \u00a0 \u00a0 \u00a0 \u00a0 \u00a0 \u00a0 \u00a0 \u00a0 \u00a0 \u00a0 \u00a0 \u00a0 \u00a0 \u00a0\u00a0<\/td><td>\u00a02,3 &#8211; 2,5 bar (donn\u00e9 constructeur peu varier selon mod\u00e8le de pneu)<\/td><\/tr><tr><td>Pneu arri\u00e8re<\/td><td>\u00a0150\/70-17 69H<\/td><\/tr><tr><td>Pression pneu arri\u00e8re\u00a0\u00a0<\/td><td>\u00a02,3 &#8211; 2,5 bar\u00a0(donn\u00e9 constructeur peu varier selon mod\u00e8le de pneu)<\/td><\/tr><\/tbody><\/table><\/div><p>\u00a0<\/p><h2>Couples de serrage :<\/h2><div class=\"table-wrapper\"><table border=\"1\" width=\"462\"><tbody><tr><td>Culasse<\/td><td><p>1ere passe 19 Nm\u00a0<\/p><p>2eme passe 38 Nm\u00a0<\/p><\/td><\/tr><tr><td>Couvre &#8211; Culasse<\/td><td>\u00a014 Nm<\/td><\/tr><tr><td>Palier arbre a cames<\/td><td>\u00a0<\/td><\/tr><tr><td>Pignon arbre a cames<\/td><td>\u00a025 Nm<\/td><\/tr><tr><td>Volant magn\u00e9tique<\/td><td>\u00a060 Nm<\/td><\/tr><tr><td>Moyeu d&#8217;embrayage<\/td><td>\u00a0150 Nm<\/td><\/tr><tr><td>Bougie<\/td><td>\u00a012 Nm<\/td><\/tr><tr><td>Sonde de temp\u00e9rature<\/td><td>\u00a0<\/td><\/tr><tr><td>Sonde Lambda<\/td><td>\u00a0<\/td><\/tr><tr><td>Pignon sorti de boite<\/td><td>\u00a0<\/td><\/tr><tr><td>Couronne<\/td><td>\u00a0<\/td><\/tr><tr><td>Etrier avant<\/td><td>\u00a0<\/td><\/tr><tr><td>Etrier arri\u00e8re<\/td><td>\u00a0<\/td><\/tr><tr><td>Axe de roue avant<\/td><td>\u00a065 Nm<\/td><\/tr><tr><td>Axe de roue arri\u00e8re<\/td><td>\u00a0100 Nm<\/td><\/tr><tr><td>Bride axe de roue avant<\/td><td>\u00a023 Nm<\/td><\/tr><\/tbody><\/table><\/div><p>\u00a0<\/p><p>Toutes les informations sont donn\u00e9es \u00e0 titre indicatif.<\/p>\t\t\t\t\t\t\t\t<\/div>\n\t\t\t\t<\/div>\n\t\t\t\t\t<\/div>\n\t\t<\/div>\n\t\t\t\t\t<\/div>\n\t\t<\/section>\n\t\t\t\t<\/div>\n\t\t","protected":false},"excerpt":{"rendered":"<p>Guide d&#8217;entretien Suzuki 600 bandit de 1995 \u00e0 1999 D\u00e9couvrez notre guide pour votre moto Suzuki 600 Bandit afin de faire l&#8217;entretien de votre moto vous-m\u00eame. En cas de doute sur une pression de pneumatique ou la taille, un type de bougie et son \u00e9cartement d&#8217;\u00e9lectrode ou sur l&#8217;huile pr\u00e9conis\u00e9e ainsi que la quantit\u00e9 n\u00e9cessaire [&hellip;]<\/p>\n","protected":false},"author":1,"featured_media":0,"parent":1241,"menu_order":0,"comment_status":"closed","ping_status":"closed","template":"","meta":{"site-sidebar-layout":"no-sidebar","site-content-layout":"page-builder","ast-site-content-layout":"","site-content-style":"default","site-sidebar-style":"default","ast-global-header-display":"","ast-banner-title-visibility":"","ast-main-header-display":"","ast-hfb-above-header-display":"","ast-hfb-below-header-display":"","ast-hfb-mobile-header-display":"","site-post-title":"disabled","ast-breadcrumbs-content":"","ast-featured-img":"disabled","footer-sml-layout":"","theme-transparent-header-meta":"","adv-header-id-meta":"","stick-header-meta":"","header-above-stick-meta":"","header-main-stick-meta":"","header-below-stick-meta":"","astra-migrate-meta-layouts":"default","ast-page-background-enabled":"default","ast-page-background-meta":{"desktop":{"background-color":"var(--ast-global-color-4)","background-image":"","background-repeat":"repeat","background-position":"center center","background-size":"auto","background-attachment":"scroll","background-type":"","background-media":"","overlay-type":"","overlay-color":"","overlay-gradient":""},"tablet":{"background-color":"","background-image":"","background-repeat":"repeat","background-position":"center center","background-size":"auto","background-attachment":"scroll","background-type":"","background-media":"","overlay-type":"","overlay-color":"","overlay-gradient":""},"mobile":{"background-color":"","background-image":"","background-repeat":"repeat","background-position":"center center","background-size":"auto","background-attachment":"scroll","background-type":"","background-media":"","overlay-type":"","overlay-color":"","overlay-gradient":""}},"ast-content-background-meta":{"desktop":{"background-color":"var(--ast-global-color-5)","background-image":"","background-repeat":"repeat","background-position":"center center","background-size":"auto","background-attachment":"scroll","background-type":"","background-media":"","overlay-type":"","overlay-color":"","overlay-gradient":""},"tablet":{"background-color":"var(--ast-global-color-5)","background-image":"","background-repeat":"repeat","background-position":"center center","background-size":"auto","background-attachment":"scroll","background-type":"","background-media":"","overlay-type":"","overlay-color":"","overlay-gradient":""},"mobile":{"background-color":"var(--ast-global-color-5)","background-image":"","background-repeat":"repeat","background-position":"center center","background-size":"auto","background-attachment":"scroll","background-type":"","background-media":"","overlay-type":"","overlay-color":"","overlay-gradient":""}},"footnotes":""},"class_list":["post-1417","page","type-page","status-publish","hentry"],"aioseo_notices":[],"_links":{"self":[{"href":"https:\/\/www.street-moto-piece.fr\/blog\/wp-json\/wp\/v2\/pages\/1417","targetHints":{"allow":["GET"]}}],"collection":[{"href":"https:\/\/www.street-moto-piece.fr\/blog\/wp-json\/wp\/v2\/pages"}],"about":[{"href":"https:\/\/www.street-moto-piece.fr\/blog\/wp-json\/wp\/v2\/types\/page"}],"author":[{"embeddable":true,"href":"https:\/\/www.street-moto-piece.fr\/blog\/wp-json\/wp\/v2\/users\/1"}],"replies":[{"embeddable":true,"href":"https:\/\/www.street-moto-piece.fr\/blog\/wp-json\/wp\/v2\/comments?post=1417"}],"version-history":[{"count":7,"href":"https:\/\/www.street-moto-piece.fr\/blog\/wp-json\/wp\/v2\/pages\/1417\/revisions"}],"predecessor-version":[{"id":1424,"href":"https:\/\/www.street-moto-piece.fr\/blog\/wp-json\/wp\/v2\/pages\/1417\/revisions\/1424"}],"up":[{"embeddable":true,"href":"https:\/\/www.street-moto-piece.fr\/blog\/wp-json\/wp\/v2\/pages\/1241"}],"wp:attachment":[{"href":"https:\/\/www.street-moto-piece.fr\/blog\/wp-json\/wp\/v2\/media?parent=1417"}],"curies":[{"name":"wp","href":"https:\/\/api.w.org\/{rel}","templated":true}]}}