{"id":1433,"date":"2023-02-27T11:44:31","date_gmt":"2023-02-27T10:44:31","guid":{"rendered":"https:\/\/www.street-moto-piece.fr\/blog\/?page_id=1433"},"modified":"2023-03-13T13:33:20","modified_gmt":"2023-03-13T12:33:20","slug":"rmz-250-2013-2015","status":"publish","type":"page","link":"https:\/\/www.street-moto-piece.fr\/blog\/fiche-entretien-moto\/suzuki\/rmz-250-2013-2015\/","title":{"rendered":"Guide d&#8217;entretien suzuki rmz 250 de 2013 \u00e0 2015"},"content":{"rendered":"\t\t<div data-elementor-type=\"wp-page\" data-elementor-id=\"1433\" class=\"elementor elementor-1433\" data-elementor-post-type=\"page\">\n\t\t\t\t\t\t<section class=\"elementor-section elementor-top-section elementor-element elementor-element-c4cda27 elementor-section-boxed elementor-section-height-default elementor-section-height-default\" data-id=\"c4cda27\" data-element_type=\"section\" data-e-type=\"section\">\n\t\t\t\t\t\t<div class=\"elementor-container elementor-column-gap-default\">\n\t\t\t\t\t<div class=\"elementor-column elementor-col-100 elementor-top-column elementor-element elementor-element-384d9bf\" data-id=\"384d9bf\" data-element_type=\"column\" data-e-type=\"column\">\n\t\t\t<div class=\"elementor-widget-wrap elementor-element-populated\">\n\t\t\t\t\t\t<div class=\"elementor-element elementor-element-99d1a7f elementor-widget elementor-widget-heading\" data-id=\"99d1a7f\" data-element_type=\"widget\" data-e-type=\"widget\" data-widget_type=\"heading.default\">\n\t\t\t\t<div class=\"elementor-widget-container\">\n\t\t\t\t\t<h1 class=\"elementor-heading-title elementor-size-default\">Guide d'entretien Suzuki rmz 250 de 2013 \u00e0 2015<\/h1>\t\t\t\t<\/div>\n\t\t\t\t<\/div>\n\t\t\t\t<div class=\"elementor-element elementor-element-7cf57ec elementor-widget elementor-widget-text-editor\" data-id=\"7cf57ec\" data-element_type=\"widget\" data-e-type=\"widget\" data-widget_type=\"text-editor.default\">\n\t\t\t\t<div class=\"elementor-widget-container\">\n\t\t\t\t\t\t\t\t\t<p><strong>Les motos cross n\u00e9cessitent un entretien tr\u00e8s r\u00e9gulier afin de pr\u00e9server les pi\u00e8ces qui sont soumises aux conditions difficiles du tout terrain. Gr\u00e2ce \u00e0 ce guide vous pourrez faire l&#8217;entretien et certaines r\u00e9parations de votre Suzuki RMZ 250 vous-m\u00eame !<\/strong><\/p><p>En cas de doute sur une pression de pneumatique ou la taille, un type de bougie et son \u00e9cartement d&#8217;\u00e9lectrode ou sur l&#8217;huile pr\u00e9conis\u00e9e ainsi que la quantit\u00e9 n\u00e9cessaire ! Retrouvez toutes les caract\u00e9ristiques pour l&#8217;entretien de votre\u00a0<strong><a href=\"https:\/\/www.street-moto-piece.fr\/4627-rmz-250-de-2014-a-2015\">Suzuki RMZ 250 de 2013 \u00e0 2015<\/a><\/strong>\u00a0:<\/p>\t\t\t\t\t\t\t\t<\/div>\n\t\t\t\t<\/div>\n\t\t\t\t\t<\/div>\n\t\t<\/div>\n\t\t\t\t\t<\/div>\n\t\t<\/section>\n\t\t\t\t<section class=\"elementor-section elementor-top-section elementor-element elementor-element-edb974e elementor-section-boxed elementor-section-height-default elementor-section-height-default\" data-id=\"edb974e\" data-element_type=\"section\" data-e-type=\"section\">\n\t\t\t\t\t\t<div class=\"elementor-container elementor-column-gap-default\">\n\t\t\t\t\t<div class=\"elementor-column elementor-col-100 elementor-top-column elementor-element elementor-element-a4210f6\" data-id=\"a4210f6\" data-element_type=\"column\" data-e-type=\"column\">\n\t\t\t<div class=\"elementor-widget-wrap elementor-element-populated\">\n\t\t\t\t\t\t<div class=\"elementor-element elementor-element-3c7d13f elementor-widget elementor-widget-text-editor\" data-id=\"3c7d13f\" data-element_type=\"widget\" data-e-type=\"widget\" data-widget_type=\"text-editor.default\">\n\t\t\t\t<div class=\"elementor-widget-container\">\n\t\t\t\t\t\t\t\t\t<h2>Capacit\u00e9s fluides :<\/h2><div class=\"table-wrapper\"><table border=\"1\" width=\"479\"><tbody><tr><td>Huile moteur avec filtre a huile<\/td><td>\u00a0<strong><a href=\"https:\/\/www.street-moto-piece.fr\/huile-motul-moto\/2419-huile-moto-motul-7100-4t-10w40-4-litres-filtre-a-huile-offert-3663466021810.html\">1 Litre de 10W40\u00a0<\/a><\/strong><\/td><\/tr><tr><td>P\u00e9riodicit\u00e9 vidange moteur<\/td><td>\u00a0<\/td><\/tr><tr><td>Liquide de refroidissement<\/td><td>\u00a0<strong><a href=\"https:\/\/www.street-moto-piece.fr\/produit-d-entretien-moto-motul\/3667-motocool-factory-line-liquide-de-refroidissement-moto-motul-haute-performance-3663466034919.html\">0,95 Litre<\/a><\/strong><\/td><\/tr><tr><td>P\u00e9riodicit\u00e9 vidange circuit de refroidissement<\/td><td>\u00a0<\/td><\/tr><tr><td>Huile de fourche<\/td><td>\u00a0IT=326\/- cm\u00b3 OT=318\/340 cm\u00b3 \/\u00a0SS-19<\/td><\/tr><tr><td>Remplacement liquide de frein<\/td><td>\u00a0<\/td><\/tr><\/tbody><\/table><\/div><p>\u00a0<\/p><h2>Caract\u00e9ristiques et Mise au point moteur :<\/h2><div class=\"table-wrapper\"><table border=\"1\" width=\"497\"><tbody><tr><td>Jeu aux soupapes admission<\/td><td>\u00a0Entre 0,09 et 0,16 mm\u00a0<\/td><\/tr><tr><td>Jeu aux soupapes \u00e9chappement<\/td><td>\u00a0Entre 0,17 et 0,24 mm\u00a0<\/td><\/tr><tr><td>Al\u00e9sage \/ Course<\/td><td>\u00a077mm \/ 53,6mm<\/td><\/tr><tr><td>Compression moteur<\/td><td>\u00a0Entre 4 et 8 bar\u00a0<\/td><\/tr><tr><td>Indice d&#8217;octane minimum \/ Essence pr\u00e9conis\u00e9<\/td><td>\u00a095 \/ SP95 (Sans Plomb 95)\u00a0<\/td><\/tr><tr><td>Cylindr\u00e9e \/ Nombre de cylindre<\/td><td>\u00a0249 cm3 \/ 1 Cylindre\u00a0<\/td><\/tr><tr><td>R\u00e9gime moteur au ralenti<\/td><td>\u00a02100 tr\/min +-50<\/td><\/tr><\/tbody><\/table><\/div><p>\u00a0<\/p><h2>Syst\u00e8me d&#8217;allumage :<\/h2><div class=\"table-wrapper\"><table border=\"1\" width=\"499\"><tbody><tr><td>R\u00e9sistance bobine primaire<\/td><td>\u00a0Entre 0,7 et 0,17 Ohm\u00a0<\/td><\/tr><tr><td>R\u00e9sistance bobine secondaire<\/td><td>\u00a0Entre 9000 et 14000 Ohm\u00a0<\/td><\/tr><tr><td>R\u00e9sistance capteur allumage<\/td><td>\u00a0<\/td><\/tr><tr><td>Bougie<\/td><td><p>\u00a02013 :\u00a0<strong><a href=\"https:\/\/www.street-moto-piece.fr\/bougie-ngk-moto\/21753-bougie-moto-ngk-cr8eia10-3663466213321.html\">NGK\u00a0CR8EIA-10<\/a><\/strong><\/p><p>\u00a02014 \/ 2015 :\u00a0<strong><a href=\"https:\/\/www.street-moto-piece.fr\/bougie-ngk-moto\/21754-bougie-moto-ngk-cr8eib-10-3663466213338.html\">NGK\u00a0CR8EIB-10<\/a><\/strong><\/p><\/td><\/tr><tr><td>\u00c9cartement \u00e9lectrode bougie<\/td><td>\u00a0Entre 0,9 et 1 mm<\/td><\/tr><\/tbody><\/table><\/div><p>\u00a0<\/p><h2>Syst\u00e8me de charge :<\/h2><div class=\"table-wrapper\"><table border=\"1\" width=\"497\"><tbody><tr><td>Puissance de charge maximum<\/td><td>\u00a0<\/td><\/tr><tr><td>Tension de charge<\/td><td>\u00a0<\/td><\/tr><tr><td>Batterie<\/td><td>\u00a0<\/td><\/tr><\/tbody><\/table><\/div><p>\u00a0<\/p><h2>Carburateur :<\/h2><div class=\"table-wrapper\"><table border=\"1\" width=\"500\"><tbody><tr><td>Carburateur<\/td><td>\u00a0<\/td><\/tr><tr><td>Gicleur principale<\/td><td>\u00a0<\/td><\/tr><tr><td>Gicleur de ralenti<\/td><td>\u00a0<\/td><\/tr><tr><td>Position de l&#8217;aiguille<\/td><td>\u00a0<\/td><\/tr><tr><td>Vis de richesse<\/td><td>\u00a0<\/td><\/tr><tr><td>Niveau de cuve<\/td><td>\u00a0<\/td><\/tr><\/tbody><\/table><\/div><p>\u00a0<\/p><h2>Transmission \/\u00a0<strong><a href=\"https:\/\/www.street-moto-piece.fr\/kit-chaine-moto-cross\/22630-kit-chaine-renforce-did-pbr-pour-kawasaki-kx450f-06-18-3663466230083.html\">Kit cha\u00eene<\/a><\/strong>\u00a0:<\/h2><div class=\"table-wrapper\"><table border=\"1\" width=\"501\"><tbody><tr><td>Pas de la chaine<\/td><td>\u00a0520\u00a0<\/td><\/tr><tr><td>D\u00e9multiplication<\/td><td>\u00a013&#215;49<\/td><\/tr><tr><td>Nombre de maillons<\/td><td>\u00a0114 maillons\u00a0<\/td><\/tr><tr><td>Jeu tension de chaine<\/td><td>\u00a0Entre 35 et 45 mm de battement\u00a0<\/td><\/tr><\/tbody><\/table><\/div><p>\u00a0<\/p><h2>Pneumatiques :<\/h2><div class=\"table-wrapper\"><table border=\"1\" width=\"503\"><tbody><tr><td>Pneu avant<\/td><td>\u00a080\/100-21 51M\u00a0<\/td><\/tr><tr><td>Pression pneu avant\u00a0 \u00a0 \u00a0 \u00a0 \u00a0 \u00a0 \u00a0 \u00a0 \u00a0 \u00a0\u00a0<\/td><td>\u00a0Entre 0,7 et 1,1 bar\u00a0(donn\u00e9 constructeur peu varier selon le mod\u00e8le de pneu)<\/td><\/tr><tr><td>Pneu arri\u00e8re\u00a0 \u00a0 \u00a0 \u00a0 \u00a0 \u00a0 \u00a0 \u00a0 \u00a0 \u00a0<\/td><td>\u00a0100\/90-19 57M<\/td><\/tr><tr><td>Pression pneu arri\u00e8re<\/td><td>\u00a0Entre 0,7 et 1,1 bar\u00a0(donn\u00e9 constructeur peu varier selon le mod\u00e8le de pneu)<\/td><\/tr><\/tbody><\/table><\/div><p>\u00a0<\/p><h2>Couples de serrage :<\/h2><div class=\"table-wrapper\"><table border=\"1\" width=\"503\"><tbody><tr><td>Culasse<\/td><td><p>\u00a01ere passe 25 Nm\u00a0<\/p><p>\u00a02e passe 51\u00a0Nm\u00a0<\/p><p>\u00a03e passe 10\u00a0Nm\u00a0<\/p><\/td><\/tr><tr><td>Couvre &#8211; Culasse<\/td><td>14\u00a0Nm\u00a0\u00a0<\/td><\/tr><tr><td>Palier arbre a cames<\/td><td>\u00a0<\/td><\/tr><tr><td>Pignon arbre a cames<\/td><td>\u00a0<\/td><\/tr><tr><td>Volant magn\u00e9tique<\/td><td>\u00a080\u00a0Nm<\/td><\/tr><tr><td>Moyeu d&#8217;embrayage<\/td><td>\u00a090\u00a0Nm\u00a0<\/td><\/tr><tr><td>Bougie<\/td><td>\u00a011 Nm\u00a0<\/td><\/tr><tr><td>Sonde de temp\u00e9rature<\/td><td>\u00a012\u00a0Nm\u00a0<\/td><\/tr><tr><td>Sonde Lambda<\/td><td>\u00a0\u00a0<\/td><\/tr><tr><td>Pignon sorti de boite<\/td><td>\u00a030\u00a0Nm\u00a0<\/td><\/tr><tr><td>Couronne<\/td><td>\u00a0<\/td><\/tr><tr><td>Etrier avant<\/td><td>\u00a025\u00a0Nm<\/td><\/tr><tr><td>Etrier arri\u00e8re<\/td><td>\u00a027\u00a0Nm\u00a0<\/td><\/tr><tr><td>Axe de roue avant<\/td><td>\u00a035\u00a0Nm\u00a0<\/td><\/tr><tr><td>Axe de roue arri\u00e8re<\/td><td>\u00a090\u00a0Nm\u00a0<\/td><\/tr><tr><td>Bride axe de roue avant<\/td><td>\u00a018\u00a0Nm\u00a0<\/td><\/tr><\/tbody><\/table><\/div><p>\u00a0<\/p><p>Toutes les informations sont donn\u00e9es \u00e0 titre indicatif.<\/p>\t\t\t\t\t\t\t\t<\/div>\n\t\t\t\t<\/div>\n\t\t\t\t\t<\/div>\n\t\t<\/div>\n\t\t\t\t\t<\/div>\n\t\t<\/section>\n\t\t\t\t<\/div>\n\t\t","protected":false},"excerpt":{"rendered":"<p>Guide d&#8217;entretien Suzuki rmz 250 de 2013 \u00e0 2015 Les motos cross n\u00e9cessitent un entretien tr\u00e8s r\u00e9gulier afin de pr\u00e9server les pi\u00e8ces qui sont soumises aux conditions difficiles du tout terrain. Gr\u00e2ce \u00e0 ce guide vous pourrez faire l&#8217;entretien et certaines r\u00e9parations de votre Suzuki RMZ 250 vous-m\u00eame ! En cas de doute sur une [&hellip;]<\/p>\n","protected":false},"author":1,"featured_media":0,"parent":1241,"menu_order":0,"comment_status":"closed","ping_status":"closed","template":"","meta":{"site-sidebar-layout":"no-sidebar","site-content-layout":"page-builder","ast-site-content-layout":"","site-content-style":"default","site-sidebar-style":"default","ast-global-header-display":"","ast-banner-title-visibility":"","ast-main-header-display":"","ast-hfb-above-header-display":"","ast-hfb-below-header-display":"","ast-hfb-mobile-header-display":"","site-post-title":"disabled","ast-breadcrumbs-content":"","ast-featured-img":"disabled","footer-sml-layout":"","theme-transparent-header-meta":"","adv-header-id-meta":"","stick-header-meta":"","header-above-stick-meta":"","header-main-stick-meta":"","header-below-stick-meta":"","astra-migrate-meta-layouts":"default","ast-page-background-enabled":"default","ast-page-background-meta":{"desktop":{"background-color":"var(--ast-global-color-4)","background-image":"","background-repeat":"repeat","background-position":"center center","background-size":"auto","background-attachment":"scroll","background-type":"","background-media":"","overlay-type":"","overlay-color":"","overlay-gradient":""},"tablet":{"background-color":"","background-image":"","background-repeat":"repeat","background-position":"center center","background-size":"auto","background-attachment":"scroll","background-type":"","background-media":"","overlay-type":"","overlay-color":"","overlay-gradient":""},"mobile":{"background-color":"","background-image":"","background-repeat":"repeat","background-position":"center center","background-size":"auto","background-attachment":"scroll","background-type":"","background-media":"","overlay-type":"","overlay-color":"","overlay-gradient":""}},"ast-content-background-meta":{"desktop":{"background-color":"var(--ast-global-color-5)","background-image":"","background-repeat":"repeat","background-position":"center center","background-size":"auto","background-attachment":"scroll","background-type":"","background-media":"","overlay-type":"","overlay-color":"","overlay-gradient":""},"tablet":{"background-color":"var(--ast-global-color-5)","background-image":"","background-repeat":"repeat","background-position":"center center","background-size":"auto","background-attachment":"scroll","background-type":"","background-media":"","overlay-type":"","overlay-color":"","overlay-gradient":""},"mobile":{"background-color":"var(--ast-global-color-5)","background-image":"","background-repeat":"repeat","background-position":"center center","background-size":"auto","background-attachment":"scroll","background-type":"","background-media":"","overlay-type":"","overlay-color":"","overlay-gradient":""}},"footnotes":""},"class_list":["post-1433","page","type-page","status-publish","hentry"],"aioseo_notices":[],"_links":{"self":[{"href":"https:\/\/www.street-moto-piece.fr\/blog\/wp-json\/wp\/v2\/pages\/1433","targetHints":{"allow":["GET"]}}],"collection":[{"href":"https:\/\/www.street-moto-piece.fr\/blog\/wp-json\/wp\/v2\/pages"}],"about":[{"href":"https:\/\/www.street-moto-piece.fr\/blog\/wp-json\/wp\/v2\/types\/page"}],"author":[{"embeddable":true,"href":"https:\/\/www.street-moto-piece.fr\/blog\/wp-json\/wp\/v2\/users\/1"}],"replies":[{"embeddable":true,"href":"https:\/\/www.street-moto-piece.fr\/blog\/wp-json\/wp\/v2\/comments?post=1433"}],"version-history":[{"count":7,"href":"https:\/\/www.street-moto-piece.fr\/blog\/wp-json\/wp\/v2\/pages\/1433\/revisions"}],"predecessor-version":[{"id":1440,"href":"https:\/\/www.street-moto-piece.fr\/blog\/wp-json\/wp\/v2\/pages\/1433\/revisions\/1440"}],"up":[{"embeddable":true,"href":"https:\/\/www.street-moto-piece.fr\/blog\/wp-json\/wp\/v2\/pages\/1241"}],"wp:attachment":[{"href":"https:\/\/www.street-moto-piece.fr\/blog\/wp-json\/wp\/v2\/media?parent=1433"}],"curies":[{"name":"wp","href":"https:\/\/api.w.org\/{rel}","templated":true}]}}