{"id":1446,"date":"2023-02-27T13:35:08","date_gmt":"2023-02-27T12:35:08","guid":{"rendered":"https:\/\/www.street-moto-piece.fr\/blog\/?page_id=1446"},"modified":"2023-03-13T13:33:44","modified_gmt":"2023-03-13T12:33:44","slug":"fazer-600-1998-1999","status":"publish","type":"page","link":"https:\/\/www.street-moto-piece.fr\/blog\/fiche-entretien-moto\/yamaha\/fazer-600-1998-1999\/","title":{"rendered":"Guide d&#8217;entretien yamaha 600 fazer de 1998 a 1999"},"content":{"rendered":"\t\t<div data-elementor-type=\"wp-page\" data-elementor-id=\"1446\" class=\"elementor elementor-1446\" data-elementor-post-type=\"page\">\n\t\t\t\t\t\t<section class=\"elementor-section elementor-top-section elementor-element elementor-element-c4cda27 elementor-section-boxed elementor-section-height-default elementor-section-height-default\" data-id=\"c4cda27\" data-element_type=\"section\" data-e-type=\"section\">\n\t\t\t\t\t\t<div class=\"elementor-container elementor-column-gap-default\">\n\t\t\t\t\t<div class=\"elementor-column elementor-col-100 elementor-top-column elementor-element elementor-element-384d9bf\" data-id=\"384d9bf\" data-element_type=\"column\" data-e-type=\"column\">\n\t\t\t<div class=\"elementor-widget-wrap elementor-element-populated\">\n\t\t\t\t\t\t<div class=\"elementor-element elementor-element-99d1a7f elementor-widget elementor-widget-heading\" data-id=\"99d1a7f\" data-element_type=\"widget\" data-e-type=\"widget\" data-widget_type=\"heading.default\">\n\t\t\t\t<div class=\"elementor-widget-container\">\n\t\t\t\t\t<h1 class=\"elementor-heading-title elementor-size-default\">Guide d'entretien Yamaha 600 fazer de 1998 a 1999<\/h1>\t\t\t\t<\/div>\n\t\t\t\t<\/div>\n\t\t\t\t<div class=\"elementor-element elementor-element-7cf57ec elementor-widget elementor-widget-text-editor\" data-id=\"7cf57ec\" data-element_type=\"widget\" data-e-type=\"widget\" data-widget_type=\"text-editor.default\">\n\t\t\t\t<div class=\"elementor-widget-container\">\n\t\t\t\t\t\t\t\t\t<p><strong>Vous trouverez diverses rubriques concernant les op\u00e9rations r\u00e9guli\u00e8res \u00e0 r\u00e9aliser sur votre moto, soit pour les effectuer vous-m\u00eame, soit pour anticiper votre visite chez le garagiste, et ce, quel que soit le mod\u00e8le: Yamaha FZ1 2015, Yamaha XJ6 2009, Yamaha FZ8 2015. Retrouvez toutes les r\u00e9f\u00e9rences de motos Yamaha dans notre guide d&#8217;entretien.<\/strong><\/p><p>En cas de doute sur une pression de pneumatique ou la taille, un type de bougie et son \u00e9cartement d&#8217;\u00e9lectrode ou sur l&#8217;huile pr\u00e9conis\u00e9e ainsi que la quantit\u00e9 n\u00e9cc\u00e9ssaire ! Retrouvez toutes les caract\u00e9ristiques pour l&#8217;entretien de votre\u00a0<a href=\"http:\/\/www.street-moto-piece.fr\/763-600-fazer-fzs-de-1998-a-2001-type-rj021\"><strong>Yamaha FZS 600 Fazer de 1998 a 1999.<\/strong><\/a><\/p>\t\t\t\t\t\t\t\t<\/div>\n\t\t\t\t<\/div>\n\t\t\t\t\t<\/div>\n\t\t<\/div>\n\t\t\t\t\t<\/div>\n\t\t<\/section>\n\t\t\t\t<section class=\"elementor-section elementor-top-section elementor-element elementor-element-07c67b9 elementor-section-boxed elementor-section-height-default elementor-section-height-default\" data-id=\"07c67b9\" data-element_type=\"section\" data-e-type=\"section\">\n\t\t\t\t\t\t<div class=\"elementor-container elementor-column-gap-default\">\n\t\t\t\t\t<div class=\"elementor-column elementor-col-100 elementor-top-column elementor-element elementor-element-6100b82\" data-id=\"6100b82\" data-element_type=\"column\" data-e-type=\"column\">\n\t\t\t<div class=\"elementor-widget-wrap elementor-element-populated\">\n\t\t\t\t\t\t<div class=\"elementor-element elementor-element-e814d51 elementor-widget elementor-widget-text-editor\" data-id=\"e814d51\" data-element_type=\"widget\" data-e-type=\"widget\" data-widget_type=\"text-editor.default\">\n\t\t\t\t<div class=\"elementor-widget-container\">\n\t\t\t\t\t\t\t\t\t<h2>Capacit\u00e9s fluides :<\/h2><div class=\"table-wrapper\"><table border=\"1\"><tbody><tr><td>Huile moteur avec filtre a huile<\/td><td>\u00a0<a href=\"https:\/\/www.street-moto-piece.fr\/huile-motul-moto\/10014-huile-moto-motul-5100-4t-10w40-4-litres-1-litre-offert-3663466095903.html?search_query=10w40&amp;results=25\">2,7 Litres en\u00a010w40<\/a><\/td><\/tr><tr><td>P\u00e9riodicit\u00e9 vidange moteur<\/td><td>\u00a0Tous les 6 000km ou tous les 6 mois<\/td><\/tr><tr><td>Liquide de refroidissement<\/td><td>\u00a0<a href=\"https:\/\/www.street-moto-piece.fr\/produit-d-entretien-moto-motul\/3667-motocool-factory-line-liquide-de-refroidissement-moto-motul-haute-performance-3663466034919.html?search_query=liquide+refroidissement&amp;results=17\">2,0 Litres<\/a><\/td><\/tr><tr><td>P\u00e9riodicit\u00e9 vidange circuit de refroidissement<\/td><td>\u00a0A remplacer tous les 24 mois ou 24 000km<\/td><\/tr><tr><td>Huile de fourche<\/td><td>\u00a0<a href=\"https:\/\/www.street-moto-piece.fr\/huile-motul-moto\/2441-huile-motul-fork-oil-factory-line-medium-10w-1-litre-pour-fourche-moto-3663466022039.html?search_query=huile+fourche&amp;results=123\">470ml par tube en 10w<\/a><\/td><\/tr><tr><td>Remplacement liquide de frein<\/td><td>\u00a0<a href=\"https:\/\/www.street-moto-piece.fr\/produit-d-entretien-moto-motul\/3686-liquide-de-frein-motul-dot-3-4-brake-fluid-pour-moto-3663466035107.html?search_query=liquide+frein&amp;results=49\">A remplacer tous les 24 mois<\/a><\/td><\/tr><\/tbody><\/table><\/div><p>\u00a0<\/p><h2>Carct\u00e9ristiques et Mise au point moteur :<\/h2><div class=\"table-wrapper\"><table border=\"1\"><tbody><tr><td>Jeu aux soupapes admission a froid<\/td><td>\u00a0Entre 0,11 et 0,20<\/td><\/tr><tr><td>Jeu aux soupapes \u00e9chapement a froid<\/td><td>\u00a0Entre 0,21 et 0,30<\/td><\/tr><tr><td>Al\u00e9sage \/ Course<\/td><td>\u00a062mm \/ 49,2mm<\/td><\/tr><tr><td>Compression moteur<\/td><td>\u00a0Entre 12 et 15 bar<\/td><\/tr><tr><td>Indice d&#8217;octane minimun \/ Essence pr\u00e9conis\u00e9<\/td><td>\u00a095 \/ SP95 ( Sans plomb 95 )<\/td><\/tr><tr><td>Cylindr\u00e9e \/ Nombre de cylindre<\/td><td>\u00a0599cm3 \/ 4 cylindre<\/td><\/tr><tr><td>Regime moteur au ralenti<\/td><td>\u00a01200 tr\/min +-50<\/td><\/tr><\/tbody><\/table><\/div><p>\u00a0<\/p><h2>Syst\u00e8me d&#8217;allumage :<\/h2><div class=\"table-wrapper\"><table border=\"1\"><tbody><tr><td>R\u00e9sistance bobine primaire<\/td><td>\u00a0Entre 1,87 et 2,53 Ohm<\/td><\/tr><tr><td>R\u00e9sistance bobine secondaire<\/td><td>\u00a0Entre 12000 et 18000 Ohm<\/td><\/tr><tr><td>R\u00e9sistance capteur allumage<\/td><td>\u00a0Entre 189 et 231 Ohm\u00a0<\/td><\/tr><tr><td>Bougie<\/td><td>\u00a0<a href=\"https:\/\/www.street-moto-piece.fr\/bougie-ngk-moto-scooter-quad\/65-bougie-ngk-cr8e-3663466000549.html\">CR8E\u00a0<\/a><\/td><\/tr><tr><td>\u00c9cartement \u00e9lectrode bougie<\/td><td>\u00a0Entre 0,7 et 0,8<\/td><\/tr><\/tbody><\/table><\/div><p>\u00a0<\/p><h2>Syst\u00e8me de charge :<\/h2><div class=\"table-wrapper\"><table border=\"1\"><tbody><tr><td>Puissance de charge maximun<\/td><td>\u00a018A a 5000 tr\/min<\/td><\/tr><tr><td>Tension de charge<\/td><td>\u00a0Entre 14,1 et 14,9 tr\/min<\/td><\/tr><tr><td>Batterie<\/td><td>\u00a0<a href=\"https:\/\/www.street-moto-piece.fr\/batterie-moto-france-equipement\/321-batterie-ct12b-4-yt12b-4-3663466003045.html?search_query=+CT12B-4&amp;results=3\">CT12B-4<\/a>,\u00a0<a href=\"https:\/\/www.street-moto-piece.fr\/batterie-moto-yuasa\/1009-batterie-moto-yuasa-yt12b-bs-yt12b-4-3663466009412.html?search_query=YT12B-4&amp;results=4\">YT12B-4<\/a>,\u00a0<a href=\"https:\/\/www.street-moto-piece.fr\/batterie-moto-tecnium\/1994-batterie-moto-tecnium-yt12b-4-3663466017608.html?search_query=YT12B-4&amp;results=4\">BT12B-4<\/a><\/td><\/tr><\/tbody><\/table><\/div><p>\u00a0<\/p><h2>Carburateur :<\/h2><div class=\"table-wrapper\"><table border=\"1\"><tbody><tr><td>Carburateur<\/td><td>\u00a0Mikuni BSR33<\/td><\/tr><tr><td>Gicleur principale<\/td><td>\u00a0115<\/td><\/tr><tr><td>Gicleur de ralenti<\/td><td>\u00a012,5\u00a0<\/td><\/tr><tr><td>Position de l&#8217;aiguille<\/td><td>\u00a03eme cran\u00a0<\/td><\/tr><tr><td>Vis de richesse<\/td><td>\u00a0Desserr\u00e9\u00a0de 2 tours\u00a0<\/td><\/tr><tr><td>Niveau de cuve<\/td><td>\u00a04,5mm<\/td><\/tr><\/tbody><\/table><\/div><p>\u00a0<\/p><h2>Transmission \/\u00a0<a href=\"https:\/\/www.street-moto-piece.fr\/kit-chaine\/379-kit-chaine-moto-fe-pour-yamaha-fazer-600-fzs-98-03-3663466003502.html\">Kit chaine<\/a>\u00a0:<\/h2><div class=\"table-wrapper\"><table border=\"1\"><tbody><tr><td>Pas de la chaine<\/td><td>\u00a0<\/td><\/tr><tr><td>D\u00e9multiplication<\/td><td>\u00a0 15 x 48<\/td><\/tr><tr><td>Nombre de maillons<\/td><td>\u00a0110 maillons<\/td><\/tr><tr><td>Jeu tension de chaine<\/td><td>\u00a0Entre 30 et 40 mm de battement de chaine<\/td><\/tr><\/tbody><\/table><\/div><p>\u00a0<\/p><h2>Pneumatiques :<\/h2><div class=\"table-wrapper\"><table border=\"1\"><tbody><tr><td>Pneu avant<\/td><td>\u00a0110\/70 ZR-17<\/td><\/tr><tr><td>Pression pneu avant<\/td><td>\u00a02,3 bar (donn\u00e9 constructeur peu varier selon le mod\u00e8le de pneu)<\/td><\/tr><tr><td>Pneu arri\u00e8re<\/td><td>\u00a0160\/60 ZR-17<\/td><\/tr><tr><td>Pression pneu arri\u00e8re<\/td><td>\u00a02,5 bar (donn\u00e9 constructeur peu varier selon le mod\u00e8le de pneu)<\/td><\/tr><\/tbody><\/table><\/div><p>\u00a0<\/p><h2>Couples de serrage :<\/h2><div class=\"table-wrapper\"><table border=\"1\"><tbody><tr><td>Culasse<\/td><td>\u00a01ere passe 17 Nm\u00a0, 2eme passe 35\u00a0Nm\u00a0<\/td><\/tr><tr><td>Couvre &#8211; Culasse<\/td><td>\u00a010\u00a0Nm\u00a0<\/td><\/tr><tr><td>Pignon de vilebrequin<\/td><td>\u00a0\u00a0Nm\u00a0<\/td><\/tr><tr><td>Pignon arbre a cames<\/td><td>\u00a024\u00a0Nm\u00a0<\/td><\/tr><tr><td>Volant magn\u00e9tique<\/td><td>\u00a0130\u00a0Nm\u00a0<\/td><\/tr><tr><td>Moyeu d&#8217;embrayage<\/td><td>\u00a070\u00a0Nm\u00a0<\/td><\/tr><tr><td>Bougie<\/td><td>\u00a013\u00a0Nm\u00a0<\/td><\/tr><tr><td>Sonde de temp\u00e9rature<\/td><td>\u00a0\u00a0Nm\u00a0<\/td><\/tr><tr><td>Sonde Lambda<\/td><td>\u00a0\u00a0Nm\u00a0<\/td><\/tr><tr><td>Pignon sorti de boite<\/td><td>\u00a0\u00a0Nm\u00a0<\/td><\/tr><tr><td>Couronne<\/td><td>\u00a0\u00a0Nm\u00a0<\/td><\/tr><tr><td>Etrier avant<\/td><td>\u00a0\u00a0<a href=\"https:\/\/www.street-moto-piece.fr\/kit-reparation-etrier-de-frein-moto\/22482-kit-reparation-etrier-de-frein-avant-moto-pour-yamaha-600-fazer-98-03-fz6-08-10-yzf-r6-00-15-tdm900-08-3663466228608.html\">Nm\u00a0<\/a><\/td><\/tr><tr><td>Etrier arri\u00e8re<\/td><td>\u00a0\u00a0Nm\u00a0<\/td><\/tr><tr><td>Axe de roue avant<\/td><td>\u00a067\u00a0Nm\u00a0<\/td><\/tr><tr><td>Axe de roue arri\u00e8re<\/td><td>\u00a0117\u00a0Nm\u00a0<\/td><\/tr><tr><td>Bride axe de roue avant<\/td><td>\u00a020 Nm\u00a0<\/td><\/tr><\/tbody><\/table><\/div><p>\u00a0<\/p><p>Toutes les informations sont donn\u00e9es \u00e0 titre indicatif.<\/p>\t\t\t\t\t\t\t\t<\/div>\n\t\t\t\t<\/div>\n\t\t\t\t\t<\/div>\n\t\t<\/div>\n\t\t\t\t\t<\/div>\n\t\t<\/section>\n\t\t\t\t<\/div>\n\t\t","protected":false},"excerpt":{"rendered":"<p>Guide d&#8217;entretien Yamaha 600 fazer de 1998 a 1999 Vous trouverez diverses rubriques concernant les op\u00e9rations r\u00e9guli\u00e8res \u00e0 r\u00e9aliser sur votre moto, soit pour les effectuer vous-m\u00eame, soit pour anticiper votre visite chez le garagiste, et ce, quel que soit le mod\u00e8le: Yamaha FZ1 2015, Yamaha XJ6 2009, Yamaha FZ8 2015. Retrouvez toutes les r\u00e9f\u00e9rences [&hellip;]<\/p>\n","protected":false},"author":1,"featured_media":0,"parent":1246,"menu_order":0,"comment_status":"closed","ping_status":"closed","template":"","meta":{"site-sidebar-layout":"no-sidebar","site-content-layout":"page-builder","ast-site-content-layout":"","site-content-style":"default","site-sidebar-style":"default","ast-global-header-display":"","ast-banner-title-visibility":"","ast-main-header-display":"","ast-hfb-above-header-display":"","ast-hfb-below-header-display":"","ast-hfb-mobile-header-display":"","site-post-title":"disabled","ast-breadcrumbs-content":"","ast-featured-img":"disabled","footer-sml-layout":"","theme-transparent-header-meta":"","adv-header-id-meta":"","stick-header-meta":"","header-above-stick-meta":"","header-main-stick-meta":"","header-below-stick-meta":"","astra-migrate-meta-layouts":"default","ast-page-background-enabled":"default","ast-page-background-meta":{"desktop":{"background-color":"var(--ast-global-color-4)","background-image":"","background-repeat":"repeat","background-position":"center center","background-size":"auto","background-attachment":"scroll","background-type":"","background-media":"","overlay-type":"","overlay-color":"","overlay-gradient":""},"tablet":{"background-color":"","background-image":"","background-repeat":"repeat","background-position":"center center","background-size":"auto","background-attachment":"scroll","background-type":"","background-media":"","overlay-type":"","overlay-color":"","overlay-gradient":""},"mobile":{"background-color":"","background-image":"","background-repeat":"repeat","background-position":"center center","background-size":"auto","background-attachment":"scroll","background-type":"","background-media":"","overlay-type":"","overlay-color":"","overlay-gradient":""}},"ast-content-background-meta":{"desktop":{"background-color":"var(--ast-global-color-5)","background-image":"","background-repeat":"repeat","background-position":"center center","background-size":"auto","background-attachment":"scroll","background-type":"","background-media":"","overlay-type":"","overlay-color":"","overlay-gradient":""},"tablet":{"background-color":"var(--ast-global-color-5)","background-image":"","background-repeat":"repeat","background-position":"center center","background-size":"auto","background-attachment":"scroll","background-type":"","background-media":"","overlay-type":"","overlay-color":"","overlay-gradient":""},"mobile":{"background-color":"var(--ast-global-color-5)","background-image":"","background-repeat":"repeat","background-position":"center center","background-size":"auto","background-attachment":"scroll","background-type":"","background-media":"","overlay-type":"","overlay-color":"","overlay-gradient":""}},"footnotes":""},"class_list":["post-1446","page","type-page","status-publish","hentry"],"aioseo_notices":[],"_links":{"self":[{"href":"https:\/\/www.street-moto-piece.fr\/blog\/wp-json\/wp\/v2\/pages\/1446","targetHints":{"allow":["GET"]}}],"collection":[{"href":"https:\/\/www.street-moto-piece.fr\/blog\/wp-json\/wp\/v2\/pages"}],"about":[{"href":"https:\/\/www.street-moto-piece.fr\/blog\/wp-json\/wp\/v2\/types\/page"}],"author":[{"embeddable":true,"href":"https:\/\/www.street-moto-piece.fr\/blog\/wp-json\/wp\/v2\/users\/1"}],"replies":[{"embeddable":true,"href":"https:\/\/www.street-moto-piece.fr\/blog\/wp-json\/wp\/v2\/comments?post=1446"}],"version-history":[{"count":7,"href":"https:\/\/www.street-moto-piece.fr\/blog\/wp-json\/wp\/v2\/pages\/1446\/revisions"}],"predecessor-version":[{"id":1454,"href":"https:\/\/www.street-moto-piece.fr\/blog\/wp-json\/wp\/v2\/pages\/1446\/revisions\/1454"}],"up":[{"embeddable":true,"href":"https:\/\/www.street-moto-piece.fr\/blog\/wp-json\/wp\/v2\/pages\/1246"}],"wp:attachment":[{"href":"https:\/\/www.street-moto-piece.fr\/blog\/wp-json\/wp\/v2\/media?parent=1446"}],"curies":[{"name":"wp","href":"https:\/\/api.w.org\/{rel}","templated":true}]}}