{"id":1480,"date":"2023-03-13T13:25:27","date_gmt":"2023-03-13T12:25:27","guid":{"rendered":"https:\/\/www.street-moto-piece.fr\/blog\/?page_id=1480"},"modified":"2023-03-13T13:47:23","modified_gmt":"2023-03-13T12:47:23","slug":"fz8-2013-2015","status":"publish","type":"page","link":"https:\/\/www.street-moto-piece.fr\/blog\/fiche-entretien-moto\/yamaha\/fz8-2013-2015\/","title":{"rendered":"Guide d&#8217;Entretien Yamaha FZ8 de 2013 \u00e0 2015"},"content":{"rendered":"\t\t<div data-elementor-type=\"wp-page\" data-elementor-id=\"1480\" class=\"elementor elementor-1480\" data-elementor-post-type=\"page\">\n\t\t\t\t\t\t<section class=\"elementor-section elementor-top-section elementor-element elementor-element-c4cda27 elementor-section-boxed elementor-section-height-default elementor-section-height-default\" data-id=\"c4cda27\" data-element_type=\"section\" data-e-type=\"section\">\n\t\t\t\t\t\t<div class=\"elementor-container elementor-column-gap-default\">\n\t\t\t\t\t<div class=\"elementor-column elementor-col-100 elementor-top-column elementor-element elementor-element-384d9bf\" data-id=\"384d9bf\" data-element_type=\"column\" data-e-type=\"column\">\n\t\t\t<div class=\"elementor-widget-wrap elementor-element-populated\">\n\t\t\t\t\t\t<div class=\"elementor-element elementor-element-99d1a7f elementor-widget elementor-widget-heading\" data-id=\"99d1a7f\" data-element_type=\"widget\" data-e-type=\"widget\" data-widget_type=\"heading.default\">\n\t\t\t\t<div class=\"elementor-widget-container\">\n\t\t\t\t\t<h1 class=\"elementor-heading-title elementor-size-default\">Guide d\u2019Entretien Yamaha FZ8 de 2013 \u00e0 2015<\/h1>\t\t\t\t<\/div>\n\t\t\t\t<\/div>\n\t\t\t\t<div class=\"elementor-element elementor-element-7cf57ec elementor-widget elementor-widget-text-editor\" data-id=\"7cf57ec\" data-element_type=\"widget\" data-e-type=\"widget\" data-widget_type=\"text-editor.default\">\n\t\t\t\t<div class=\"elementor-widget-container\">\n\t\t\t\t\t\t\t\t\t<p><strong>Economisez les frais de garagiste et effectuez vous-m\u00eame l\u2019entretien courant de votre moto. Et pour allonger la dur\u00e9e de vie de votre engin, suivez les pr\u00e9conisations m\u00e9caniques de votre moto Yamaha FZ8 2015. Gr\u00e2ce \u00e0 ce guide d\u2019entretien, vous saurez \u00e0 quelle fr\u00e9quence faire la vidange, la r\u00e9f\u00e9rence du moteur en cas de panne, la pression pour les pneus et bien d\u2019autres informations techniques.<\/strong><\/p><p>En cas de doute sur une pression de pneumatique ou la taille, un type de bougie et son \u00e9cartement d&#8217;\u00e9lectrode ou sur l&#8217;huile pr\u00e9conis\u00e9e ainsi que la quantit\u00e9 n\u00e9cessaire ! Retrouvez toutes les caract\u00e9ristiques pour l&#8217;entretien de votre Yamaha<strong>\u00a0<a href=\"http:\/\/www.street-moto-piece.fr\/804-fz8-800-fazer-de-2010-a-2015\">FZ8 de 2013 a 2015<\/a><\/strong>.<\/p>\t\t\t\t\t\t\t\t<\/div>\n\t\t\t\t<\/div>\n\t\t\t\t\t<\/div>\n\t\t<\/div>\n\t\t\t\t\t<\/div>\n\t\t<\/section>\n\t\t\t\t<section class=\"elementor-section elementor-top-section elementor-element elementor-element-c1e2e3a elementor-section-boxed elementor-section-height-default elementor-section-height-default\" data-id=\"c1e2e3a\" data-element_type=\"section\" data-e-type=\"section\">\n\t\t\t\t\t\t<div class=\"elementor-container elementor-column-gap-default\">\n\t\t\t\t\t<div class=\"elementor-column elementor-col-100 elementor-top-column elementor-element elementor-element-67ac45d\" data-id=\"67ac45d\" data-element_type=\"column\" data-e-type=\"column\">\n\t\t\t<div class=\"elementor-widget-wrap elementor-element-populated\">\n\t\t\t\t\t\t<div class=\"elementor-element elementor-element-8d2b6c3 elementor-widget elementor-widget-text-editor\" data-id=\"8d2b6c3\" data-element_type=\"widget\" data-e-type=\"widget\" data-widget_type=\"text-editor.default\">\n\t\t\t\t<div class=\"elementor-widget-container\">\n\t\t\t\t\t\t\t\t\t<h2>Capacit\u00e9s fluides :<\/h2><div class=\"table-wrapper\"><table border=\"1\"><tbody><tr><td>Huile moteur avec filtre a huile<\/td><td>\u00a0<a href=\"https:\/\/www.street-moto-piece.fr\/huile-motul-moto\/2427-huile-moto-motul-5100-4t-10w40-4-litres-filtre-a-huile-offert-3663466021896.html\">3,1 Litres en 10w40<\/a><\/td><\/tr><tr><td>P\u00e9riodicit\u00e9 vidange moteur<\/td><td>\u00a0Tous les 10 000km ou tous les 12 mois<\/td><\/tr><tr><td>Liquide de refroidissement<\/td><td>\u00a0<a href=\"https:\/\/www.street-moto-piece.fr\/produit-d-entretien-moto-motul\/3668-motocool-expert-liquide-de-refroidissement-moto-motul-3663466034926.html\">2,5 Litres<\/a><\/td><\/tr><tr><td>P\u00e9riodicit\u00e9 vidange circuit de refroidissement<\/td><td>\u00a0A remplacer tous les 36 mois<\/td><\/tr><tr><td>Huile de fourche<\/td><td>\u00a0<a href=\"https:\/\/www.street-moto-piece.fr\/huile-motul-moto\/2443-huile-motul-fork-oil-expert-medium-10w-1-litre-pour-fourche-moto-3663466022053.html\">551ml tube gauche et 538 tube droit en 10w<\/a><\/td><\/tr><tr><td>Remplacement liquide de frein<\/td><td>\u00a0<a href=\"https:\/\/www.street-moto-piece.fr\/produit-d-entretien-moto-motul\/3686-liquide-de-frein-motul-dot-3-4-brake-fluid-pour-moto-3663466035107.html\">A remplacer tous les 24 mois<\/a><\/td><\/tr><\/tbody><\/table><\/div><p>\u00a0<\/p><h2>Caract\u00e9ristiques et Mise au point moteur :<\/h2><div class=\"table-wrapper\"><table border=\"1\"><tbody><tr><td>Jeu aux soupapes admission a froid<\/td><td>\u00a0Entre 0,10 et 0,17<\/td><\/tr><tr><td>Jeu aux soupapes \u00e9chappement a froid<\/td><td>\u00a0Entre 0,25 et 0,29<\/td><\/tr><tr><td>Al\u00e9sage \/ Course<\/td><td>\u00a068mm \/ 53,6mm<\/td><\/tr><tr><td>Compression moteur<\/td><td>\u00a0Entre 12,9 et 16,6 bar<\/td><\/tr><tr><td>Indice d&#8217;octane minimum \/ Essence pr\u00e9conis\u00e9<\/td><td>\u00a095 \/ SP95 ( Sans plomb 95 )<\/td><\/tr><tr><td>Cylindr\u00e9e \/ Nombre de cylindre<\/td><td>\u00a0779cm3 \/ 4 cylindre<\/td><\/tr><tr><td>R\u00e9gime moteur au ralenti<\/td><td>\u00a0 1200tr\/min +-100<\/td><\/tr><\/tbody><\/table><\/div><p>\u00a0<\/p><h2>Syst\u00e8me d&#8217;allumage :<\/h2><div class=\"table-wrapper\"><table border=\"1\"><tbody><tr><td>R\u00e9sistance bobine primaire<\/td><td>\u00a0Entre 1,19 et 1,61 Ohm<\/td><\/tr><tr><td>R\u00e9sistance bobine secondaire<\/td><td>\u00a0Entre 8500 et 11500 Ohm<\/td><\/tr><tr><td>R\u00e9sistance capteur allumage<\/td><td>\u00a0Entre \u00a0et \u00a0Ohm\u00a0<\/td><\/tr><tr><td>Bougie<\/td><td>\u00a0<a href=\"https:\/\/www.street-moto-piece.fr\/bougie-ngk-moto\/12-bougie-ngk-cr9e-87295162637.html\">CR9E<\/a><\/td><\/tr><tr><td>\u00c9cartement \u00e9lectrode bougie<\/td><td>\u00a0Entre 0,7 et 0,8<\/td><\/tr><\/tbody><\/table><\/div><p>\u00a0<\/p><h2>Syst\u00e8me de charge :<\/h2><div class=\"table-wrapper\"><table border=\"1\"><tbody><tr><td>Puissance de charge maximum<\/td><td>\u00a0A a \u00a0tr\/min<\/td><\/tr><tr><td>Tension de charge<\/td><td>\u00a0Entre 14,2 et 14,8 a 6500 tr\/min<\/td><\/tr><tr><td>Batterie<\/td><td><a href=\"https:\/\/www.street-moto-piece.fr\/batterie-moto-france-equipement\/364-batterie-ctz10s-ytz10s-3663466001775.html\">CTZ10S<\/a>,\u00a0<a href=\"https:\/\/www.street-moto-piece.fr\/batterie-moto-tecnium\/1993-batterie-moto-tecnium-btz10s-3661738000365.html\">BTZ10S<\/a>,\u00a0\u00a0<a href=\"https:\/\/www.street-moto-piece.fr\/batterie-moto-yuasa\/989-batterie-moto-yuasa-ytz10s-3663466003144.html\">YTZ10S<\/a><\/td><\/tr><\/tbody><\/table><\/div><p>\u00a0<\/p><h2>Transmission \/ Kit chaine :<\/h2><div class=\"table-wrapper\"><table border=\"1\"><tbody><tr><td>Pas de la chaine<\/td><td>\u00a0525<\/td><\/tr><tr><td>D\u00e9multiplication<\/td><td>\u00a016 x 46<\/td><\/tr><tr><td>Nombre de maillons<\/td><td>\u00a0122 maillons<\/td><\/tr><tr><td>Jeu tension de chaine<\/td><td>\u00a0Entre 20 et 30 mm de battement de chaine<\/td><\/tr><\/tbody><\/table><\/div><p>\u00a0<\/p><h2>Pneumatiques :<\/h2><div class=\"table-wrapper\"><table border=\"1\"><tbody><tr><td>Pneu avant<\/td><td>\u00a0120\/70 ZR-17 58W<\/td><\/tr><tr><td>Pression pneu avant<\/td><td>\u00a02,5 bar (donn\u00e9 constructeur peu varier selon le mod\u00e8le de pneu)<\/td><\/tr><tr><td>Pneu arri\u00e8re<\/td><td>\u00a0180\/55 ZR-17 73W<\/td><\/tr><tr><td>Pression pneu arri\u00e8re<\/td><td>\u00a02,9 bar (donn\u00e9 constructeur peu varier selon le mod\u00e8le de pneu)<\/td><\/tr><\/tbody><\/table><\/div><p>\u00a0<\/p><h2>Couples de serrage :<\/h2><div class=\"table-wrapper\"><table border=\"1\"><tbody><tr><td>Culasse<\/td><td>\u00a0<\/td><\/tr><tr><td>Couvre &#8211; Culasse<\/td><td>\u00a010\u00a0Nm\u00a0<\/td><\/tr><tr><td>Palier arbre a came<\/td><td>\u00a010\u00a0Nm\u00a0<\/td><\/tr><tr><td>Pignon arbre a cames<\/td><td>\u00a024\u00a0Nm\u00a0<\/td><\/tr><tr><td>Volant magn\u00e9tique<\/td><td>\u00a0\u00a0Nm\u00a0<\/td><\/tr><tr><td>Moyeu d&#8217;embrayage<\/td><td>\u00a095\u00a0Nm\u00a0<\/td><\/tr><tr><td>Bougie<\/td><td>\u00a013\u00a0Nm\u00a0<\/td><\/tr><tr><td>Sonde de temp\u00e9rature<\/td><td>\u00a018\u00a0Nm\u00a0<\/td><\/tr><tr><td>Sonde Lambda<\/td><td>\u00a0\u00a0Nm\u00a0<\/td><\/tr><tr><td>Pignon sorti de boite<\/td><td>\u00a085\u00a0Nm\u00a0<\/td><\/tr><tr><td>Couronne<\/td><td>\u00a080\u00a0Nm\u00a0<\/td><\/tr><tr><td>Etrier avant<\/td><td>\u00a040\u00a0Nm\u00a0<\/td><\/tr><tr><td>Etrier arri\u00e8re<\/td><td>\u00a025\u00a0Nm\u00a0<\/td><\/tr><tr><td>Axe de roue avant<\/td><td>\u00a065\u00a0Nm\u00a0<\/td><\/tr><tr><td>Axe de roue arri\u00e8re<\/td><td>\u00a0150\u00a0Nm\u00a0<\/td><\/tr><tr><td>Bride axe de roue avant<\/td><td>\u00a023 Nm\u00a0<\/td><\/tr><\/tbody><\/table><\/div><p>\u00a0<\/p><p>Toutes les informations sont donn\u00e9es \u00e0 titre indicatif.<\/p>\t\t\t\t\t\t\t\t<\/div>\n\t\t\t\t<\/div>\n\t\t\t\t\t<\/div>\n\t\t<\/div>\n\t\t\t\t\t<\/div>\n\t\t<\/section>\n\t\t\t\t<\/div>\n\t\t","protected":false},"excerpt":{"rendered":"<p>Guide d\u2019Entretien Yamaha FZ8 de 2013 \u00e0 2015 Economisez les frais de garagiste et effectuez vous-m\u00eame l\u2019entretien courant de votre moto. Et pour allonger la dur\u00e9e de vie de votre engin, suivez les pr\u00e9conisations m\u00e9caniques de votre moto Yamaha FZ8 2015. Gr\u00e2ce \u00e0 ce guide d\u2019entretien, vous saurez \u00e0 quelle fr\u00e9quence faire la vidange, la [&hellip;]<\/p>\n","protected":false},"author":1,"featured_media":0,"parent":1246,"menu_order":0,"comment_status":"closed","ping_status":"closed","template":"","meta":{"site-sidebar-layout":"no-sidebar","site-content-layout":"page-builder","ast-site-content-layout":"","site-content-style":"default","site-sidebar-style":"default","ast-global-header-display":"","ast-banner-title-visibility":"","ast-main-header-display":"","ast-hfb-above-header-display":"","ast-hfb-below-header-display":"","ast-hfb-mobile-header-display":"","site-post-title":"disabled","ast-breadcrumbs-content":"","ast-featured-img":"disabled","footer-sml-layout":"","theme-transparent-header-meta":"","adv-header-id-meta":"","stick-header-meta":"","header-above-stick-meta":"","header-main-stick-meta":"","header-below-stick-meta":"","astra-migrate-meta-layouts":"default","ast-page-background-enabled":"default","ast-page-background-meta":{"desktop":{"background-color":"var(--ast-global-color-4)","background-image":"","background-repeat":"repeat","background-position":"center center","background-size":"auto","background-attachment":"scroll","background-type":"","background-media":"","overlay-type":"","overlay-color":"","overlay-gradient":""},"tablet":{"background-color":"","background-image":"","background-repeat":"repeat","background-position":"center center","background-size":"auto","background-attachment":"scroll","background-type":"","background-media":"","overlay-type":"","overlay-color":"","overlay-gradient":""},"mobile":{"background-color":"","background-image":"","background-repeat":"repeat","background-position":"center center","background-size":"auto","background-attachment":"scroll","background-type":"","background-media":"","overlay-type":"","overlay-color":"","overlay-gradient":""}},"ast-content-background-meta":{"desktop":{"background-color":"var(--ast-global-color-5)","background-image":"","background-repeat":"repeat","background-position":"center center","background-size":"auto","background-attachment":"scroll","background-type":"","background-media":"","overlay-type":"","overlay-color":"","overlay-gradient":""},"tablet":{"background-color":"var(--ast-global-color-5)","background-image":"","background-repeat":"repeat","background-position":"center center","background-size":"auto","background-attachment":"scroll","background-type":"","background-media":"","overlay-type":"","overlay-color":"","overlay-gradient":""},"mobile":{"background-color":"var(--ast-global-color-5)","background-image":"","background-repeat":"repeat","background-position":"center center","background-size":"auto","background-attachment":"scroll","background-type":"","background-media":"","overlay-type":"","overlay-color":"","overlay-gradient":""}},"footnotes":""},"class_list":["post-1480","page","type-page","status-publish","hentry"],"aioseo_notices":[],"_links":{"self":[{"href":"https:\/\/www.street-moto-piece.fr\/blog\/wp-json\/wp\/v2\/pages\/1480","targetHints":{"allow":["GET"]}}],"collection":[{"href":"https:\/\/www.street-moto-piece.fr\/blog\/wp-json\/wp\/v2\/pages"}],"about":[{"href":"https:\/\/www.street-moto-piece.fr\/blog\/wp-json\/wp\/v2\/types\/page"}],"author":[{"embeddable":true,"href":"https:\/\/www.street-moto-piece.fr\/blog\/wp-json\/wp\/v2\/users\/1"}],"replies":[{"embeddable":true,"href":"https:\/\/www.street-moto-piece.fr\/blog\/wp-json\/wp\/v2\/comments?post=1480"}],"version-history":[{"count":7,"href":"https:\/\/www.street-moto-piece.fr\/blog\/wp-json\/wp\/v2\/pages\/1480\/revisions"}],"predecessor-version":[{"id":1505,"href":"https:\/\/www.street-moto-piece.fr\/blog\/wp-json\/wp\/v2\/pages\/1480\/revisions\/1505"}],"up":[{"embeddable":true,"href":"https:\/\/www.street-moto-piece.fr\/blog\/wp-json\/wp\/v2\/pages\/1246"}],"wp:attachment":[{"href":"https:\/\/www.street-moto-piece.fr\/blog\/wp-json\/wp\/v2\/media?parent=1480"}],"curies":[{"name":"wp","href":"https:\/\/api.w.org\/{rel}","templated":true}]}}