{"id":1516,"date":"2023-03-13T13:55:32","date_gmt":"2023-03-13T12:55:32","guid":{"rendered":"https:\/\/www.street-moto-piece.fr\/blog\/?page_id=1516"},"modified":"2023-03-13T13:56:00","modified_gmt":"2023-03-13T12:56:00","slug":"fjr-1300-2005-2013","status":"publish","type":"page","link":"https:\/\/www.street-moto-piece.fr\/blog\/fiche-entretien-moto\/yamaha\/fjr-1300-2005-2013\/","title":{"rendered":"Guide d&#8217;entretien Yamaha FJR 1300 de 2005 \u00e0 2013"},"content":{"rendered":"\t\t<div data-elementor-type=\"wp-page\" data-elementor-id=\"1516\" class=\"elementor elementor-1516\" data-elementor-post-type=\"page\">\n\t\t\t\t\t\t<section class=\"elementor-section elementor-top-section elementor-element elementor-element-c4cda27 elementor-section-boxed elementor-section-height-default elementor-section-height-default\" data-id=\"c4cda27\" data-element_type=\"section\" data-e-type=\"section\">\n\t\t\t\t\t\t<div class=\"elementor-container elementor-column-gap-default\">\n\t\t\t\t\t<div class=\"elementor-column elementor-col-100 elementor-top-column elementor-element elementor-element-384d9bf\" data-id=\"384d9bf\" data-element_type=\"column\" data-e-type=\"column\">\n\t\t\t<div class=\"elementor-widget-wrap elementor-element-populated\">\n\t\t\t\t\t\t<div class=\"elementor-element elementor-element-99d1a7f elementor-widget elementor-widget-heading\" data-id=\"99d1a7f\" data-element_type=\"widget\" data-e-type=\"widget\" data-widget_type=\"heading.default\">\n\t\t\t\t<div class=\"elementor-widget-container\">\n\t\t\t\t\t<h1 class=\"elementor-heading-title elementor-size-default\">Guide d'entretien Yamaha FJR 1300 de 2005 \u00e0 2013<\/h1>\t\t\t\t<\/div>\n\t\t\t\t<\/div>\n\t\t\t\t<div class=\"elementor-element elementor-element-7cf57ec elementor-widget elementor-widget-text-editor\" data-id=\"7cf57ec\" data-element_type=\"widget\" data-e-type=\"widget\" data-widget_type=\"text-editor.default\">\n\t\t\t\t<div class=\"elementor-widget-container\">\n\t\t\t\t\t\t\t\t\t<p><strong>Ce guide d&#8217;entretien propose un tableau des caract\u00e9ristiques techniques pour votre Yamaha FJR 1300. Vous aurez toutes les informations indispensables comme les couples de serrages, la pression des pneumatiques, les capacit\u00e9s fluides, la mise au point moteur etc&#8230;<\/strong><\/p><p>En cas de doute sur une pression de pneumatique ou la taille, un type de bougie et son \u00e9cartement d&#8217;\u00e9lectrode ou sur l&#8217;huile pr\u00e9conis\u00e9e ainsi que la quantit\u00e9 n\u00e9cessaire ! Retrouvez toutes les caract\u00e9ristiques pour l&#8217;entretien de votre\u00a0<strong><a href=\"https:\/\/www.street-moto-piece.fr\/920-1300-fjr-de-2001-a-2017\">Yamaha FJR 1300 de 2005 \u00e0 2013<\/a><\/strong>.<\/p>\t\t\t\t\t\t\t\t<\/div>\n\t\t\t\t<\/div>\n\t\t\t\t\t<\/div>\n\t\t<\/div>\n\t\t\t\t\t<\/div>\n\t\t<\/section>\n\t\t\t\t<section class=\"elementor-section elementor-top-section elementor-element elementor-element-520fab8 elementor-section-boxed elementor-section-height-default elementor-section-height-default\" data-id=\"520fab8\" data-element_type=\"section\" data-e-type=\"section\">\n\t\t\t\t\t\t<div class=\"elementor-container elementor-column-gap-default\">\n\t\t\t\t\t<div class=\"elementor-column elementor-col-100 elementor-top-column elementor-element elementor-element-d660d6a\" data-id=\"d660d6a\" data-element_type=\"column\" data-e-type=\"column\">\n\t\t\t<div class=\"elementor-widget-wrap elementor-element-populated\">\n\t\t\t\t\t\t<div class=\"elementor-element elementor-element-12986af elementor-widget elementor-widget-text-editor\" data-id=\"12986af\" data-element_type=\"widget\" data-e-type=\"widget\" data-widget_type=\"text-editor.default\">\n\t\t\t\t<div class=\"elementor-widget-container\">\n\t\t\t\t\t\t\t\t\t<h2>Capacit\u00e9s fluides :<\/h2><div class=\"table-wrapper\"><table border=\"1\" width=\"458\"><tbody><tr><td>Huile moteur avec filtre a huile<\/td><td>\u00a04 Litres en\u00a0<strong><a href=\"https:\/\/www.street-moto-piece.fr\/huile-motul-moto\/2427-huile-moto-motul-5100-4t-10w40-4-litres-filtre-a-huile-offert-3663466021896.html\">10W40<\/a><\/strong><\/td><\/tr><tr><td>P\u00e9riodicit\u00e9 vidange moteur<\/td><td>\u00a0Tous les 10 000 km ou tous les 12 mois<\/td><\/tr><tr><td><strong><a href=\"https:\/\/www.street-moto-piece.fr\/produit-d-entretien-moto-motul\/3668-motocool-expert-liquide-de-refroidissement-moto-motul-3663466034926.html\">Liquide de refroidissement<\/a><\/strong><\/td><td>\u00a02,6 Litres<\/td><\/tr><tr><td>P\u00e9riodicit\u00e9 vidange circuit de refroidissement<\/td><td>\u00a0A remplacer tous les 24 mois<\/td><\/tr><tr><td>Huile de fourche<\/td><td>\u00a0696 ml<\/td><\/tr><tr><td>Remplacement liquide de frein<\/td><td>\u00a0A remplacer tous les 24 mois<\/td><\/tr><\/tbody><\/table><\/div><p>\u00a0<\/p><h2>Caract\u00e9ristiques et Mise au point moteur :<\/h2><div class=\"table-wrapper\"><table border=\"1\" width=\"459\"><tbody><tr><td>Jeu aux soupapes admission<\/td><td>\u00a00,15 et 0,22 mm\u00a0<\/td><\/tr><tr><td>Jeu aux soupapes \u00e9chappement<\/td><td>\u00a00,18 et 0,25 mm\u00a0<\/td><\/tr><tr><td>Al\u00e9sage \/ Course<\/td><td>\u00a0 79 mm \/ 66,2 mm<\/td><\/tr><tr><td>Compression moteur<\/td><td>\u00a0Entre 13,9 et 17,9 bar\u00a0<\/td><\/tr><tr><td>Indice d&#8217;octane minimum \/ Essence pr\u00e9conis\u00e9<\/td><td>\u00a095 \/ SP95 (Sans Plomb 95)<\/td><\/tr><tr><td>Cylindr\u00e9e \/ Nombre de cylindre<\/td><td>\u00a01298 cm3 \/ 4 Cylindres\u00a0<\/td><\/tr><tr><td>R\u00e9gime moteur au ralenti<\/td><td>\u00a01050 tr\/min +-50<\/td><\/tr><\/tbody><\/table><\/div><p>\u00a0<\/p><h2>Syst\u00e8me d&#8217;allumage :<\/h2><div class=\"table-wrapper\"><table border=\"1\" width=\"461\"><tbody><tr><td>R\u00e9sistance bobine primaire<\/td><td>\u00a0Entre 1,53 et 2,07 Ohm\u00a0<\/td><\/tr><tr><td>R\u00e9sistance bobine secondaire<\/td><td>\u00a0Entre 12 000 et 18 000 Ohm\u00a0<\/td><\/tr><tr><td>R\u00e9sistance capteur allumage<\/td><td>\u00a0<\/td><\/tr><tr><td>Bougie<\/td><td>\u00a0<strong><a href=\"https:\/\/www.street-moto-piece.fr\/bougie-ngk-moto\/65-bougie-ngk-cr8e-3663466000549.html\">NGK\u00a0CR8E<\/a><\/strong><\/td><\/tr><tr><td>\u00c9cartement \u00e9lectrode bougie<\/td><td>\u00a0Entre 0,7 et 0,8 mm<\/td><\/tr><\/tbody><\/table><\/div><p>\u00a0<\/p><h2>Syst\u00e8me de charge :<\/h2><div class=\"table-wrapper\"><table border=\"1\" width=\"462\"><tbody><tr><td>Puissance de charge maximum<\/td><td>\u00a0<\/td><\/tr><tr><td>Tension de charge<\/td><td>\u00a0<\/td><\/tr><tr><td>Batterie<\/td><td>\u00a0<strong><a href=\"https:\/\/www.street-moto-piece.fr\/batterie-moto-tecnium\/1995-batterie-moto-tecnium-bt14b-4-yt14b-4-ct14b-4-3663466017615.html\">BT14B-4<\/a>\u00a0,\u00a0<a href=\"https:\/\/www.street-moto-piece.fr\/batterie-moto-france-equipement\/322-batterie-ct14b-4-yt14b-4-3663466003052.html\">CT14B-4<\/a><\/strong>\u00a0, GT14B-4\u00a0<\/td><\/tr><\/tbody><\/table><\/div><p>\u00a0<\/p><h2>Carburateur :<\/h2><div class=\"table-wrapper\"><table border=\"1\" width=\"463\"><tbody><tr><td>Carburateur<\/td><td>\u00a0Nippon\u00a0INP-151<\/td><\/tr><tr><td>Gicleur principale<\/td><td>\u00a0<\/td><\/tr><tr><td>Gicleur de ralenti<\/td><td>\u00a0<\/td><\/tr><tr><td>Position de l&#8217;aiguille<\/td><td>\u00a0<\/td><\/tr><tr><td>Vis de richesse<\/td><td>\u00a0<\/td><\/tr><tr><td>Niveau de cuve<\/td><td>\u00a0<\/td><\/tr><\/tbody><\/table><\/div><p>\u00a0<\/p><h2>Transmission \/ Kit chaine :<\/h2><div class=\"table-wrapper\"><table border=\"1\" width=\"463\"><tbody><tr><td>Pas de la chaine<\/td><td>\u00a0<\/td><\/tr><tr><td>D\u00e9multiplication<\/td><td>\u00a0<\/td><\/tr><tr><td>Nombre de maillons<\/td><td>\u00a0<\/td><\/tr><tr><td>Jeu tension de chaine<\/td><td>\u00a0<\/td><\/tr><\/tbody><\/table><\/div><p>\u00a0<\/p><h2>Pneumatiques :<\/h2><div class=\"table-wrapper\"><table border=\"1\" width=\"467\"><tbody><tr><td>Pneu avant<\/td><td>\u00a0120\/70 ZR-17 58W\u00a0<\/td><\/tr><tr><td>Pression pneu avant\u00a0 \u00a0 \u00a0 \u00a0 \u00a0 \u00a0 \u00a0 \u00a0 \u00a0 \u00a0 \u00a0 \u00a0 \u00a0 \u00a0<\/td><td>\u00a02,7 bar (donn\u00e9 constructeur peu varier selon le mod\u00e8le de pneu)<\/td><\/tr><tr><td>Pneu arri\u00e8re<\/td><td>\u00a0180\/55 ZR-17 73W<\/td><\/tr><tr><td>Pression pneu arri\u00e8re<\/td><td>\u00a02,7 bar (donn\u00e9 constructeur peu varier selon le mod\u00e8le de pneu)<\/td><\/tr><\/tbody><\/table><\/div><p>\u00a0<\/p><h2>Couples de serrage :<\/h2><div class=\"table-wrapper\"><table border=\"1\" width=\"470\"><tbody><tr><td>Culasse<\/td><td><p>\u00a01ere passe : 25 Nm\u00a0<\/p><p>2e passe : Desserrer 360\u00b0<\/p><p>3e passe : 25\u00a0Nm\u00a0<\/p><p>4e passe : 180\u00b0<\/p><p>5e passe : M6=12 Nm<\/p><\/td><\/tr><tr><td>Couvre &#8211; Culasse<\/td><td>\u00a010\u00a0Nm<\/td><\/tr><tr><td>Palier arbre a cames<\/td><td>\u00a010\u00a0Nm<\/td><\/tr><tr><td>Pignon arbre a cames<\/td><td>\u00a024\u00a0Nm<\/td><\/tr><tr><td>Volant magn\u00e9tique<\/td><td>\u00a0130\u00a0Nm<\/td><\/tr><tr><td>Moyeu d&#8217;embrayage<\/td><td>\u00a090\u00a0Nm<\/td><\/tr><tr><td>Bougie<\/td><td>\u00a013\u00a0Nm<\/td><\/tr><tr><td>Sonde de temp\u00e9rature<\/td><td>\u00a018\u00a0Nm<\/td><\/tr><tr><td>Sonde Lambda<\/td><td>\u00a045\u00a0Nm<\/td><\/tr><tr><td>Pignon sorti de boite<\/td><td>\u00a0<\/td><\/tr><tr><td>Couronne<\/td><td>\u00a0<\/td><\/tr><tr><td>Etrier avant<\/td><td>\u00a040\u00a0Nm<\/td><\/tr><tr><td>Etrier arri\u00e8re<\/td><td>\u00a027\u00a0Nm\u00a0<\/td><\/tr><tr><td>Axe de roue avant<\/td><td>\u00a091\u00a0Nm\u00a0<\/td><\/tr><tr><td>Axe de roue arri\u00e8re<\/td><td>\u00a0125\u00a0Nm\u00a0<\/td><\/tr><tr><td>Bride axe de roue<\/td><td><p>\u00a0Avant : 21\u00a0Nm<\/p><p>\u00a0Arri\u00e8re 23\u00a0Nm<\/p><\/td><\/tr><\/tbody><\/table><\/div><p>\u00a0<\/p><p>Toutes les informations sont donn\u00e9es \u00e0 titre indicatif.<\/p>\t\t\t\t\t\t\t\t<\/div>\n\t\t\t\t<\/div>\n\t\t\t\t\t<\/div>\n\t\t<\/div>\n\t\t\t\t\t<\/div>\n\t\t<\/section>\n\t\t\t\t<\/div>\n\t\t","protected":false},"excerpt":{"rendered":"<p>Guide d&#8217;entretien Yamaha FJR 1300 de 2005 \u00e0 2013 Ce guide d&#8217;entretien propose un tableau des caract\u00e9ristiques techniques pour votre Yamaha FJR 1300. Vous aurez toutes les informations indispensables comme les couples de serrages, la pression des pneumatiques, les capacit\u00e9s fluides, la mise au point moteur etc&#8230; En cas de doute sur une pression de [&hellip;]<\/p>\n","protected":false},"author":1,"featured_media":0,"parent":1246,"menu_order":0,"comment_status":"closed","ping_status":"closed","template":"","meta":{"site-sidebar-layout":"no-sidebar","site-content-layout":"page-builder","ast-site-content-layout":"","site-content-style":"default","site-sidebar-style":"default","ast-global-header-display":"","ast-banner-title-visibility":"","ast-main-header-display":"","ast-hfb-above-header-display":"","ast-hfb-below-header-display":"","ast-hfb-mobile-header-display":"","site-post-title":"disabled","ast-breadcrumbs-content":"","ast-featured-img":"disabled","footer-sml-layout":"","theme-transparent-header-meta":"","adv-header-id-meta":"","stick-header-meta":"","header-above-stick-meta":"","header-main-stick-meta":"","header-below-stick-meta":"","astra-migrate-meta-layouts":"default","ast-page-background-enabled":"default","ast-page-background-meta":{"desktop":{"background-color":"var(--ast-global-color-4)","background-image":"","background-repeat":"repeat","background-position":"center center","background-size":"auto","background-attachment":"scroll","background-type":"","background-media":"","overlay-type":"","overlay-color":"","overlay-gradient":""},"tablet":{"background-color":"","background-image":"","background-repeat":"repeat","background-position":"center center","background-size":"auto","background-attachment":"scroll","background-type":"","background-media":"","overlay-type":"","overlay-color":"","overlay-gradient":""},"mobile":{"background-color":"","background-image":"","background-repeat":"repeat","background-position":"center center","background-size":"auto","background-attachment":"scroll","background-type":"","background-media":"","overlay-type":"","overlay-color":"","overlay-gradient":""}},"ast-content-background-meta":{"desktop":{"background-color":"var(--ast-global-color-5)","background-image":"","background-repeat":"repeat","background-position":"center center","background-size":"auto","background-attachment":"scroll","background-type":"","background-media":"","overlay-type":"","overlay-color":"","overlay-gradient":""},"tablet":{"background-color":"var(--ast-global-color-5)","background-image":"","background-repeat":"repeat","background-position":"center center","background-size":"auto","background-attachment":"scroll","background-type":"","background-media":"","overlay-type":"","overlay-color":"","overlay-gradient":""},"mobile":{"background-color":"var(--ast-global-color-5)","background-image":"","background-repeat":"repeat","background-position":"center center","background-size":"auto","background-attachment":"scroll","background-type":"","background-media":"","overlay-type":"","overlay-color":"","overlay-gradient":""}},"footnotes":""},"class_list":["post-1516","page","type-page","status-publish","hentry"],"aioseo_notices":[],"_links":{"self":[{"href":"https:\/\/www.street-moto-piece.fr\/blog\/wp-json\/wp\/v2\/pages\/1516","targetHints":{"allow":["GET"]}}],"collection":[{"href":"https:\/\/www.street-moto-piece.fr\/blog\/wp-json\/wp\/v2\/pages"}],"about":[{"href":"https:\/\/www.street-moto-piece.fr\/blog\/wp-json\/wp\/v2\/types\/page"}],"author":[{"embeddable":true,"href":"https:\/\/www.street-moto-piece.fr\/blog\/wp-json\/wp\/v2\/users\/1"}],"replies":[{"embeddable":true,"href":"https:\/\/www.street-moto-piece.fr\/blog\/wp-json\/wp\/v2\/comments?post=1516"}],"version-history":[{"count":4,"href":"https:\/\/www.street-moto-piece.fr\/blog\/wp-json\/wp\/v2\/pages\/1516\/revisions"}],"predecessor-version":[{"id":1520,"href":"https:\/\/www.street-moto-piece.fr\/blog\/wp-json\/wp\/v2\/pages\/1516\/revisions\/1520"}],"up":[{"embeddable":true,"href":"https:\/\/www.street-moto-piece.fr\/blog\/wp-json\/wp\/v2\/pages\/1246"}],"wp:attachment":[{"href":"https:\/\/www.street-moto-piece.fr\/blog\/wp-json\/wp\/v2\/media?parent=1516"}],"curies":[{"name":"wp","href":"https:\/\/api.w.org\/{rel}","templated":true}]}}