{"id":1521,"date":"2023-03-13T13:57:09","date_gmt":"2023-03-13T12:57:09","guid":{"rendered":"https:\/\/www.street-moto-piece.fr\/blog\/?page_id=1521"},"modified":"2023-03-13T13:57:41","modified_gmt":"2023-03-13T12:57:41","slug":"yzf-250-2010-2013","status":"publish","type":"page","link":"https:\/\/www.street-moto-piece.fr\/blog\/fiche-entretien-moto\/yamaha\/yzf-250-2010-2013\/","title":{"rendered":"Guide d&#8217;entretien Yamaha YZF 250 de 2010 \u00e0 2013"},"content":{"rendered":"\t\t<div data-elementor-type=\"wp-page\" data-elementor-id=\"1521\" class=\"elementor elementor-1521\" data-elementor-post-type=\"page\">\n\t\t\t\t\t\t<section class=\"elementor-section elementor-top-section elementor-element elementor-element-c4cda27 elementor-section-boxed elementor-section-height-default elementor-section-height-default\" data-id=\"c4cda27\" data-element_type=\"section\" data-e-type=\"section\">\n\t\t\t\t\t\t<div class=\"elementor-container elementor-column-gap-default\">\n\t\t\t\t\t<div class=\"elementor-column elementor-col-100 elementor-top-column elementor-element elementor-element-384d9bf\" data-id=\"384d9bf\" data-element_type=\"column\" data-e-type=\"column\">\n\t\t\t<div class=\"elementor-widget-wrap elementor-element-populated\">\n\t\t\t\t\t\t<div class=\"elementor-element elementor-element-99d1a7f elementor-widget elementor-widget-heading\" data-id=\"99d1a7f\" data-element_type=\"widget\" data-e-type=\"widget\" data-widget_type=\"heading.default\">\n\t\t\t\t<div class=\"elementor-widget-container\">\n\t\t\t\t\t<h1 class=\"elementor-heading-title elementor-size-default\">Guide d'entretien Yamaha YZF 250 de 2010 \u00e0 2013<\/h1>\t\t\t\t<\/div>\n\t\t\t\t<\/div>\n\t\t\t\t<div class=\"elementor-element elementor-element-7cf57ec elementor-widget elementor-widget-text-editor\" data-id=\"7cf57ec\" data-element_type=\"widget\" data-e-type=\"widget\" data-widget_type=\"text-editor.default\">\n\t\t\t\t<div class=\"elementor-widget-container\">\n\t\t\t\t\t\t\t\t\t<p><strong>Retrouvez sur Street Moto Pi\u00e8ce un r\u00e9capitulatif complet pour effectuer les divers entretiens de votre Yamaha YZ 250 F.<\/strong><\/p><p>En cas de doute sur une pression de pneumatique ou la taille, un type de bougie et son \u00e9cartement d&#8217;\u00e9lectrode ou sur l&#8217;huile pr\u00e9conis\u00e9e ainsi que la quantit\u00e9 n\u00e9cessaire ! Retrouvez toutes les caract\u00e9ristiques pour l&#8217;entretien de votre\u00a0<strong><a href=\"https:\/\/www.street-moto-piece.fr\/3188-yzf-250-de-2010-a-2012\">Yamaha YZF 250 de 2010 \u00e0 2013<\/a><\/strong>.<\/p>\t\t\t\t\t\t\t\t<\/div>\n\t\t\t\t<\/div>\n\t\t\t\t\t<\/div>\n\t\t<\/div>\n\t\t\t\t\t<\/div>\n\t\t<\/section>\n\t\t\t\t<section class=\"elementor-section elementor-top-section elementor-element elementor-element-3220561 elementor-section-boxed elementor-section-height-default elementor-section-height-default\" data-id=\"3220561\" data-element_type=\"section\" data-e-type=\"section\">\n\t\t\t\t\t\t<div class=\"elementor-container elementor-column-gap-default\">\n\t\t\t\t\t<div class=\"elementor-column elementor-col-100 elementor-top-column elementor-element elementor-element-3959194\" data-id=\"3959194\" data-element_type=\"column\" data-e-type=\"column\">\n\t\t\t<div class=\"elementor-widget-wrap elementor-element-populated\">\n\t\t\t\t\t\t<div class=\"elementor-element elementor-element-d092ad1 elementor-widget elementor-widget-text-editor\" data-id=\"d092ad1\" data-element_type=\"widget\" data-e-type=\"widget\" data-widget_type=\"text-editor.default\">\n\t\t\t\t<div class=\"elementor-widget-container\">\n\t\t\t\t\t\t\t\t\t<h2>Capacit\u00e9s fluides :<\/h2><div class=\"table-wrapper\"><table border=\"1\" width=\"488\"><tbody><tr><td>Huile moteur avec filtre a huile<\/td><td>\u00a01,05 Litres en 10W50<\/td><\/tr><tr><td>P\u00e9riodicit\u00e9 vidange moteur<\/td><td>\u00a0<\/td><\/tr><tr><td><strong><a href=\"https:\/\/www.street-moto-piece.fr\/produit-d-entretien-moto-motul\/3667-motocool-factory-line-liquide-de-refroidissement-moto-motul-haute-performance-3663466034919.html\">Liquide de refroidissement<\/a><\/strong><\/td><td>\u00a01 Litre\u00a0<\/td><\/tr><tr><td>P\u00e9riodicit\u00e9 vidange circuit de refroidissement<\/td><td>\u00a0<\/td><\/tr><tr><td>Huile de fourche<\/td><td>\u00a0FD=199\/199 cm\u00b3 FT=337\/337 cm\u00b3<\/td><\/tr><tr><td>Remplacement liquide de frein<\/td><td>\u00a0<\/td><\/tr><\/tbody><\/table><\/div><p>\u00a0<\/p><h2>Caract\u00e9ristiques et Mise au point moteur :<\/h2><div class=\"table-wrapper\"><table border=\"1\" width=\"493\"><tbody><tr><td>Jeu aux soupapes admission<\/td><td>\u00a0Entre 0,12 et 0,17 mm<\/td><\/tr><tr><td>Jeu aux soupapes \u00e9chappement<\/td><td>\u00a0Entre 0,17 et 0,22 mm\u00a0<\/td><\/tr><tr><td>Al\u00e9sage \/ Course<\/td><td>\u00a077m \/ 53,6mm<\/td><\/tr><tr><td>Compression moteur<\/td><td>\u00a0<\/td><\/tr><tr><td>Indice d&#8217;octane minimum \/ Essence pr\u00e9conis\u00e9<\/td><td>\u00a095 \/ SP95 (Sans Plomb 95)<\/td><\/tr><tr><td>Cylindr\u00e9e \/ Nombre de cylindre<\/td><td>\u00a0249 cm3 \/ 1 Cylindre\u00a0<\/td><\/tr><tr><td>R\u00e9gime moteur au ralenti<\/td><td>\u00a02000 tr\/min +-100<\/td><\/tr><\/tbody><\/table><\/div><p>\u00a0<\/p><h2>Syst\u00e8me d&#8217;allumage :<\/h2><div class=\"table-wrapper\"><table border=\"1\" width=\"496\"><tbody><tr><td>R\u00e9sistance bobine primaire<\/td><td>\u00a0Entre 0,08 et 0,1 Ohm\u00a0<\/td><\/tr><tr><td>R\u00e9sistance bobine secondaire<\/td><td>\u00a0Entre 4600 et 6800 Ohm\u00a0<\/td><\/tr><tr><td>R\u00e9sistance capteur allumage<\/td><td>\u00a0Entre 248 et 372 Ohm\u00a0<\/td><\/tr><tr><td>Bougie<\/td><td>\u00a0<strong><a href=\"https:\/\/www.street-moto-piece.fr\/bougie-ngk-moto\/65-bougie-ngk-cr8e-3663466000549.html\">NGK\u00a0CR8E<\/a><\/strong><\/td><\/tr><tr><td>\u00c9cartement \u00e9lectrode bougie<\/td><td>\u00a0Entre 0,7 et 0,8 mm<\/td><\/tr><\/tbody><\/table><\/div><p>\u00a0<\/p><h2>Syst\u00e8me de charge :<\/h2><div class=\"table-wrapper\"><table border=\"1\" width=\"496\"><tbody><tr><td>Puissance de charge maximum<\/td><td>\u00a0<\/td><\/tr><tr><td>Tension de charge<\/td><td>\u00a0<\/td><\/tr><tr><td>Batterie<\/td><td>\u00a0<\/td><\/tr><\/tbody><\/table><\/div><p>\u00a0<\/p><h2>Carburateur :<\/h2><div class=\"table-wrapper\"><table border=\"1\" width=\"499\"><tbody><tr><td>Carburateur<\/td><td>\u00a0Keihin\u00a0FCR-MX37\u00a0<\/td><\/tr><tr><td>Gicleur principale<\/td><td>\u00a0180<\/td><\/tr><tr><td>Gicleur de ralenti<\/td><td>\u00a042<\/td><\/tr><tr><td>Position de l&#8217;aiguille<\/td><td>\u00a0<\/td><\/tr><tr><td>Vis de richesse<\/td><td>\u00a0Desserr\u00e9 de 1,75 tour<\/td><\/tr><tr><td>Niveau de cuve<\/td><td>\u00a08 mm<\/td><\/tr><\/tbody><\/table><\/div><p>\u00a0<\/p><h2>Transmission \/\u00a0<strong><a href=\"https:\/\/www.street-moto-piece.fr\/kit-chaine-moto-cross\/22680-kit-chaine-renforce-did-pbr-pour-yamaha-yz-f-250-10-13-3663466230588.html\">Kit cha\u00eene<\/a><\/strong>\u00a0:<\/h2><div class=\"table-wrapper\"><table border=\"1\" width=\"498\"><tbody><tr><td>Pas de la chaine<\/td><td>\u00a0520\u00a0<\/td><\/tr><tr><td>D\u00e9multiplication<\/td><td>\u00a013&#215;51\u00a0<\/td><\/tr><tr><td>Nombre de maillons\u00a0 \u00a0 \u00a0 \u00a0 \u00a0 \u00a0 \u00a0 \u00a0 \u00a0 \u00a0 \u00a0 \u00a0<\/td><td>\u00a0114 maillons\u00a0<\/td><\/tr><tr><td>Jeu tension de chaine<\/td><td>\u00a0Entre 50 et 60 mm de battement de cha\u00eene\u00a0<\/td><\/tr><\/tbody><\/table><\/div><p>\u00a0<\/p><h2>Pneumatiques :<\/h2><div class=\"table-wrapper\"><table border=\"1\" width=\"494\"><tbody><tr><td>Pneu avant<\/td><td>\u00a080\/100-21 51M\u00a0<\/td><\/tr><tr><td>Pression pneu avant\u00a0 \u00a0 \u00a0 \u00a0 \u00a0 \u00a0 \u00a0 \u00a0 \u00a0 \u00a0 \u00a0 \u00a0 \u00a0 \u00a0 \u00a0 \u00a0 \u00a0 \u00a0 \u00a0 \u00a0 \u00a0<\/td><td>\u00a01,0\u00a0bar (donn\u00e9 constructeur peu varier selon le mod\u00e8le de pneu)<\/td><\/tr><tr><td>Pneu arri\u00e8re<\/td><td>\u00a0100\/90-19 57M<\/td><\/tr><tr><td>Pression pneu arri\u00e8re<\/td><td>\u00a01,0\u00a0bar (donn\u00e9 constructeur peu varier selon le mod\u00e8le de pneu)<\/td><\/tr><\/tbody><\/table><\/div><p>\u00a0<\/p><h2>Couples de serrage :<\/h2><div class=\"table-wrapper\"><table border=\"1\" width=\"501\"><tbody><tr><td>Culasse<\/td><td><p>\u00a01ere passe 19 Nm<\/p><p>\u00a02e passe 38\u00a0Nm<\/p><p>\u00a03e passe 10\u00a0Nm\u00a0<\/p><\/td><\/tr><tr><td>Couvre &#8211; Culasse<\/td><td>\u00a010\u00a0Nm\u00a0<\/td><\/tr><tr><td>Palier arbre a cames<\/td><td>\u00a010\u00a0Nm<\/td><\/tr><tr><td>Pignon arbre a cames<\/td><td>\u00a0<\/td><\/tr><tr><td>Volant magn\u00e9tique<\/td><td>\u00a056\u00a0Nm<\/td><\/tr><tr><td>Moyeu d&#8217;embrayage<\/td><td>\u00a075\u00a0Nm<\/td><\/tr><tr><td>Bougie<\/td><td>\u00a013\u00a0Nm<\/td><\/tr><tr><td>Sonde de temp\u00e9rature<\/td><td>\u00a0\u00a0<\/td><\/tr><tr><td>Sonde Lambda<\/td><td>\u00a0<\/td><\/tr><tr><td>Pignon sorti de boite<\/td><td><p>\u00a0Avant 75\u00a0Nm<\/p><p>\u00a0Arri\u00e8re 42\u00a0Nm<\/p><\/td><\/tr><tr><td>Couronne<\/td><td>\u00a0<\/td><\/tr><tr><td>Etrier avant<\/td><td>\u00a028\u00a0Nm<\/td><\/tr><tr><td>Etrier arri\u00e8re<\/td><td>\u00a0<\/td><\/tr><tr><td>Axe de roue avant<\/td><td>\u00a0105\u00a0Nm<\/td><\/tr><tr><td>Axe de roue arri\u00e8re<\/td><td>\u00a0135\u00a0Nm\u00a0<\/td><\/tr><tr><td>Bride axe de roue avant<\/td><td>\u00a020\u00a0Nm<\/td><\/tr><\/tbody><\/table><\/div><p>\u00a0<\/p><p>Toutes les informations sont donn\u00e9es \u00e0 titre indicatif.<\/p>\t\t\t\t\t\t\t\t<\/div>\n\t\t\t\t<\/div>\n\t\t\t\t\t<\/div>\n\t\t<\/div>\n\t\t\t\t\t<\/div>\n\t\t<\/section>\n\t\t\t\t<\/div>\n\t\t","protected":false},"excerpt":{"rendered":"<p>Guide d&#8217;entretien Yamaha YZF 250 de 2010 \u00e0 2013 Retrouvez sur Street Moto Pi\u00e8ce un r\u00e9capitulatif complet pour effectuer les divers entretiens de votre Yamaha YZ 250 F. En cas de doute sur une pression de pneumatique ou la taille, un type de bougie et son \u00e9cartement d&#8217;\u00e9lectrode ou sur l&#8217;huile pr\u00e9conis\u00e9e ainsi que la [&hellip;]<\/p>\n","protected":false},"author":1,"featured_media":0,"parent":1246,"menu_order":0,"comment_status":"closed","ping_status":"closed","template":"","meta":{"site-sidebar-layout":"no-sidebar","site-content-layout":"page-builder","ast-site-content-layout":"","site-content-style":"default","site-sidebar-style":"default","ast-global-header-display":"","ast-banner-title-visibility":"","ast-main-header-display":"","ast-hfb-above-header-display":"","ast-hfb-below-header-display":"","ast-hfb-mobile-header-display":"","site-post-title":"disabled","ast-breadcrumbs-content":"","ast-featured-img":"disabled","footer-sml-layout":"","theme-transparent-header-meta":"","adv-header-id-meta":"","stick-header-meta":"","header-above-stick-meta":"","header-main-stick-meta":"","header-below-stick-meta":"","astra-migrate-meta-layouts":"default","ast-page-background-enabled":"default","ast-page-background-meta":{"desktop":{"background-color":"var(--ast-global-color-4)","background-image":"","background-repeat":"repeat","background-position":"center center","background-size":"auto","background-attachment":"scroll","background-type":"","background-media":"","overlay-type":"","overlay-color":"","overlay-gradient":""},"tablet":{"background-color":"","background-image":"","background-repeat":"repeat","background-position":"center center","background-size":"auto","background-attachment":"scroll","background-type":"","background-media":"","overlay-type":"","overlay-color":"","overlay-gradient":""},"mobile":{"background-color":"","background-image":"","background-repeat":"repeat","background-position":"center center","background-size":"auto","background-attachment":"scroll","background-type":"","background-media":"","overlay-type":"","overlay-color":"","overlay-gradient":""}},"ast-content-background-meta":{"desktop":{"background-color":"var(--ast-global-color-5)","background-image":"","background-repeat":"repeat","background-position":"center center","background-size":"auto","background-attachment":"scroll","background-type":"","background-media":"","overlay-type":"","overlay-color":"","overlay-gradient":""},"tablet":{"background-color":"var(--ast-global-color-5)","background-image":"","background-repeat":"repeat","background-position":"center center","background-size":"auto","background-attachment":"scroll","background-type":"","background-media":"","overlay-type":"","overlay-color":"","overlay-gradient":""},"mobile":{"background-color":"var(--ast-global-color-5)","background-image":"","background-repeat":"repeat","background-position":"center center","background-size":"auto","background-attachment":"scroll","background-type":"","background-media":"","overlay-type":"","overlay-color":"","overlay-gradient":""}},"footnotes":""},"class_list":["post-1521","page","type-page","status-publish","hentry"],"aioseo_notices":[],"_links":{"self":[{"href":"https:\/\/www.street-moto-piece.fr\/blog\/wp-json\/wp\/v2\/pages\/1521","targetHints":{"allow":["GET"]}}],"collection":[{"href":"https:\/\/www.street-moto-piece.fr\/blog\/wp-json\/wp\/v2\/pages"}],"about":[{"href":"https:\/\/www.street-moto-piece.fr\/blog\/wp-json\/wp\/v2\/types\/page"}],"author":[{"embeddable":true,"href":"https:\/\/www.street-moto-piece.fr\/blog\/wp-json\/wp\/v2\/users\/1"}],"replies":[{"embeddable":true,"href":"https:\/\/www.street-moto-piece.fr\/blog\/wp-json\/wp\/v2\/comments?post=1521"}],"version-history":[{"count":4,"href":"https:\/\/www.street-moto-piece.fr\/blog\/wp-json\/wp\/v2\/pages\/1521\/revisions"}],"predecessor-version":[{"id":1525,"href":"https:\/\/www.street-moto-piece.fr\/blog\/wp-json\/wp\/v2\/pages\/1521\/revisions\/1525"}],"up":[{"embeddable":true,"href":"https:\/\/www.street-moto-piece.fr\/blog\/wp-json\/wp\/v2\/pages\/1246"}],"wp:attachment":[{"href":"https:\/\/www.street-moto-piece.fr\/blog\/wp-json\/wp\/v2\/media?parent=1521"}],"curies":[{"name":"wp","href":"https:\/\/api.w.org\/{rel}","templated":true}]}}