{"id":1526,"date":"2023-03-13T13:58:25","date_gmt":"2023-03-13T12:58:25","guid":{"rendered":"https:\/\/www.street-moto-piece.fr\/blog\/?page_id=1526"},"modified":"2023-03-13T13:59:42","modified_gmt":"2023-03-13T12:59:42","slug":"yzf-450-2014-2015","status":"publish","type":"page","link":"https:\/\/www.street-moto-piece.fr\/blog\/fiche-entretien-moto\/yamaha\/yzf-450-2014-2015\/","title":{"rendered":"Guide d&#8217;entretien Yamaha YZF 450 de 2014 \u00e0 2015"},"content":{"rendered":"\t\t<div data-elementor-type=\"wp-page\" data-elementor-id=\"1526\" class=\"elementor elementor-1526\" data-elementor-post-type=\"page\">\n\t\t\t\t\t\t<section class=\"elementor-section elementor-top-section elementor-element elementor-element-c4cda27 elementor-section-boxed elementor-section-height-default elementor-section-height-default\" data-id=\"c4cda27\" data-element_type=\"section\" data-e-type=\"section\">\n\t\t\t\t\t\t<div class=\"elementor-container elementor-column-gap-default\">\n\t\t\t\t\t<div class=\"elementor-column elementor-col-100 elementor-top-column elementor-element elementor-element-384d9bf\" data-id=\"384d9bf\" data-element_type=\"column\" data-e-type=\"column\">\n\t\t\t<div class=\"elementor-widget-wrap elementor-element-populated\">\n\t\t\t\t\t\t<div class=\"elementor-element elementor-element-99d1a7f elementor-widget elementor-widget-heading\" data-id=\"99d1a7f\" data-element_type=\"widget\" data-e-type=\"widget\" data-widget_type=\"heading.default\">\n\t\t\t\t<div class=\"elementor-widget-container\">\n\t\t\t\t\t<h1 class=\"elementor-heading-title elementor-size-default\"><h1 style=\", sans-serif;margin-bottom: 0.5rem;font-weight: 500;line-height: 1.2;font-size: 2.5rem;font-style: normal;white-space: normal\">Guide d'entretien Yamaha YZF 450 de 2014 \u00e0 2015<\/h1><\/h1>\t\t\t\t<\/div>\n\t\t\t\t<\/div>\n\t\t\t\t<div class=\"elementor-element elementor-element-7cf57ec elementor-widget elementor-widget-text-editor\" data-id=\"7cf57ec\" data-element_type=\"widget\" data-e-type=\"widget\" data-widget_type=\"text-editor.default\">\n\t\t\t\t<div class=\"elementor-widget-container\">\n\t\t\t\t\t\t\t\t\t<p><strong>Profitez de ce tableau des sp\u00e9cifications techniques pour votre Yamaha YZ-F 450 afin d&#8217;effectuer diverses r\u00e9parations et entretiens !<\/strong><\/p><p>En cas de doute sur une pression de pneumatique ou la taille, un type de bougie et son \u00e9cartement d&#8217;\u00e9lectrode ou sur l&#8217;huile pr\u00e9conis\u00e9e ainsi que la quantit\u00e9 n\u00e9cessaire ! Retrouvez toutes les caract\u00e9ristiques pour l&#8217;entretien de votre\u00a0<strong><a href=\"https:\/\/www.street-moto-piece.fr\/3230-yz-f-450-de-2014\">Yamaha YZ 450 F de 2014 \u00e0 2015<\/a><\/strong>.<\/p>\t\t\t\t\t\t\t\t<\/div>\n\t\t\t\t<\/div>\n\t\t\t\t\t<\/div>\n\t\t<\/div>\n\t\t\t\t\t<\/div>\n\t\t<\/section>\n\t\t\t\t<section class=\"elementor-section elementor-top-section elementor-element elementor-element-9047780 elementor-section-boxed elementor-section-height-default elementor-section-height-default\" data-id=\"9047780\" data-element_type=\"section\" data-e-type=\"section\">\n\t\t\t\t\t\t<div class=\"elementor-container elementor-column-gap-default\">\n\t\t\t\t\t<div class=\"elementor-column elementor-col-100 elementor-top-column elementor-element elementor-element-3c7d3f7\" data-id=\"3c7d3f7\" data-element_type=\"column\" data-e-type=\"column\">\n\t\t\t<div class=\"elementor-widget-wrap elementor-element-populated\">\n\t\t\t\t\t\t<div class=\"elementor-element elementor-element-c913d37 elementor-widget elementor-widget-text-editor\" data-id=\"c913d37\" data-element_type=\"widget\" data-e-type=\"widget\" data-widget_type=\"text-editor.default\">\n\t\t\t\t<div class=\"elementor-widget-container\">\n\t\t\t\t\t\t\t\t\t<h2>Capacit\u00e9s fluides :<\/h2><div class=\"table-wrapper\"><table border=\"1\" width=\"480\"><tbody><tr><td>Huile moteur avec filtre a huile<\/td><td>0,67 Litre en\u00a0<strong><a href=\"https:\/\/www.street-moto-piece.fr\/huile-motul-moto\/2419-huile-moto-motul-7100-4t-10w40-4-litres-filtre-a-huile-offert-3663466021810.html\">10W40<\/a>\u00a0<\/strong><\/td><\/tr><tr><td>P\u00e9riodicit\u00e9 vidange moteur<\/td><td>\u00a0<\/td><\/tr><tr><td><strong><a href=\"https:\/\/www.street-moto-piece.fr\/produit-d-entretien-moto-motul\/3667-motocool-factory-line-liquide-de-refroidissement-moto-motul-haute-performance-3663466034919.html\">Liquide de refroidissement<\/a><\/strong><\/td><td>\u00a01,6 Litres<\/td><\/tr><tr><td>P\u00e9riodicit\u00e9 vidange circuit de refroidissement<\/td><td>\u00a0<\/td><\/tr><tr><td>Huile de fourche<\/td><td>\u00a0551ml<\/td><\/tr><tr><td>Remplacement liquide de frein<\/td><td>\u00a0<\/td><\/tr><\/tbody><\/table><\/div><p>\u00a0<\/p><h2>Caract\u00e9ristiques et Mise au point moteur :<\/h2><div class=\"table-wrapper\"><table border=\"1\" width=\"479\"><tbody><tr><td>Jeu aux soupapes admission<\/td><td>\u00a0Entre 0,13 et 0,20 mm\u00a0<\/td><\/tr><tr><td>Jeu aux soupapes \u00e9chappement<\/td><td>\u00a0Entre 0,20 et 0,25 mm\u00a0<\/td><\/tr><tr><td>Al\u00e9sage \/ Course<\/td><td>\u00a097mm \/ 60,8mm<\/td><\/tr><tr><td>Compression moteur<\/td><td>\u00a0<\/td><\/tr><tr><td>Indice d&#8217;octane minimum \/ Essence pr\u00e9conis\u00e9<\/td><td>\u00a095 \/ SP95 (Sans Plomb 95)<\/td><\/tr><tr><td>Cylindr\u00e9e \/ Nombre de cylindre<\/td><td>\u00a0450 cm3 \/ 1 Cylindre\u00a0<\/td><\/tr><tr><td>R\u00e9gime moteur au ralenti<\/td><td>\u00a02000 tr\/min +-100<\/td><\/tr><\/tbody><\/table><\/div><p>\u00a0<\/p><h2>Syst\u00e8me d&#8217;allumage :<\/h2><div class=\"table-wrapper\"><table border=\"1\" width=\"481\"><tbody><tr><td>R\u00e9sistance bobine primaire<\/td><td>\u00a0Entre 2,16 et 2,64 Ohm\u00a0<\/td><\/tr><tr><td>R\u00e9sistance bobine secondaire<\/td><td>\u00a0Entre 8640 et 12960 Ohm\u00a0<\/td><\/tr><tr><td>R\u00e9sistance capteur allumage<\/td><td>\u00a0<\/td><\/tr><tr><td>Bougie<\/td><td>\u00a0<strong><a href=\"https:\/\/www.street-moto-piece.fr\/bougie-ngk-moto\/65-bougie-ngk-cr8e-3663466000549.html\">NGK\u00a0CR8E<\/a><\/strong><\/td><\/tr><tr><td>\u00c9cartement \u00e9lectrode bougie<\/td><td>\u00a0Entre 0,7 et 0,8 mm<\/td><\/tr><\/tbody><\/table><\/div><p>\u00a0<\/p><h2>Syst\u00e8me de charge :<\/h2><div class=\"table-wrapper\"><table border=\"1\" width=\"484\"><tbody><tr><td>Puissance de charge maximum<\/td><td>\u00a07,9 A \u00e0 5000 tr\/min\u00a0<\/td><\/tr><tr><td>Tension de charge<\/td><td>\u00a0Entre 14,1 et 14,9 \u00e0 5000 tr\/min<\/td><\/tr><tr><td>Batterie<\/td><td>\u00a0<\/td><\/tr><\/tbody><\/table><\/div><p>\u00a0<\/p><h2>Carburateur :<\/h2><div class=\"table-wrapper\"><table border=\"1\" width=\"486\"><tbody><tr><td>Carburateur<\/td><td>\u00a0Yamaha\u00a01SL1\u00a0<\/td><\/tr><tr><td>Gicleur principale<\/td><td>\u00a0<\/td><\/tr><tr><td>Gicleur de ralenti<\/td><td>\u00a0<\/td><\/tr><tr><td>Position de l&#8217;aiguille<\/td><td>\u00a0<\/td><\/tr><tr><td>Vis de richesse<\/td><td>\u00a0<\/td><\/tr><tr><td>Niveau de cuve<\/td><td>\u00a0<\/td><\/tr><\/tbody><\/table><\/div><p>\u00a0<\/p><h2>Transmission \/\u00a0<strong><a href=\"https:\/\/www.street-moto-piece.fr\/kit-chaine-moto-cross\/22685-kit-chaine-renforce-did-pbr-pour-yamaha-yz-f-450-14-15-3663466230632.html\">Kit cha\u00eene<\/a><\/strong>\u00a0:<\/h2><div class=\"table-wrapper\"><table border=\"1\" width=\"486\"><tbody><tr><td>Pas de la chaine<\/td><td>\u00a0520\u00a0\u00a0<\/td><\/tr><tr><td>D\u00e9multiplication\u00a0 \u00a0 \u00a0 \u00a0 \u00a0 \u00a0 \u00a0 \u00a0\u00a0<\/td><td>\u00a013&#215;49<\/td><\/tr><tr><td>Nombre de maillons<\/td><td>\u00a0114 maillons\u00a0<\/td><\/tr><tr><td>Jeu tension de chaine<\/td><td>\u00a0Entre 50 et 60 de battement de cha\u00eene\u00a0<\/td><\/tr><\/tbody><\/table><\/div><p>\u00a0<\/p><h2>Pneumatiques :<\/h2><div class=\"table-wrapper\"><table border=\"1\" width=\"490\"><tbody><tr><td>Pneu avant<\/td><td>\u00a080\/100-21 51M\u00a0<\/td><\/tr><tr><td>Pression pneu avant\u00a0 \u00a0 \u00a0 \u00a0 \u00a0 \u00a0 \u00a0 \u00a0 \u00a0 \u00a0 \u00a0 \u00a0 \u00a0 \u00a0 \u00a0 \u00a0\u00a0<\/td><td>\u00a01\u00a0bar (donn\u00e9 constructeur peu varier selon le mod\u00e8le de pneu)<\/td><\/tr><tr><td>Pneu arri\u00e8re<\/td><td>\u00a0110\/90-19 62M<\/td><\/tr><tr><td>Pression pneu arri\u00e8re<\/td><td>\u00a01\u00a0bar (donn\u00e9 constructeur peu varier selon le mod\u00e8le de pneu)<\/td><\/tr><\/tbody><\/table><\/div><p>\u00a0<\/p><h2>Couples de serrage :<\/h2><div class=\"table-wrapper\"><table border=\"1\" width=\"488\"><tbody><tr><td>Culasse<\/td><td><p>1ere passe 30 Nm\u00a0<\/p><p>2e Desserrer<\/p><p>3e passe 20\u00a0Nm\u00a0<\/p><p>4e passe 150\u00b0<\/p><p>5e passe 10\u00a0Nm\u00a0<\/p><\/td><\/tr><tr><td>Couvre &#8211; Culasse<\/td><td>\u00a010\u00a0Nm<\/td><\/tr><tr><td>Palier arbre a cames<\/td><td>\u00a010\u00a0Nm<\/td><\/tr><tr><td>Pignon arbre a cames<\/td><td>\u00a0<\/td><\/tr><tr><td>Volant magn\u00e9tique<\/td><td>\u00a065\u00a0Nm<\/td><\/tr><tr><td>Moyeu d&#8217;embrayage<\/td><td>\u00a075\u00a0Nm<\/td><\/tr><tr><td>Bougie<\/td><td>\u00a013\u00a0Nm<\/td><\/tr><tr><td>Sonde de temp\u00e9rature<\/td><td>\u00a016\u00a0Nm<\/td><\/tr><tr><td>Sonde Lambda<\/td><td>\u00a0<\/td><\/tr><tr><td>Pignon sorti de boite<\/td><td><p>\u00a0Avant 75\u00a0Nm<\/p><p>\u00a0Arri\u00e8re 42\u00a0Nm<\/p><\/td><\/tr><tr><td>Couronne<\/td><td>\u00a0<\/td><\/tr><tr><td>Etrier avant<\/td><td>\u00a028\u00a0Nm\u00a0<\/td><\/tr><tr><td>Etrier arri\u00e8re<\/td><td>\u00a0<\/td><\/tr><tr><td>Axe de roue avant<\/td><td>\u00a0115\u00a0Nm<\/td><\/tr><tr><td>Axe de roue arri\u00e8re<\/td><td>\u00a0135\u00a0Nm\u00a0<\/td><\/tr><tr><td>Bride axe de roue avant<\/td><td>\u00a021\u00a0Nm<\/td><\/tr><\/tbody><\/table><\/div><p>\u00a0<\/p><p>Toutes les informations sont donn\u00e9es \u00e0 titre indicatif.<\/p>\t\t\t\t\t\t\t\t<\/div>\n\t\t\t\t<\/div>\n\t\t\t\t\t<\/div>\n\t\t<\/div>\n\t\t\t\t\t<\/div>\n\t\t<\/section>\n\t\t\t\t<\/div>\n\t\t","protected":false},"excerpt":{"rendered":"<p>Guide d&#8217;entretien Yamaha YZF 450 de 2014 \u00e0 2015 Profitez de ce tableau des sp\u00e9cifications techniques pour votre Yamaha YZ-F 450 afin d&#8217;effectuer diverses r\u00e9parations et entretiens ! En cas de doute sur une pression de pneumatique ou la taille, un type de bougie et son \u00e9cartement d&#8217;\u00e9lectrode ou sur l&#8217;huile pr\u00e9conis\u00e9e ainsi que la [&hellip;]<\/p>\n","protected":false},"author":1,"featured_media":0,"parent":1246,"menu_order":0,"comment_status":"closed","ping_status":"closed","template":"","meta":{"site-sidebar-layout":"no-sidebar","site-content-layout":"page-builder","ast-site-content-layout":"","site-content-style":"default","site-sidebar-style":"default","ast-global-header-display":"","ast-banner-title-visibility":"","ast-main-header-display":"","ast-hfb-above-header-display":"","ast-hfb-below-header-display":"","ast-hfb-mobile-header-display":"","site-post-title":"disabled","ast-breadcrumbs-content":"","ast-featured-img":"disabled","footer-sml-layout":"","theme-transparent-header-meta":"","adv-header-id-meta":"","stick-header-meta":"","header-above-stick-meta":"","header-main-stick-meta":"","header-below-stick-meta":"","astra-migrate-meta-layouts":"default","ast-page-background-enabled":"default","ast-page-background-meta":{"desktop":{"background-color":"var(--ast-global-color-4)","background-image":"","background-repeat":"repeat","background-position":"center center","background-size":"auto","background-attachment":"scroll","background-type":"","background-media":"","overlay-type":"","overlay-color":"","overlay-gradient":""},"tablet":{"background-color":"","background-image":"","background-repeat":"repeat","background-position":"center center","background-size":"auto","background-attachment":"scroll","background-type":"","background-media":"","overlay-type":"","overlay-color":"","overlay-gradient":""},"mobile":{"background-color":"","background-image":"","background-repeat":"repeat","background-position":"center center","background-size":"auto","background-attachment":"scroll","background-type":"","background-media":"","overlay-type":"","overlay-color":"","overlay-gradient":""}},"ast-content-background-meta":{"desktop":{"background-color":"var(--ast-global-color-5)","background-image":"","background-repeat":"repeat","background-position":"center center","background-size":"auto","background-attachment":"scroll","background-type":"","background-media":"","overlay-type":"","overlay-color":"","overlay-gradient":""},"tablet":{"background-color":"var(--ast-global-color-5)","background-image":"","background-repeat":"repeat","background-position":"center center","background-size":"auto","background-attachment":"scroll","background-type":"","background-media":"","overlay-type":"","overlay-color":"","overlay-gradient":""},"mobile":{"background-color":"var(--ast-global-color-5)","background-image":"","background-repeat":"repeat","background-position":"center center","background-size":"auto","background-attachment":"scroll","background-type":"","background-media":"","overlay-type":"","overlay-color":"","overlay-gradient":""}},"footnotes":""},"class_list":["post-1526","page","type-page","status-publish","hentry"],"aioseo_notices":[],"_links":{"self":[{"href":"https:\/\/www.street-moto-piece.fr\/blog\/wp-json\/wp\/v2\/pages\/1526","targetHints":{"allow":["GET"]}}],"collection":[{"href":"https:\/\/www.street-moto-piece.fr\/blog\/wp-json\/wp\/v2\/pages"}],"about":[{"href":"https:\/\/www.street-moto-piece.fr\/blog\/wp-json\/wp\/v2\/types\/page"}],"author":[{"embeddable":true,"href":"https:\/\/www.street-moto-piece.fr\/blog\/wp-json\/wp\/v2\/users\/1"}],"replies":[{"embeddable":true,"href":"https:\/\/www.street-moto-piece.fr\/blog\/wp-json\/wp\/v2\/comments?post=1526"}],"version-history":[{"count":4,"href":"https:\/\/www.street-moto-piece.fr\/blog\/wp-json\/wp\/v2\/pages\/1526\/revisions"}],"predecessor-version":[{"id":1530,"href":"https:\/\/www.street-moto-piece.fr\/blog\/wp-json\/wp\/v2\/pages\/1526\/revisions\/1530"}],"up":[{"embeddable":true,"href":"https:\/\/www.street-moto-piece.fr\/blog\/wp-json\/wp\/v2\/pages\/1246"}],"wp:attachment":[{"href":"https:\/\/www.street-moto-piece.fr\/blog\/wp-json\/wp\/v2\/media?parent=1526"}],"curies":[{"name":"wp","href":"https:\/\/api.w.org\/{rel}","templated":true}]}}