{"id":1531,"date":"2023-03-13T14:01:08","date_gmt":"2023-03-13T13:01:08","guid":{"rendered":"https:\/\/www.street-moto-piece.fr\/blog\/?page_id=1531"},"modified":"2023-03-13T14:03:02","modified_gmt":"2023-03-13T13:03:02","slug":"bmw-r1200gs-2013-2017","status":"publish","type":"page","link":"https:\/\/www.street-moto-piece.fr\/blog\/fiche-entretien-moto\/bmw\/bmw-r1200gs-2013-2017\/","title":{"rendered":"Guide d&#8217;entretien BMW R 1200 GS de 2013 \u00e0 2017"},"content":{"rendered":"\t\t<div data-elementor-type=\"wp-page\" data-elementor-id=\"1531\" class=\"elementor elementor-1531\" data-elementor-post-type=\"page\">\n\t\t\t\t\t\t<section class=\"elementor-section elementor-top-section elementor-element elementor-element-c4cda27 elementor-section-boxed elementor-section-height-default elementor-section-height-default\" data-id=\"c4cda27\" data-element_type=\"section\" data-e-type=\"section\">\n\t\t\t\t\t\t<div class=\"elementor-container elementor-column-gap-default\">\n\t\t\t\t\t<div class=\"elementor-column elementor-col-100 elementor-top-column elementor-element elementor-element-384d9bf\" data-id=\"384d9bf\" data-element_type=\"column\" data-e-type=\"column\">\n\t\t\t<div class=\"elementor-widget-wrap elementor-element-populated\">\n\t\t\t\t\t\t<div class=\"elementor-element elementor-element-99d1a7f elementor-widget elementor-widget-heading\" data-id=\"99d1a7f\" data-element_type=\"widget\" data-e-type=\"widget\" data-widget_type=\"heading.default\">\n\t\t\t\t<div class=\"elementor-widget-container\">\n\t\t\t\t\t<h1 class=\"elementor-heading-title elementor-size-default\">Guide d'entretien BMW R 1200 GS de 2013 \u00e0 2017<\/h1>\t\t\t\t<\/div>\n\t\t\t\t<\/div>\n\t\t\t\t<div class=\"elementor-element elementor-element-7cf57ec elementor-widget elementor-widget-text-editor\" data-id=\"7cf57ec\" data-element_type=\"widget\" data-e-type=\"widget\" data-widget_type=\"text-editor.default\">\n\t\t\t\t<div class=\"elementor-widget-container\">\n\t\t\t\t\t\t\t\t\t<p><strong>Faire des entretiens r\u00e9guliers de votre moto permettra de rallonger sa dur\u00e9e de vie et \u00e9galement de faire des \u00e9conomies en allant moins souvent chez le garagiste. Retrouvez alors notre tableau r\u00e9capitulatif des caract\u00e9ristiques techniques de votre BMW R 1200 GS de 2013 \u00e0 2017.<\/strong><\/p><p>En cas de doute sur une pression de pneumatique ou la taille, un type de bougie et son \u00e9cartement d&#8217;\u00e9lectrode ou sur l&#8217;huile pr\u00e9conis\u00e9e ainsi que la quantit\u00e9 n\u00e9cessaire ! Retrouvez toutes les caract\u00e9ristiques pour l&#8217;entretien de votre moto\u00a0<strong><a href=\"https:\/\/www.street-moto-piece.fr\/2134-r-1200-gs-de-2013-a-2016-et-adventure-de-2014-a-2016\">BMW R1200 GS de 2013 \u00e0 2017<\/a><\/strong><strong>.<\/strong><\/p>\t\t\t\t\t\t\t\t<\/div>\n\t\t\t\t<\/div>\n\t\t\t\t\t<\/div>\n\t\t<\/div>\n\t\t\t\t\t<\/div>\n\t\t<\/section>\n\t\t\t\t<section class=\"elementor-section elementor-top-section elementor-element elementor-element-5eefa86 elementor-section-boxed elementor-section-height-default elementor-section-height-default\" data-id=\"5eefa86\" data-element_type=\"section\" data-e-type=\"section\">\n\t\t\t\t\t\t<div class=\"elementor-container elementor-column-gap-default\">\n\t\t\t\t\t<div class=\"elementor-column elementor-col-100 elementor-top-column elementor-element elementor-element-cda7140\" data-id=\"cda7140\" data-element_type=\"column\" data-e-type=\"column\">\n\t\t\t<div class=\"elementor-widget-wrap elementor-element-populated\">\n\t\t\t\t\t\t<div class=\"elementor-element elementor-element-bcd1181 elementor-widget elementor-widget-text-editor\" data-id=\"bcd1181\" data-element_type=\"widget\" data-e-type=\"widget\" data-widget_type=\"text-editor.default\">\n\t\t\t\t<div class=\"elementor-widget-container\">\n\t\t\t\t\t\t\t\t\t<h2>Capacit\u00e9s fluides :<\/h2><div class=\"table-wrapper\"><table border=\"1\" width=\"483\"><tbody><tr><td>Huile moteur avec filtre a huile<\/td><td><strong><a href=\"https:\/\/www.street-moto-piece.fr\/huile-motul-moto\/19109-huile-moto-motul-7100-5w40-4-litres-filtre-a-huile-offert-3663466186885.html\">4,2 Litres en 5W40<\/a><\/strong>\u00a0<\/td><\/tr><tr><td>P\u00e9riodicit\u00e9 vidange moteur<\/td><td>\u00a0Tous les 10 000 ou 12 mois<\/td><\/tr><tr><td>Liquide de refroidissement<\/td><td>\u00a0<strong><a href=\"https:\/\/www.street-moto-piece.fr\/produit-d-entretien-moto-motul\/3667-motocool-factory-line-liquide-de-refroidissement-moto-motul-haute-performance-3663466034919.html?search_query=liquide+refroidissement&amp;results=17\">1,5 L<\/a><\/strong><\/td><\/tr><tr><td>P\u00e9riodicit\u00e9 vidange circuit de refroidissement<\/td><td>\u00a0<\/td><\/tr><tr><td>Huile de fourche<\/td><td>\u00a0540 ml par tube en\u00a0<strong><a href=\"https:\/\/www.street-moto-piece.fr\/huile-motul-moto\/2443-huile-motul-fork-oil-expert-medium-10w-1-litre-pour-fourche-moto-3663466022053.html\">10W<\/a><\/strong><\/td><\/tr><tr><td>Remplacement\u00a0<strong><a href=\"https:\/\/www.street-moto-piece.fr\/produit-d-entretien-moto-motul\/3686-liquide-de-frein-motul-dot-3-4-brake-fluid-pour-moto-3663466035107.html\">liquide de frein<\/a><\/strong><\/td><td>A remplacer tous les 24 mois<\/td><\/tr><\/tbody><\/table><\/div><p>\u00a0<\/p><h2>Caract\u00e9ristiques et Mise au point moteur :<\/h2><div class=\"table-wrapper\"><table border=\"1\" width=\"477\"><tbody><tr><td>Jeu aux soupapes admission<\/td><td>Entre 0,10 et 0,17 mm\u00a0<\/td><\/tr><tr><td>Jeu aux soupapes \u00e9chappement<\/td><td>\u00a0Entre 0,34 et 0,41 mm<\/td><\/tr><tr><td>Al\u00e9sage \/ Course<\/td><td>\u00a0101 mm \/ 73 mm<\/td><\/tr><tr><td>Compression moteur<\/td><td>\u00a0Entre 10 et 14 bar<\/td><\/tr><tr><td>Indice d&#8217;octane minimum \/ Essence pr\u00e9conis\u00e9<\/td><td>\u00a095 \/ SP95 (Sans Plomb 95)<\/td><\/tr><tr><td>Cylindr\u00e9e \/ Nombre de cylindre<\/td><td>\u00a01170 cm3 \/ 2 cylindres<\/td><\/tr><tr><td>R\u00e9gime moteur au ralenti<\/td><td>\u00a01150 tr\/min +-50<\/td><\/tr><\/tbody><\/table><\/div><p>\u00a0<\/p><h2>Syst\u00e8me d&#8217;allumage :<\/h2><div class=\"table-wrapper\"><table border=\"1\" width=\"478\"><tbody><tr><td>R\u00e9sistance bobine primaire<\/td><td>\u00a0<\/td><\/tr><tr><td>R\u00e9sistance bobine secondaire<\/td><td>\u00a0<\/td><\/tr><tr><td>R\u00e9sistance capteur allumage<\/td><td>\u00a0<\/td><\/tr><tr><td>Bougie<\/td><td><strong><a href=\"https:\/\/www.street-moto-piece.fr\/bougie-ngk-moto\/4585-bougie-ngk-mar8bjds-3663466043898.html\">LMAR8D-J<\/a><\/strong>\u00a0<\/td><\/tr><tr><td>\u00c9cartement \u00e9lectrode bougie<\/td><td>\u00a0Entre 0,7 et 0,9 mm<\/td><\/tr><\/tbody><\/table><\/div><p>\u00a0<\/p><h2>Syst\u00e8me de charge :<\/h2><div class=\"table-wrapper\"><table border=\"1\" width=\"476\"><tbody><tr><td>Puissance de charge maximum<\/td><td>\u00a0<\/td><\/tr><tr><td>Tension de charge<\/td><td>\u00a0<\/td><\/tr><tr><td>Batterie<\/td><td>\u00a0<\/td><\/tr><\/tbody><\/table><\/div><p>\u00a0<\/p><h2>Carburateur :<\/h2><div class=\"table-wrapper\"><table border=\"1\" width=\"468\"><tbody><tr><td>Carburateur<\/td><td>Bosch BMS-K\u00a0<\/td><\/tr><tr><td>Gicleur principale<\/td><td>\u00a0<\/td><\/tr><tr><td>Gicleur de ralenti<\/td><td>\u00a0<\/td><\/tr><tr><td>Position de l&#8217;aiguille<\/td><td>\u00a0<\/td><\/tr><tr><td>Vis de richesse<\/td><td>\u00a0<\/td><\/tr><tr><td>Niveau de cuve<\/td><td>\u00a0<\/td><\/tr><\/tbody><\/table><\/div><p>\u00a0<\/p><h2>Transmission \/ Kit cha\u00eene :<\/h2><div class=\"table-wrapper\"><table border=\"1\" width=\"470\"><tbody><tr><td>Pas de la chaine<\/td><td>\u00a0<\/td><\/tr><tr><td>D\u00e9multiplication<\/td><td>\u00a0<\/td><\/tr><tr><td>Nombre de maillons<\/td><td>\u00a0<\/td><\/tr><tr><td>Jeu tension de chaine<\/td><td>\u00a0<\/td><\/tr><\/tbody><\/table><\/div><p>\u00a0<\/p><h2>Pneumatiques :<\/h2><div class=\"table-wrapper\"><table border=\"1\" width=\"462\"><tbody><tr><td>Pneu avant<\/td><td>120\/70 R-19\u00a0<\/td><\/tr><tr><td>Pression pneu avant<\/td><td>\u00a0\u00a02,5 bar (donn\u00e9 constructeur peu varier selon le mod\u00e8le de pneu<\/td><\/tr><tr><td>Pneu arri\u00e8re<\/td><td>\u00a0170\/60 R-17<\/td><\/tr><tr><td>Pression pneu arri\u00e8re<\/td><td>\u00a0\u00a02,9 bar (donn\u00e9 constructeur peu varier selon le mod\u00e8le de pneu<\/td><\/tr><\/tbody><\/table><\/div><p>\u00a0<\/p><h2>Couples de serrage :<\/h2><div class=\"table-wrapper\"><table border=\"1\" width=\"462\"><tbody><tr><td>Culasse<\/td><td>\u00a0<\/td><\/tr><tr><td>Couvre &#8211; Culasse<\/td><td>\u00a010 Nm<\/td><\/tr><tr><td>Palier arbre a cames<\/td><td>\u00a010 Nm<\/td><\/tr><tr><td>Pignon arbre a cames<\/td><td>65 Nm\u00a0<\/td><\/tr><tr><td>Volant magn\u00e9tique<\/td><td>\u00a0<\/td><\/tr><tr><td>Moyeu d&#8217;embrayage<\/td><td>150 Nm\u00a0<\/td><\/tr><tr><td>Bougie<\/td><td>12 Nm\u00a0<\/td><\/tr><tr><td>Sonde de temp\u00e9rature<\/td><td>15 Nm\u00a0<\/td><\/tr><tr><td>Sonde Lambda<\/td><td>45 Nm\u00a0<\/td><\/tr><tr><td>Pignon sorti de boite<\/td><td>\u00a0<\/td><\/tr><tr><td>Couronne<\/td><td>\u00a0<\/td><\/tr><tr><td>Etrier avant<\/td><td>\u00a0<\/td><\/tr><tr><td>Etrier arri\u00e8re<\/td><td>\u00a0<\/td><\/tr><tr><td>Axe de roue avant<\/td><td>30 Nm\u00a0<\/td><\/tr><tr><td>Axe de roue arri\u00e8re<\/td><td>60 Nm\u00a0<\/td><\/tr><tr><td>Bride axe de roue avant<\/td><td>19 Nm\u00a0<\/td><\/tr><\/tbody><\/table><\/div><p>\u00a0<\/p><p>Toutes les informations sont donn\u00e9es \u00e0 titre indicatif.<\/p>\t\t\t\t\t\t\t\t<\/div>\n\t\t\t\t<\/div>\n\t\t\t\t\t<\/div>\n\t\t<\/div>\n\t\t\t\t\t<\/div>\n\t\t<\/section>\n\t\t\t\t<\/div>\n\t\t","protected":false},"excerpt":{"rendered":"<p>Guide d&#8217;entretien BMW R 1200 GS de 2013 \u00e0 2017 Faire des entretiens r\u00e9guliers de votre moto permettra de rallonger sa dur\u00e9e de vie et \u00e9galement de faire des \u00e9conomies en allant moins souvent chez le garagiste. Retrouvez alors notre tableau r\u00e9capitulatif des caract\u00e9ristiques techniques de votre BMW R 1200 GS de 2013 \u00e0 2017. [&hellip;]<\/p>\n","protected":false},"author":1,"featured_media":0,"parent":1207,"menu_order":0,"comment_status":"closed","ping_status":"closed","template":"","meta":{"site-sidebar-layout":"no-sidebar","site-content-layout":"page-builder","ast-site-content-layout":"","site-content-style":"default","site-sidebar-style":"default","ast-global-header-display":"","ast-banner-title-visibility":"","ast-main-header-display":"","ast-hfb-above-header-display":"","ast-hfb-below-header-display":"","ast-hfb-mobile-header-display":"","site-post-title":"disabled","ast-breadcrumbs-content":"","ast-featured-img":"disabled","footer-sml-layout":"","theme-transparent-header-meta":"","adv-header-id-meta":"","stick-header-meta":"","header-above-stick-meta":"","header-main-stick-meta":"","header-below-stick-meta":"","astra-migrate-meta-layouts":"default","ast-page-background-enabled":"default","ast-page-background-meta":{"desktop":{"background-color":"var(--ast-global-color-4)","background-image":"","background-repeat":"repeat","background-position":"center center","background-size":"auto","background-attachment":"scroll","background-type":"","background-media":"","overlay-type":"","overlay-color":"","overlay-gradient":""},"tablet":{"background-color":"","background-image":"","background-repeat":"repeat","background-position":"center center","background-size":"auto","background-attachment":"scroll","background-type":"","background-media":"","overlay-type":"","overlay-color":"","overlay-gradient":""},"mobile":{"background-color":"","background-image":"","background-repeat":"repeat","background-position":"center center","background-size":"auto","background-attachment":"scroll","background-type":"","background-media":"","overlay-type":"","overlay-color":"","overlay-gradient":""}},"ast-content-background-meta":{"desktop":{"background-color":"var(--ast-global-color-5)","background-image":"","background-repeat":"repeat","background-position":"center center","background-size":"auto","background-attachment":"scroll","background-type":"","background-media":"","overlay-type":"","overlay-color":"","overlay-gradient":""},"tablet":{"background-color":"var(--ast-global-color-5)","background-image":"","background-repeat":"repeat","background-position":"center center","background-size":"auto","background-attachment":"scroll","background-type":"","background-media":"","overlay-type":"","overlay-color":"","overlay-gradient":""},"mobile":{"background-color":"var(--ast-global-color-5)","background-image":"","background-repeat":"repeat","background-position":"center center","background-size":"auto","background-attachment":"scroll","background-type":"","background-media":"","overlay-type":"","overlay-color":"","overlay-gradient":""}},"footnotes":""},"class_list":["post-1531","page","type-page","status-publish","hentry"],"aioseo_notices":[],"_links":{"self":[{"href":"https:\/\/www.street-moto-piece.fr\/blog\/wp-json\/wp\/v2\/pages\/1531","targetHints":{"allow":["GET"]}}],"collection":[{"href":"https:\/\/www.street-moto-piece.fr\/blog\/wp-json\/wp\/v2\/pages"}],"about":[{"href":"https:\/\/www.street-moto-piece.fr\/blog\/wp-json\/wp\/v2\/types\/page"}],"author":[{"embeddable":true,"href":"https:\/\/www.street-moto-piece.fr\/blog\/wp-json\/wp\/v2\/users\/1"}],"replies":[{"embeddable":true,"href":"https:\/\/www.street-moto-piece.fr\/blog\/wp-json\/wp\/v2\/comments?post=1531"}],"version-history":[{"count":5,"href":"https:\/\/www.street-moto-piece.fr\/blog\/wp-json\/wp\/v2\/pages\/1531\/revisions"}],"predecessor-version":[{"id":1536,"href":"https:\/\/www.street-moto-piece.fr\/blog\/wp-json\/wp\/v2\/pages\/1531\/revisions\/1536"}],"up":[{"embeddable":true,"href":"https:\/\/www.street-moto-piece.fr\/blog\/wp-json\/wp\/v2\/pages\/1207"}],"wp:attachment":[{"href":"https:\/\/www.street-moto-piece.fr\/blog\/wp-json\/wp\/v2\/media?parent=1531"}],"curies":[{"name":"wp","href":"https:\/\/api.w.org\/{rel}","templated":true}]}}