{"id":2043,"date":"2023-08-25T14:51:19","date_gmt":"2023-08-25T12:51:19","guid":{"rendered":"https:\/\/www.street-moto-piece.fr\/blog\/?page_id=2043"},"modified":"2023-08-25T15:20:42","modified_gmt":"2023-08-25T13:20:42","slug":"r1250gs-2022-2023","status":"publish","type":"page","link":"https:\/\/www.street-moto-piece.fr\/blog\/fiche-entretien-moto\/bmw\/r1250gs-2022-2023\/","title":{"rendered":"Guide d&#8217;entretien BMW R 1250 GS de 2022 \u00e0 2023"},"content":{"rendered":"\t\t<div data-elementor-type=\"wp-page\" data-elementor-id=\"2043\" class=\"elementor elementor-2043\" data-elementor-post-type=\"page\">\n\t\t\t\t\t\t<section class=\"elementor-section elementor-top-section elementor-element elementor-element-c4cda27 elementor-section-boxed elementor-section-height-default elementor-section-height-default\" data-id=\"c4cda27\" data-element_type=\"section\" data-e-type=\"section\">\n\t\t\t\t\t\t<div class=\"elementor-container elementor-column-gap-default\">\n\t\t\t\t\t<div class=\"elementor-column elementor-col-100 elementor-top-column elementor-element elementor-element-384d9bf\" data-id=\"384d9bf\" data-element_type=\"column\" data-e-type=\"column\">\n\t\t\t<div class=\"elementor-widget-wrap elementor-element-populated\">\n\t\t\t\t\t\t<div class=\"elementor-element elementor-element-99d1a7f elementor-widget elementor-widget-heading\" data-id=\"99d1a7f\" data-element_type=\"widget\" data-e-type=\"widget\" data-widget_type=\"heading.default\">\n\t\t\t\t<div class=\"elementor-widget-container\">\n\t\t\t\t\t<h1 class=\"elementor-heading-title elementor-size-default\">Guide d'entretien BMW R 1250 GS de 2022 \u00e0 2023<\/h1>\t\t\t\t<\/div>\n\t\t\t\t<\/div>\n\t\t\t\t<div class=\"elementor-element elementor-element-7cf57ec elementor-widget elementor-widget-text-editor\" data-id=\"7cf57ec\" data-element_type=\"widget\" data-e-type=\"widget\" data-widget_type=\"text-editor.default\">\n\t\t\t\t<div class=\"elementor-widget-container\">\n\t\t\t\t\t\t\t\t\t<p><strong>Faire des entretiens r\u00e9guliers de votre moto permettra de rallonger sa dur\u00e9e de vie et \u00e9galement de faire des \u00e9conomies en allant moins souvent chez le garagiste. Retrouvez alors notre tableau r\u00e9capitulatif des caract\u00e9ristiques techniques de votre BMW R 1250 GS de 2022 \u00e0 2023.<\/strong><\/p><p>En cas de doute sur une pression de pneumatique ou la taille, un type de bougie et son \u00e9cartement d&#8217;\u00e9lectrode ou sur l&#8217;huile pr\u00e9conis\u00e9e ainsi que la quantit\u00e9 n\u00e9cessaire ! Retrouvez toutes les caract\u00e9ristiques pour l&#8217;entretien de votre moto\u00a0<a href=\"https:\/\/www.street-moto-piece.fr\/5040-r-1250-gs-et-adventure-de-2019-a-2022\"><strong>BMW R1250 GS de 2022 \u00e0 2023<\/strong><strong>.<\/strong><\/a><\/p>\t\t\t\t\t\t\t\t<\/div>\n\t\t\t\t<\/div>\n\t\t\t\t\t<\/div>\n\t\t<\/div>\n\t\t\t\t\t<\/div>\n\t\t<\/section>\n\t\t\t\t<section class=\"elementor-section elementor-top-section elementor-element elementor-element-5eefa86 elementor-section-boxed elementor-section-height-default elementor-section-height-default\" data-id=\"5eefa86\" data-element_type=\"section\" data-e-type=\"section\">\n\t\t\t\t\t\t<div class=\"elementor-container elementor-column-gap-default\">\n\t\t\t\t\t<div class=\"elementor-column elementor-col-100 elementor-top-column elementor-element elementor-element-cda7140\" data-id=\"cda7140\" data-element_type=\"column\" data-e-type=\"column\">\n\t\t\t<div class=\"elementor-widget-wrap elementor-element-populated\">\n\t\t\t\t\t\t<div class=\"elementor-element elementor-element-bcd1181 elementor-widget elementor-widget-text-editor\" data-id=\"bcd1181\" data-element_type=\"widget\" data-e-type=\"widget\" data-widget_type=\"text-editor.default\">\n\t\t\t\t<div class=\"elementor-widget-container\">\n\t\t\t\t\t\t\t\t\t<h2>Capacit\u00e9s fluides :<\/h2>\n<div>\n<table border=\"1\" width=\"483\">\n<tbody>\n<tr>\n<td>Huile moteur avec filtre \u00e0 huile<\/td>\n<td><strong><a href=\"https:\/\/www.street-moto-piece.fr\/huile-motul-moto\/19109-huile-moto-motul-7100-5w40-4-litres-filtre-a-huile-offert-3663466186885.html\">4 Litres en 5W40<\/a><\/strong>&nbsp;<\/td>\n<\/tr>\n<tr>\n<td>P\u00e9riodicit\u00e9 vidange moteur<\/td>\n<td>&nbsp;Tous les 10 000 ou 12 mois<\/td>\n<\/tr>\n<tr>\n<td>Liquide de refroidissement<\/td>\n<td>&nbsp;<strong><a href=\"https:\/\/www.street-moto-piece.fr\/produit-d-entretien-moto-motul\/3667-motocool-factory-line-liquide-de-refroidissement-moto-motul-haute-performance-3663466034919.html?search_query=liquide+refroidissement&amp;results=17\">1,5 L<\/a><\/strong><\/td>\n<\/tr>\n<tr>\n<td>P\u00e9riodicit\u00e9 vidange circuit de refroidissement<\/td>\n<td>&nbsp;<\/td>\n<\/tr>\n<tr>\n<td>Huile de fourche<\/td>\n<td>&nbsp;485\/485 cm\u00b3 par tube en&nbsp;<strong><a href=\"https:\/\/www.street-moto-piece.fr\/huile-motul-moto\/2443-huile-motul-fork-oil-expert-medium-10w-1-litre-pour-fourche-moto-3663466022053.html\">10W<\/a><\/strong><\/td>\n<\/tr>\n<tr>\n<td>Remplacement&nbsp;<strong><a href=\"https:\/\/www.street-moto-piece.fr\/produit-d-entretien-moto-motul\/3686-liquide-de-frein-motul-dot-3-4-brake-fluid-pour-moto-3663466035107.html\">liquide de frein<\/a><\/strong><\/td>\n<td>A remplacer tous les 24 mois<\/td>\n<\/tr>\n<\/tbody>\n<\/table>\n<\/div>\n<h2>Caract\u00e9ristiques et Mise au point moteur :<\/h2>\n<div>\n<table border=\"1\" width=\"477\">\n<tbody>\n<tr>\n<td>Jeu aux soupapes admission<\/td>\n<td>Entre 0,10 et 0,17 mm&nbsp;<\/td>\n<\/tr>\n<tr>\n<td>Jeu aux soupapes \u00e9chappement<\/td>\n<td>&nbsp;Entre 0,34 et 0,41 mm<\/td>\n<\/tr>\n<tr>\n<td>Al\u00e9sage \/ Course<\/td>\n<td>&nbsp;102.5 mm \/ 76 mm<\/td>\n<\/tr>\n<tr>\n<td>Compression moteur<\/td>\n<td>&nbsp;Entre 10 et 14 bar<\/td>\n<\/tr>\n<tr>\n<td>Indice d&#8217;octane minimum \/ Essence pr\u00e9conis\u00e9<\/td>\n<td>&nbsp;95 \/ SP95 (Sans Plomb 95)<\/td>\n<\/tr>\n<tr>\n<td>Cylindr\u00e9e \/ Nombre de cylindre<\/td>\n<td>&nbsp;1254 cm3 \/ 2 cylindres<\/td>\n<\/tr>\n<tr>\n<td>R\u00e9gime moteur au ralenti<\/td>\n<td>&nbsp;1050 tr\/min +-100<\/td>\n<\/tr>\n<\/tbody>\n<\/table>\n<\/div>\n<h2>Syst\u00e8me d&#8217;allumage :<\/h2>\n<div>\n<table border=\"1\" width=\"478\">\n<tbody>\n<tr>\n<td>R\u00e9sistance bobine primaire<\/td>\n<td>&nbsp;<\/td>\n<\/tr>\n<tr>\n<td>R\u00e9sistance bobine secondaire<\/td>\n<td>&nbsp;<\/td>\n<\/tr>\n<tr>\n<td>R\u00e9sistance capteur allumage<\/td>\n<td>&nbsp;<\/td>\n<\/tr>\n<tr>\n<td>Bougie<\/td>\n<td><font color=\"#3a3a3a\"><b><u><a href=\"https:\/\/www.street-moto-piece.fr\/bougie-ngk-moto-scooter-quad\/48497-bougie-ngk-lmar8ai10-3663466481522.html\">LMAR8AI-10<\/a><\/u><\/b><\/font><br><\/td>\n<\/tr>\n<tr>\n<td>\u00c9cartement \u00e9lectrode bougie<\/td>\n<td>&nbsp;Entre 0,7 et 0,9 mm<\/td>\n<\/tr>\n<\/tbody>\n<\/table>\n<\/div>\n<h2>Syst\u00e8me de charge :<\/h2>\n<div>\n<table border=\"1\" width=\"476\">\n<tbody>\n<tr>\n<td>Puissance de charge maximum<\/td>\n<td>&nbsp;<\/td>\n<\/tr>\n<tr>\n<td>Tension de charge<\/td>\n<td>&nbsp;<\/td>\n<\/tr>\n<tr>\n<td>Batterie<\/td>\n<td>&nbsp;<\/td>\n<\/tr>\n<\/tbody>\n<\/table>\n<\/div>\n<h2>Carburateur :<\/h2>\n<div>\n<table border=\"1\" width=\"468\">\n<tbody>\n<tr>\n<td>Carburateur<\/td>\n<td>Bosch BMS-O<\/td>\n<\/tr>\n<tr>\n<td>Gicleur principale<\/td>\n<td>&nbsp;<\/td>\n<\/tr>\n<tr>\n<td>Gicleur de ralenti<\/td>\n<td>&nbsp;<\/td>\n<\/tr>\n<tr>\n<td>Position de l&#8217;aiguille<\/td>\n<td>&nbsp;<\/td>\n<\/tr>\n<tr>\n<td>Vis de richesse<\/td>\n<td>&nbsp;<\/td>\n<\/tr>\n<tr>\n<td>Niveau de cuve<\/td>\n<td>&nbsp;<\/td>\n<\/tr>\n<\/tbody>\n<\/table>\n<\/div>\n<h2>Transmission \/ Kit cha\u00eene :<\/h2>\n<div>\n<table border=\"1\" width=\"470\">\n<tbody>\n<tr>\n<td>Pas de la chaine<\/td>\n<td>&nbsp;<\/td>\n<\/tr>\n<tr>\n<td>D\u00e9multiplication<\/td>\n<td>&nbsp;<\/td>\n<\/tr>\n<tr>\n<td>Nombre de maillons<\/td>\n<td>&nbsp;<\/td>\n<\/tr>\n<tr>\n<td>Jeu tension de chaine<\/td>\n<td>&nbsp;<\/td>\n<\/tr>\n<\/tbody>\n<\/table>\n<\/div>\n<h2>Pneumatiques :<\/h2>\n<div>\n<table border=\"1\" width=\"462\">\n<tbody>\n<tr>\n<td>Pneu avant<\/td>\n<td>120\/70 R-19&nbsp;<\/td>\n<\/tr>\n<tr>\n<td>Pression pneu avant<\/td>\n<td>&nbsp;&nbsp;2,5 bar (donn\u00e9e constructeur, peut varier selon le mod\u00e8le de pneu)<\/td>\n<\/tr>\n<tr>\n<td>Pneu arri\u00e8re<\/td>\n<td>&nbsp;170\/60 R-17<\/td>\n<\/tr>\n<tr>\n<td>Pression pneu arri\u00e8re<\/td>\n<td>&nbsp;&nbsp;2,9 bar (donn\u00e9e constructeur, peut varier selon le mod\u00e8le de pneu)<\/td>\n<\/tr>\n<\/tbody>\n<\/table>\n<\/div>\n<h2>Couples de serrage :<\/h2>\n<div>\n<table border=\"1\" width=\"462\">\n<tbody>\n<tr>\n<td>Culasse<\/td>\n<td>&nbsp;5 Nm<\/td>\n<\/tr>\n<tr>\n<td>Couvre &#8211; Culasse<\/td>\n<td>&nbsp;20 Nm<\/td>\n<\/tr>\n<tr>\n<td>Palier arbre a cames<\/td>\n<td>&nbsp;10 Nm<\/td>\n<\/tr>\n<tr>\n<td>Pignon arbre a cames<\/td>\n<td>65 Nm&nbsp;<\/td>\n<\/tr>\n<tr>\n<td>Volant magn\u00e9tique<\/td>\n<td>&nbsp;<\/td>\n<\/tr>\n<tr>\n<td>Moyeu d&#8217;embrayage<\/td>\n<td>150 Nm (Utilisez des \u00e9crous neufs)<\/td>\n<\/tr>\n<tr>\n<td>Bougie<\/td>\n<td>12 Nm&nbsp;<\/td>\n<\/tr>\n<tr>\n<td>Sonde de temp\u00e9rature<\/td>\n<td>15 Nm&nbsp;<\/td>\n<\/tr>\n<tr>\n<td>Sonde Lambda<\/td>\n<td>45 Nm&nbsp;<\/td>\n<\/tr>\n<tr>\n<td>Pignon sorti de boite<\/td>\n<td>&nbsp;<\/td>\n<\/tr>\n<tr>\n<td>Couronne ABS<\/td>\n<td>&nbsp;5 Nm<\/td>\n<\/tr>\n<tr>\n<td>Etrier avant<\/td>\n<td>&nbsp;<\/td>\n<\/tr>\n<tr>\n<td>Etrier arri\u00e8re<\/td>\n<td>&nbsp;<\/td>\n<\/tr>\n<tr>\n<td>Axe de roue avant<\/td>\n<td>30 Nm&nbsp;<\/td>\n<\/tr>\n<tr>\n<td>Axe de roue arri\u00e8re<\/td>\n<td>60 Nm&nbsp;<\/td>\n<\/tr>\n<tr>\n<td>Bride axe de roue avant<\/td>\n<td>19 Nm&nbsp;<\/td>\n<\/tr>\n<\/tbody>\n<\/table>\n<\/div>\n<p>Toutes les informations sont donn\u00e9es \u00e0 titre indicatif<\/p>\t\t\t\t\t\t\t\t<\/div>\n\t\t\t\t<\/div>\n\t\t\t\t\t<\/div>\n\t\t<\/div>\n\t\t\t\t\t<\/div>\n\t\t<\/section>\n\t\t\t\t<\/div>\n\t\t","protected":false},"excerpt":{"rendered":"<p>Guide d&#8217;entretien BMW R 1250 GS de 2022 \u00e0 2023 Faire des entretiens r\u00e9guliers de votre moto permettra de rallonger sa dur\u00e9e de vie et \u00e9galement de faire des \u00e9conomies en allant moins souvent chez le garagiste. Retrouvez alors notre tableau r\u00e9capitulatif des caract\u00e9ristiques techniques de votre BMW R 1250 GS de 2022 \u00e0 2023. [&hellip;]<\/p>\n","protected":false},"author":1,"featured_media":0,"parent":1207,"menu_order":0,"comment_status":"closed","ping_status":"closed","template":"","meta":{"site-sidebar-layout":"no-sidebar","site-content-layout":"page-builder","ast-site-content-layout":"full-width-container","site-content-style":"unboxed","site-sidebar-style":"unboxed","ast-global-header-display":"","ast-banner-title-visibility":"","ast-main-header-display":"","ast-hfb-above-header-display":"","ast-hfb-below-header-display":"","ast-hfb-mobile-header-display":"","site-post-title":"disabled","ast-breadcrumbs-content":"","ast-featured-img":"disabled","footer-sml-layout":"","theme-transparent-header-meta":"","adv-header-id-meta":"","stick-header-meta":"","header-above-stick-meta":"","header-main-stick-meta":"","header-below-stick-meta":"","astra-migrate-meta-layouts":"set","ast-page-background-enabled":"default","ast-page-background-meta":{"desktop":{"background-color":"var(--ast-global-color-4)","background-image":"","background-repeat":"repeat","background-position":"center center","background-size":"auto","background-attachment":"scroll","background-type":"","background-media":"","overlay-type":"","overlay-color":"","overlay-gradient":""},"tablet":{"background-color":"","background-image":"","background-repeat":"repeat","background-position":"center center","background-size":"auto","background-attachment":"scroll","background-type":"","background-media":"","overlay-type":"","overlay-color":"","overlay-gradient":""},"mobile":{"background-color":"","background-image":"","background-repeat":"repeat","background-position":"center center","background-size":"auto","background-attachment":"scroll","background-type":"","background-media":"","overlay-type":"","overlay-color":"","overlay-gradient":""}},"ast-content-background-meta":{"desktop":{"background-color":"var(--ast-global-color-5)","background-image":"","background-repeat":"repeat","background-position":"center center","background-size":"auto","background-attachment":"scroll","background-type":"","background-media":"","overlay-type":"","overlay-color":"","overlay-gradient":""},"tablet":{"background-color":"var(--ast-global-color-5)","background-image":"","background-repeat":"repeat","background-position":"center center","background-size":"auto","background-attachment":"scroll","background-type":"","background-media":"","overlay-type":"","overlay-color":"","overlay-gradient":""},"mobile":{"background-color":"var(--ast-global-color-5)","background-image":"","background-repeat":"repeat","background-position":"center center","background-size":"auto","background-attachment":"scroll","background-type":"","background-media":"","overlay-type":"","overlay-color":"","overlay-gradient":""}},"footnotes":""},"class_list":["post-2043","page","type-page","status-publish","hentry"],"aioseo_notices":[],"_links":{"self":[{"href":"https:\/\/www.street-moto-piece.fr\/blog\/wp-json\/wp\/v2\/pages\/2043","targetHints":{"allow":["GET"]}}],"collection":[{"href":"https:\/\/www.street-moto-piece.fr\/blog\/wp-json\/wp\/v2\/pages"}],"about":[{"href":"https:\/\/www.street-moto-piece.fr\/blog\/wp-json\/wp\/v2\/types\/page"}],"author":[{"embeddable":true,"href":"https:\/\/www.street-moto-piece.fr\/blog\/wp-json\/wp\/v2\/users\/1"}],"replies":[{"embeddable":true,"href":"https:\/\/www.street-moto-piece.fr\/blog\/wp-json\/wp\/v2\/comments?post=2043"}],"version-history":[{"count":14,"href":"https:\/\/www.street-moto-piece.fr\/blog\/wp-json\/wp\/v2\/pages\/2043\/revisions"}],"predecessor-version":[{"id":2063,"href":"https:\/\/www.street-moto-piece.fr\/blog\/wp-json\/wp\/v2\/pages\/2043\/revisions\/2063"}],"up":[{"embeddable":true,"href":"https:\/\/www.street-moto-piece.fr\/blog\/wp-json\/wp\/v2\/pages\/1207"}],"wp:attachment":[{"href":"https:\/\/www.street-moto-piece.fr\/blog\/wp-json\/wp\/v2\/media?parent=2043"}],"curies":[{"name":"wp","href":"https:\/\/api.w.org\/{rel}","templated":true}]}}