{"id":741,"date":"2023-02-09T15:54:43","date_gmt":"2023-02-09T14:54:43","guid":{"rendered":"https:\/\/www.street-moto-piece.fr\/blog\/?page_id=741"},"modified":"2023-03-13T15:19:20","modified_gmt":"2023-03-13T14:19:20","slug":"fiche-entretien-moto","status":"publish","type":"page","link":"https:\/\/www.street-moto-piece.fr\/blog\/fiche-entretien-moto\/","title":{"rendered":"Fiche d&#8217;entretien moto"},"content":{"rendered":"\t\t<div data-elementor-type=\"wp-page\" data-elementor-id=\"741\" class=\"elementor elementor-741\" data-elementor-post-type=\"page\">\n\t\t\t\t\t\t<section class=\"elementor-section elementor-top-section elementor-element elementor-element-520df0f elementor-section-boxed elementor-section-height-default elementor-section-height-default\" data-id=\"520df0f\" data-element_type=\"section\" data-e-type=\"section\">\n\t\t\t\t\t\t<div class=\"elementor-container elementor-column-gap-default\">\n\t\t\t\t\t<div class=\"elementor-column elementor-col-100 elementor-top-column elementor-element elementor-element-9d9365f\" data-id=\"9d9365f\" data-element_type=\"column\" data-e-type=\"column\">\n\t\t\t<div class=\"elementor-widget-wrap elementor-element-populated\">\n\t\t\t\t\t\t<div class=\"elementor-element elementor-element-20e02e9 elementor-headline--style-highlight elementor-widget elementor-widget-animated-headline\" data-id=\"20e02e9\" data-element_type=\"widget\" data-e-type=\"widget\" data-settings=\"{&quot;highlighted_text&quot;:&quot;d&#039;entretien moto&quot;,&quot;marker&quot;:&quot;underline_zigzag&quot;,&quot;headline_style&quot;:&quot;highlight&quot;,&quot;loop&quot;:&quot;yes&quot;,&quot;highlight_animation_duration&quot;:1200,&quot;highlight_iteration_delay&quot;:8000}\" data-widget_type=\"animated-headline.default\">\n\t\t\t\t<div class=\"elementor-widget-container\">\n\t\t\t\t\t\t\t<h1 class=\"elementor-headline\">\n\t\t\t\t\t<span class=\"elementor-headline-plain-text elementor-headline-text-wrapper\">Fiche<\/span>\n\t\t\t\t<span class=\"elementor-headline-dynamic-wrapper elementor-headline-text-wrapper\">\n\t\t\t\t\t<span class=\"elementor-headline-dynamic-text elementor-headline-text-active\">d'entretien moto<\/span>\n\t\t\t\t<\/span>\n\t\t\t\t<\/h1>\n\t\t\t\t\t\t<\/div>\n\t\t\t\t<\/div>\n\t\t\t\t\t<\/div>\n\t\t<\/div>\n\t\t\t\t\t<\/div>\n\t\t<\/section>\n\t\t\t\t<section class=\"elementor-section elementor-top-section elementor-element elementor-element-2a559d3 elementor-section-boxed elementor-section-height-default elementor-section-height-default\" data-id=\"2a559d3\" data-element_type=\"section\" data-e-type=\"section\">\n\t\t\t\t\t\t<div class=\"elementor-container elementor-column-gap-default\">\n\t\t\t\t\t<div class=\"elementor-column elementor-col-100 elementor-top-column elementor-element elementor-element-3744540\" data-id=\"3744540\" data-element_type=\"column\" data-e-type=\"column\">\n\t\t\t<div class=\"elementor-widget-wrap elementor-element-populated\">\n\t\t\t\t\t\t<div class=\"elementor-element elementor-element-490b6f1 elementor-widget elementor-widget-text-editor\" data-id=\"490b6f1\" data-element_type=\"widget\" data-e-type=\"widget\" data-widget_type=\"text-editor.default\">\n\t\t\t\t<div class=\"elementor-widget-container\">\n\t\t\t\t\t\t\t\t\t<p>D\u00e9couvrez sur Street Moto Pi\u00e8ce des guides et des conseils pour les motards. Entretenez au mieux votre moto, apprenez \u00e0 choisir vos \u00e9quipements moto et trouvez tout ce dont vous avez besoin pour rouler en toute tranquillit\u00e9.<\/p>\t\t\t\t\t\t\t\t<\/div>\n\t\t\t\t<\/div>\n\t\t\t\t\t<\/div>\n\t\t<\/div>\n\t\t\t\t\t<\/div>\n\t\t<\/section>\n\t\t\t\t<section data-wts-url=\"https:\/\/www.street-moto-piece.fr\/blog\/fiche-entretien-moto\/bmw\/\" data-wts-link=\"yes\" data-wts-new-window=\"\" class=\"elementor-section elementor-top-section elementor-element elementor-element-3cbb02c elementor-section-content-middle ae-link-yes elementor-section-boxed elementor-section-height-default elementor-section-height-default\" data-id=\"3cbb02c\" data-element_type=\"section\" data-e-type=\"section\">\n\t\t\t\t\t\t<div class=\"elementor-container elementor-column-gap-default\">\n\t\t\t\t\t<div class=\"elementor-column elementor-col-50 elementor-top-column elementor-element elementor-element-f3049b0\" data-id=\"f3049b0\" data-element_type=\"column\" data-e-type=\"column\">\n\t\t\t<div class=\"elementor-widget-wrap elementor-element-populated\">\n\t\t\t\t\t\t<div class=\"elementor-element elementor-element-925431e elementor-widget elementor-widget-heading\" data-id=\"925431e\" data-element_type=\"widget\" data-e-type=\"widget\" data-widget_type=\"heading.default\">\n\t\t\t\t<div class=\"elementor-widget-container\">\n\t\t\t\t\t<h3 class=\"elementor-heading-title elementor-size-default\"><a href=\"https:\/\/www.street-moto-piece.fr\/blog\/fiche-entretien-moto\/bmw\/\"><span style=\"font-size: 29px;text-transform: capitalize;white-space: normal\">Fiche d'entretien Moto BMW<\/span><\/a><\/h3>\t\t\t\t<\/div>\n\t\t\t\t<\/div>\n\t\t\t\t\t<\/div>\n\t\t<\/div>\n\t\t\t\t<div class=\"elementor-column elementor-col-50 elementor-top-column elementor-element elementor-element-d329117\" data-id=\"d329117\" data-element_type=\"column\" data-e-type=\"column\">\n\t\t\t<div class=\"elementor-widget-wrap elementor-element-populated\">\n\t\t\t\t\t\t<div class=\"elementor-element elementor-element-32fc887 elementor-widget elementor-widget-image\" data-id=\"32fc887\" data-element_type=\"widget\" data-e-type=\"widget\" data-widget_type=\"image.default\">\n\t\t\t\t<div class=\"elementor-widget-container\">\n\t\t\t\t\t\t\t\t\t\t\t\t\t\t\t<img decoding=\"async\" width=\"90\" height=\"90\" src=\"https:\/\/www.street-moto-piece.fr\/blog\/wp-content\/uploads\/2023\/02\/stickers-autocollants-logo-bmw-1.jpg\" class=\"attachment-full size-full wp-image-1307\" alt=\"\" \/>\t\t\t\t\t\t\t\t\t\t\t\t\t\t\t<\/div>\n\t\t\t\t<\/div>\n\t\t\t\t\t<\/div>\n\t\t<\/div>\n\t\t\t\t\t<\/div>\n\t\t<\/section>\n\t\t\t\t<section data-wts-url=\"https:\/\/www.street-moto-piece.fr\/blog\/fiche-entretien-moto\/beta\/\" data-wts-link=\"yes\" data-wts-new-window=\"\" class=\"elementor-section elementor-top-section elementor-element elementor-element-c18343a elementor-section-content-middle ae-link-yes elementor-section-boxed elementor-section-height-default elementor-section-height-default\" data-id=\"c18343a\" data-element_type=\"section\" data-e-type=\"section\">\n\t\t\t\t\t\t<div class=\"elementor-container elementor-column-gap-default\">\n\t\t\t\t\t<div class=\"elementor-column elementor-col-50 elementor-top-column elementor-element elementor-element-1adbe58\" data-id=\"1adbe58\" data-element_type=\"column\" data-e-type=\"column\">\n\t\t\t<div class=\"elementor-widget-wrap elementor-element-populated\">\n\t\t\t\t\t\t<div class=\"elementor-element elementor-element-b166f0d elementor-widget elementor-widget-heading\" data-id=\"b166f0d\" data-element_type=\"widget\" data-e-type=\"widget\" data-widget_type=\"heading.default\">\n\t\t\t\t<div class=\"elementor-widget-container\">\n\t\t\t\t\t<h3 class=\"elementor-heading-title elementor-size-default\"><a href=\"https:\/\/www.street-moto-piece.fr\/blog\/fiche-entretien-moto\/beta\/\"><span style=\"font-size: 29px;text-transform: capitalize;white-space: normal\">Fiche d'entretien Moto Beta<\/span><\/a><\/h3>\t\t\t\t<\/div>\n\t\t\t\t<\/div>\n\t\t\t\t\t<\/div>\n\t\t<\/div>\n\t\t\t\t<div class=\"elementor-column elementor-col-50 elementor-top-column elementor-element elementor-element-7b32d98\" data-id=\"7b32d98\" data-element_type=\"column\" data-e-type=\"column\">\n\t\t\t<div class=\"elementor-widget-wrap elementor-element-populated\">\n\t\t\t\t\t\t<div class=\"elementor-element elementor-element-26c26d6 elementor-widget elementor-widget-image\" data-id=\"26c26d6\" data-element_type=\"widget\" data-e-type=\"widget\" data-widget_type=\"image.default\">\n\t\t\t\t<div class=\"elementor-widget-container\">\n\t\t\t\t\t\t\t\t\t\t\t\t\t\t\t<img decoding=\"async\" width=\"159\" height=\"90\" src=\"https:\/\/www.street-moto-piece.fr\/blog\/wp-content\/uploads\/2023\/02\/efef.png\" class=\"attachment-full size-full wp-image-1306\" alt=\"beta\" \/>\t\t\t\t\t\t\t\t\t\t\t\t\t\t\t<\/div>\n\t\t\t\t<\/div>\n\t\t\t\t\t<\/div>\n\t\t<\/div>\n\t\t\t\t\t<\/div>\n\t\t<\/section>\n\t\t\t\t<section data-wts-url=\"https:\/\/www.street-moto-piece.fr\/blog\/fiche-entretien-moto\/honda\/\" data-wts-link=\"yes\" data-wts-new-window=\"\" class=\"elementor-section elementor-top-section elementor-element elementor-element-2102265 elementor-section-content-middle ae-link-yes elementor-section-boxed elementor-section-height-default elementor-section-height-default\" data-id=\"2102265\" data-element_type=\"section\" data-e-type=\"section\">\n\t\t\t\t\t\t<div class=\"elementor-container elementor-column-gap-default\">\n\t\t\t\t\t<div class=\"elementor-column elementor-col-50 elementor-top-column elementor-element elementor-element-7223cc5\" data-id=\"7223cc5\" data-element_type=\"column\" data-e-type=\"column\">\n\t\t\t<div class=\"elementor-widget-wrap elementor-element-populated\">\n\t\t\t\t\t\t<div class=\"elementor-element elementor-element-8fd753b elementor-widget elementor-widget-heading\" data-id=\"8fd753b\" data-element_type=\"widget\" data-e-type=\"widget\" data-widget_type=\"heading.default\">\n\t\t\t\t<div class=\"elementor-widget-container\">\n\t\t\t\t\t<h3 class=\"elementor-heading-title elementor-size-default\"><a href=\"https:\/\/www.street-moto-piece.fr\/blog\/fiche-entretien-moto\/honda\/\"><span style=\"font-size: 29px;text-transform: capitalize;white-space: normal\">Fiche d'entretien Moto Honda<\/span><\/a><\/h3>\t\t\t\t<\/div>\n\t\t\t\t<\/div>\n\t\t\t\t\t<\/div>\n\t\t<\/div>\n\t\t\t\t<div class=\"elementor-column elementor-col-50 elementor-top-column elementor-element elementor-element-bd46228\" data-id=\"bd46228\" data-element_type=\"column\" data-e-type=\"column\">\n\t\t\t<div class=\"elementor-widget-wrap elementor-element-populated\">\n\t\t\t\t\t\t<div class=\"elementor-element elementor-element-1f98a85 elementor-widget elementor-widget-image\" data-id=\"1f98a85\" data-element_type=\"widget\" data-e-type=\"widget\" data-widget_type=\"image.default\">\n\t\t\t\t<div class=\"elementor-widget-container\">\n\t\t\t\t\t\t\t\t\t\t\t\t\t\t\t<img decoding=\"async\" width=\"100\" height=\"80\" src=\"https:\/\/www.street-moto-piece.fr\/blog\/wp-content\/uploads\/2023\/02\/le-motos-logo-Honda_1.png\" class=\"attachment-full size-full wp-image-751\" alt=\"\" \/>\t\t\t\t\t\t\t\t\t\t\t\t\t\t\t<\/div>\n\t\t\t\t<\/div>\n\t\t\t\t\t<\/div>\n\t\t<\/div>\n\t\t\t\t\t<\/div>\n\t\t<\/section>\n\t\t\t\t<section data-wts-url=\"https:\/\/www.street-moto-piece.fr\/blog\/fiche-entretien-moto\/husqvarna\/\" data-wts-link=\"yes\" data-wts-new-window=\"\" class=\"elementor-section elementor-top-section elementor-element elementor-element-4041800 elementor-section-content-middle ae-link-yes elementor-section-boxed elementor-section-height-default elementor-section-height-default\" data-id=\"4041800\" data-element_type=\"section\" data-e-type=\"section\">\n\t\t\t\t\t\t<div class=\"elementor-container elementor-column-gap-default\">\n\t\t\t\t\t<div class=\"elementor-column elementor-col-50 elementor-top-column elementor-element elementor-element-12e8261\" data-id=\"12e8261\" data-element_type=\"column\" data-e-type=\"column\">\n\t\t\t<div class=\"elementor-widget-wrap elementor-element-populated\">\n\t\t\t\t\t\t<div class=\"elementor-element elementor-element-150c388 elementor-widget elementor-widget-heading\" data-id=\"150c388\" data-element_type=\"widget\" data-e-type=\"widget\" data-widget_type=\"heading.default\">\n\t\t\t\t<div class=\"elementor-widget-container\">\n\t\t\t\t\t<h3 class=\"elementor-heading-title elementor-size-default\"><a href=\"https:\/\/www.street-moto-piece.fr\/blog\/fiche-entretien-moto\/husqvarna\/\"><span style=\"font-size: 29px;text-transform: capitalize;white-space: normal\">Fiche d'entretien Moto Husqvarna<\/span><\/a><\/h3>\t\t\t\t<\/div>\n\t\t\t\t<\/div>\n\t\t\t\t\t<\/div>\n\t\t<\/div>\n\t\t\t\t<div class=\"elementor-column elementor-col-50 elementor-top-column elementor-element elementor-element-9e24fd3\" data-id=\"9e24fd3\" data-element_type=\"column\" data-e-type=\"column\">\n\t\t\t<div class=\"elementor-widget-wrap elementor-element-populated\">\n\t\t\t\t\t\t<div class=\"elementor-element elementor-element-70a8cbf elementor-widget elementor-widget-image\" data-id=\"70a8cbf\" data-element_type=\"widget\" data-e-type=\"widget\" data-widget_type=\"image.default\">\n\t\t\t\t<div class=\"elementor-widget-container\">\n\t\t\t\t\t\t\t\t\t\t\t\t\t\t\t<img loading=\"lazy\" decoding=\"async\" width=\"127\" height=\"90\" src=\"https:\/\/www.street-moto-piece.fr\/blog\/wp-content\/uploads\/2023\/02\/Husqvarna-Logo.png\" class=\"attachment-full size-full wp-image-1312\" alt=\"\" \/>\t\t\t\t\t\t\t\t\t\t\t\t\t\t\t<\/div>\n\t\t\t\t<\/div>\n\t\t\t\t\t<\/div>\n\t\t<\/div>\n\t\t\t\t\t<\/div>\n\t\t<\/section>\n\t\t\t\t<section data-wts-url=\"https:\/\/www.street-moto-piece.fr\/blog\/fiche-entretien-moto\/kawasaki\/\" data-wts-link=\"yes\" data-wts-new-window=\"\" class=\"elementor-section elementor-top-section elementor-element elementor-element-277d017 elementor-section-content-middle ae-link-yes elementor-section-boxed elementor-section-height-default elementor-section-height-default\" data-id=\"277d017\" data-element_type=\"section\" data-e-type=\"section\">\n\t\t\t\t\t\t<div class=\"elementor-container elementor-column-gap-default\">\n\t\t\t\t\t<div class=\"elementor-column elementor-col-50 elementor-top-column elementor-element elementor-element-9559c38\" data-id=\"9559c38\" data-element_type=\"column\" data-e-type=\"column\">\n\t\t\t<div class=\"elementor-widget-wrap elementor-element-populated\">\n\t\t\t\t\t\t<div class=\"elementor-element elementor-element-2107f72 elementor-widget elementor-widget-heading\" data-id=\"2107f72\" data-element_type=\"widget\" data-e-type=\"widget\" data-widget_type=\"heading.default\">\n\t\t\t\t<div class=\"elementor-widget-container\">\n\t\t\t\t\t<h3 class=\"elementor-heading-title elementor-size-default\"><a href=\"https:\/\/www.street-moto-piece.fr\/blog\/fiche-entretien-moto\/kawasaki\/\"><span style=\"font-size: 29px;text-transform: capitalize;white-space: normal\">Fiche d'entretien Moto Kawasaki<\/span><\/a><\/h3>\t\t\t\t<\/div>\n\t\t\t\t<\/div>\n\t\t\t\t\t<\/div>\n\t\t<\/div>\n\t\t\t\t<div class=\"elementor-column elementor-col-50 elementor-top-column elementor-element elementor-element-05be416\" data-id=\"05be416\" data-element_type=\"column\" data-e-type=\"column\">\n\t\t\t<div class=\"elementor-widget-wrap elementor-element-populated\">\n\t\t\t\t\t\t<div class=\"elementor-element elementor-element-bfb2693 elementor-widget elementor-widget-image\" data-id=\"bfb2693\" data-element_type=\"widget\" data-e-type=\"widget\" data-widget_type=\"image.default\">\n\t\t\t\t<div class=\"elementor-widget-container\">\n\t\t\t\t\t\t\t\t\t\t\t\t\t\t\t<img loading=\"lazy\" decoding=\"async\" width=\"203\" height=\"55\" src=\"https:\/\/www.street-moto-piece.fr\/blog\/wp-content\/uploads\/2023\/02\/Screenshot_13.jpg\" class=\"attachment-full size-full wp-image-1294\" alt=\"kawasaki\" \/>\t\t\t\t\t\t\t\t\t\t\t\t\t\t\t<\/div>\n\t\t\t\t<\/div>\n\t\t\t\t\t<\/div>\n\t\t<\/div>\n\t\t\t\t\t<\/div>\n\t\t<\/section>\n\t\t\t\t<section data-wts-url=\"https:\/\/www.street-moto-piece.fr\/blog\/fiche-entretien-moto\/ktm\/\" data-wts-link=\"yes\" data-wts-new-window=\"\" class=\"elementor-section elementor-top-section elementor-element elementor-element-f568132 elementor-section-content-middle ae-link-yes elementor-section-boxed elementor-section-height-default elementor-section-height-default\" data-id=\"f568132\" data-element_type=\"section\" data-e-type=\"section\">\n\t\t\t\t\t\t<div class=\"elementor-container elementor-column-gap-default\">\n\t\t\t\t\t<div class=\"elementor-column elementor-col-50 elementor-top-column elementor-element elementor-element-18a233c\" data-id=\"18a233c\" data-element_type=\"column\" data-e-type=\"column\">\n\t\t\t<div class=\"elementor-widget-wrap elementor-element-populated\">\n\t\t\t\t\t\t<div class=\"elementor-element elementor-element-62dd871 elementor-widget elementor-widget-heading\" data-id=\"62dd871\" data-element_type=\"widget\" data-e-type=\"widget\" data-widget_type=\"heading.default\">\n\t\t\t\t<div class=\"elementor-widget-container\">\n\t\t\t\t\t<h3 class=\"elementor-heading-title elementor-size-default\"><a href=\"https:\/\/www.street-moto-piece.fr\/blog\/fiche-entretien-moto\/ktm\/\"><span style=\"font-size: 29px;text-transform: capitalize;white-space: normal\">Fiche d'entretien Moto KTM<\/span><\/a><\/h3>\t\t\t\t<\/div>\n\t\t\t\t<\/div>\n\t\t\t\t\t<\/div>\n\t\t<\/div>\n\t\t\t\t<div class=\"elementor-column elementor-col-50 elementor-top-column elementor-element elementor-element-637b283\" data-id=\"637b283\" data-element_type=\"column\" data-e-type=\"column\">\n\t\t\t<div class=\"elementor-widget-wrap elementor-element-populated\">\n\t\t\t\t\t\t<div class=\"elementor-element elementor-element-ee7e03d elementor-widget elementor-widget-image\" data-id=\"ee7e03d\" data-element_type=\"widget\" data-e-type=\"widget\" data-widget_type=\"image.default\">\n\t\t\t\t<div class=\"elementor-widget-container\">\n\t\t\t\t\t\t\t\t\t\t\t\t\t\t\t<img loading=\"lazy\" decoding=\"async\" width=\"159\" height=\"90\" src=\"https:\/\/www.street-moto-piece.fr\/blog\/wp-content\/uploads\/2023\/02\/KTM-Logo.png\" class=\"attachment-full size-full wp-image-1314\" alt=\"\" \/>\t\t\t\t\t\t\t\t\t\t\t\t\t\t\t<\/div>\n\t\t\t\t<\/div>\n\t\t\t\t\t<\/div>\n\t\t<\/div>\n\t\t\t\t\t<\/div>\n\t\t<\/section>\n\t\t\t\t<section data-wts-url=\"https:\/\/www.street-moto-piece.fr\/blog\/fiche-entretien-moto\/suzuki\/\" data-wts-link=\"yes\" data-wts-new-window=\"\" class=\"elementor-section elementor-top-section elementor-element elementor-element-0f5a1f1 elementor-section-content-middle ae-link-yes elementor-section-boxed elementor-section-height-default elementor-section-height-default\" data-id=\"0f5a1f1\" data-element_type=\"section\" data-e-type=\"section\">\n\t\t\t\t\t\t<div class=\"elementor-container elementor-column-gap-default\">\n\t\t\t\t\t<div class=\"elementor-column elementor-col-50 elementor-top-column elementor-element elementor-element-90b0b25\" data-id=\"90b0b25\" data-element_type=\"column\" data-e-type=\"column\">\n\t\t\t<div class=\"elementor-widget-wrap elementor-element-populated\">\n\t\t\t\t\t\t<div class=\"elementor-element elementor-element-24219d7 elementor-widget elementor-widget-heading\" data-id=\"24219d7\" data-element_type=\"widget\" data-e-type=\"widget\" data-widget_type=\"heading.default\">\n\t\t\t\t<div class=\"elementor-widget-container\">\n\t\t\t\t\t<h3 class=\"elementor-heading-title elementor-size-default\"><a href=\"https:\/\/www.street-moto-piece.fr\/blog\/fiche-entretien-moto\/suzuki\/\"><span style=\"font-size: 29px;text-transform: capitalize;white-space: normal\">Fiche d'entretien Moto Suzuki<\/span><\/a><\/h3>\t\t\t\t<\/div>\n\t\t\t\t<\/div>\n\t\t\t\t\t<\/div>\n\t\t<\/div>\n\t\t\t\t<div class=\"elementor-column elementor-col-50 elementor-top-column elementor-element elementor-element-14513d4\" data-id=\"14513d4\" data-element_type=\"column\" data-e-type=\"column\">\n\t\t\t<div class=\"elementor-widget-wrap elementor-element-populated\">\n\t\t\t\t\t\t<div class=\"elementor-element elementor-element-6ee3eab elementor-widget elementor-widget-image\" data-id=\"6ee3eab\" data-element_type=\"widget\" data-e-type=\"widget\" data-widget_type=\"image.default\">\n\t\t\t\t<div class=\"elementor-widget-container\">\n\t\t\t\t\t\t\t\t\t\t\t\t\t\t\t<img loading=\"lazy\" decoding=\"async\" width=\"461\" height=\"90\" src=\"https:\/\/www.street-moto-piece.fr\/blog\/wp-content\/uploads\/2023\/02\/Suzuki_Motor_Corporation_logo.svg.png\" class=\"attachment-full size-full wp-image-1318\" alt=\"Suzuki\" srcset=\"https:\/\/www.street-moto-piece.fr\/blog\/wp-content\/uploads\/2023\/02\/Suzuki_Motor_Corporation_logo.svg.png 461w, https:\/\/www.street-moto-piece.fr\/blog\/wp-content\/uploads\/2023\/02\/Suzuki_Motor_Corporation_logo.svg-300x59.png 300w\" sizes=\"(max-width: 461px) 100vw, 461px\" \/>\t\t\t\t\t\t\t\t\t\t\t\t\t\t\t<\/div>\n\t\t\t\t<\/div>\n\t\t\t\t\t<\/div>\n\t\t<\/div>\n\t\t\t\t\t<\/div>\n\t\t<\/section>\n\t\t\t\t<section data-wts-url=\"https:\/\/www.street-moto-piece.fr\/blog\/fiche-entretien-moto\/yamaha\/\" data-wts-link=\"yes\" data-wts-new-window=\"\" class=\"elementor-section elementor-top-section elementor-element elementor-element-8021ad8 elementor-section-content-middle ae-link-yes elementor-section-boxed elementor-section-height-default elementor-section-height-default\" data-id=\"8021ad8\" data-element_type=\"section\" data-e-type=\"section\">\n\t\t\t\t\t\t<div class=\"elementor-container elementor-column-gap-default\">\n\t\t\t\t\t<div class=\"elementor-column elementor-col-50 elementor-top-column elementor-element elementor-element-63d399a\" data-id=\"63d399a\" data-element_type=\"column\" data-e-type=\"column\">\n\t\t\t<div class=\"elementor-widget-wrap elementor-element-populated\">\n\t\t\t\t\t\t<div class=\"elementor-element elementor-element-f545102 elementor-widget elementor-widget-heading\" data-id=\"f545102\" data-element_type=\"widget\" data-e-type=\"widget\" data-widget_type=\"heading.default\">\n\t\t\t\t<div class=\"elementor-widget-container\">\n\t\t\t\t\t<h3 class=\"elementor-heading-title elementor-size-default\"><a href=\"https:\/\/www.street-moto-piece.fr\/blog\/fiche-entretien-moto\/yamaha\/\"><span style=\"font-size: 29px;text-transform: capitalize;white-space: normal\">Fiche d'entretien Moto Yamaha<\/span><\/a><\/h3>\t\t\t\t<\/div>\n\t\t\t\t<\/div>\n\t\t\t\t\t<\/div>\n\t\t<\/div>\n\t\t\t\t<div class=\"elementor-column elementor-col-50 elementor-top-column elementor-element elementor-element-fc2bfed\" data-id=\"fc2bfed\" data-element_type=\"column\" data-e-type=\"column\">\n\t\t\t<div class=\"elementor-widget-wrap elementor-element-populated\">\n\t\t\t\t\t\t<div class=\"elementor-element elementor-element-354d207 elementor-widget elementor-widget-image\" data-id=\"354d207\" data-element_type=\"widget\" data-e-type=\"widget\" data-widget_type=\"image.default\">\n\t\t\t\t<div class=\"elementor-widget-container\">\n\t\t\t\t\t\t\t\t\t\t\t\t\t\t\t<img loading=\"lazy\" decoding=\"async\" width=\"404\" height=\"90\" src=\"https:\/\/www.street-moto-piece.fr\/blog\/wp-content\/uploads\/2023\/02\/Logo-Yamaha.svg.png\" class=\"attachment-full size-full wp-image-1322\" alt=\"yamaha\" srcset=\"https:\/\/www.street-moto-piece.fr\/blog\/wp-content\/uploads\/2023\/02\/Logo-Yamaha.svg.png 404w, https:\/\/www.street-moto-piece.fr\/blog\/wp-content\/uploads\/2023\/02\/Logo-Yamaha.svg-300x67.png 300w\" sizes=\"(max-width: 404px) 100vw, 404px\" \/>\t\t\t\t\t\t\t\t\t\t\t\t\t\t\t<\/div>\n\t\t\t\t<\/div>\n\t\t\t\t\t<\/div>\n\t\t<\/div>\n\t\t\t\t\t<\/div>\n\t\t<\/section>\n\t\t\t\t<\/div>\n\t\t","protected":false},"excerpt":{"rendered":"<p>Fiche d&#8217;entretien moto D\u00e9couvrez sur Street Moto Pi\u00e8ce des guides et des conseils pour les motards. Entretenez au mieux votre moto, apprenez \u00e0 choisir vos \u00e9quipements moto et trouvez tout ce dont vous avez besoin pour rouler en toute tranquillit\u00e9. Fiche d&#8217;entretien Moto BMW Fiche d&#8217;entretien Moto Beta Fiche d&#8217;entretien Moto Honda Fiche d&#8217;entretien Moto [&hellip;]<\/p>\n","protected":false},"author":1,"featured_media":0,"parent":0,"menu_order":0,"comment_status":"closed","ping_status":"closed","template":"","meta":{"site-sidebar-layout":"no-sidebar","site-content-layout":"page-builder","ast-site-content-layout":"","site-content-style":"default","site-sidebar-style":"default","ast-global-header-display":"","ast-banner-title-visibility":"","ast-main-header-display":"","ast-hfb-above-header-display":"","ast-hfb-below-header-display":"","ast-hfb-mobile-header-display":"","site-post-title":"disabled","ast-breadcrumbs-content":"","ast-featured-img":"disabled","footer-sml-layout":"","theme-transparent-header-meta":"","adv-header-id-meta":"","stick-header-meta":"","header-above-stick-meta":"","header-main-stick-meta":"","header-below-stick-meta":"","astra-migrate-meta-layouts":"default","ast-page-background-enabled":"default","ast-page-background-meta":{"desktop":{"background-color":"var(--ast-global-color-4)","background-image":"","background-repeat":"repeat","background-position":"center center","background-size":"auto","background-attachment":"scroll","background-type":"","background-media":"","overlay-type":"","overlay-color":"","overlay-gradient":""},"tablet":{"background-color":"","background-image":"","background-repeat":"repeat","background-position":"center center","background-size":"auto","background-attachment":"scroll","background-type":"","background-media":"","overlay-type":"","overlay-color":"","overlay-gradient":""},"mobile":{"background-color":"","background-image":"","background-repeat":"repeat","background-position":"center center","background-size":"auto","background-attachment":"scroll","background-type":"","background-media":"","overlay-type":"","overlay-color":"","overlay-gradient":""}},"ast-content-background-meta":{"desktop":{"background-color":"var(--ast-global-color-5)","background-image":"","background-repeat":"repeat","background-position":"center center","background-size":"auto","background-attachment":"scroll","background-type":"","background-media":"","overlay-type":"","overlay-color":"","overlay-gradient":""},"tablet":{"background-color":"var(--ast-global-color-5)","background-image":"","background-repeat":"repeat","background-position":"center center","background-size":"auto","background-attachment":"scroll","background-type":"","background-media":"","overlay-type":"","overlay-color":"","overlay-gradient":""},"mobile":{"background-color":"var(--ast-global-color-5)","background-image":"","background-repeat":"repeat","background-position":"center center","background-size":"auto","background-attachment":"scroll","background-type":"","background-media":"","overlay-type":"","overlay-color":"","overlay-gradient":""}},"footnotes":""},"class_list":["post-741","page","type-page","status-publish","hentry"],"aioseo_notices":[],"_links":{"self":[{"href":"https:\/\/www.street-moto-piece.fr\/blog\/wp-json\/wp\/v2\/pages\/741","targetHints":{"allow":["GET"]}}],"collection":[{"href":"https:\/\/www.street-moto-piece.fr\/blog\/wp-json\/wp\/v2\/pages"}],"about":[{"href":"https:\/\/www.street-moto-piece.fr\/blog\/wp-json\/wp\/v2\/types\/page"}],"author":[{"embeddable":true,"href":"https:\/\/www.street-moto-piece.fr\/blog\/wp-json\/wp\/v2\/users\/1"}],"replies":[{"embeddable":true,"href":"https:\/\/www.street-moto-piece.fr\/blog\/wp-json\/wp\/v2\/comments?post=741"}],"version-history":[{"count":117,"href":"https:\/\/www.street-moto-piece.fr\/blog\/wp-json\/wp\/v2\/pages\/741\/revisions"}],"predecessor-version":[{"id":1567,"href":"https:\/\/www.street-moto-piece.fr\/blog\/wp-json\/wp\/v2\/pages\/741\/revisions\/1567"}],"wp:attachment":[{"href":"https:\/\/www.street-moto-piece.fr\/blog\/wp-json\/wp\/v2\/media?parent=741"}],"curies":[{"name":"wp","href":"https:\/\/api.w.org\/{rel}","templated":true}]}}